{"id":12,"date":"2022-09-06T13:06:49","date_gmt":"2022-09-06T13:06:49","guid":{"rendered":"https:\/\/mps-studio.de\/?page_id=12"},"modified":"2026-04-27T08:57:30","modified_gmt":"2026-04-27T08:57:30","slug":"startseite","status":"publish","type":"page","link":"https:\/\/mps-studio.de\/en\/","title":{"rendered":"Home page"},"content":{"rendered":"<p>[et_pb_section fb_built=&#8220;1&#8243; fullwidth=&#8220;on&#8220; _builder_version=&#8220;4.21.0&#8243; _module_preset=&#8220;default&#8220; background_color=&#8220;RGBA(255,255,255,0)&#8220; module_alignment=&#8220;center&#8220; global_colors_info=&#8220;{}&#8220;][et_pb_fullwidth_slider _builder_version=&#8220;4.21.0&#8243; _module_preset=&#8220;default&#8220; background_color=&#8220;RGBA(255,255,255,0)&#8220; custom_padding=&#8220;26%||26%||true|false&#8220; custom_padding_tablet=&#8220;37%||37%||true|false&#8220; custom_padding_phone=&#8220;50%||50%||true|false&#8220; custom_padding_last_edited=&#8220;on|tablet&#8220; global_colors_info=&#8220;{}&#8220;][et_pb_slide _builder_version=&#8220;4.19.4&#8243; _module_preset=&#8220;default&#8220; background_image=&#8220;https:\/\/mps-studio.de\/wp-content\/uploads\/2023\/01\/MPSStudio23.jpg&#8220; background_enable_image=&#8220;on&#8220; background_position=&#8220;bottom_center&#8220; global_colors_info=&#8220;{}&#8220; sticky_transition=&#8220;on&#8220;][\/et_pb_slide][et_pb_slide _builder_version=&#8220;4.20.0&#8243; _module_preset=&#8220;default&#8220; background_image=&#8220;https:\/\/mps-studio.de\/wp-content\/uploads\/2023\/01\/MPSStudio6.jpg&#8220; background_enable_image=&#8220;on&#8220; global_colors_info=&#8220;{}&#8220; sticky_transition=&#8220;on&#8220;][\/et_pb_slide][et_pb_slide _builder_version=&#8220;4.20.0&#8243; _module_preset=&#8220;default&#8220; background_image=&#8220;https:\/\/mps-studio.de\/wp-content\/uploads\/2023\/01\/MPSStudio19.jpg&#8220; background_enable_image=&#8220;on&#8220; global_colors_info=&#8220;{}&#8220; sticky_transition=&#8220;on&#8220;][\/et_pb_slide][\/et_pb_fullwidth_slider][\/et_pb_section][et_pb_section fb_built=&#8220;1&#8243; _builder_version=&#8220;4.19.4&#8243; _module_preset=&#8220;default&#8220; custom_padding=&#8220;0px||0px|||&#8220; global_colors_info=&#8220;{}&#8220;][et_pb_row column_structure=&#8220;1_2,1_2&#8243; use_custom_gutter=&#8220;on&#8220; gutter_width=&#8220;1&#8243; make_equal=&#8220;on&#8220; _builder_version=&#8220;4.20.0&#8243; _module_preset=&#8220;default&#8220; background_enable_color=&#8220;off&#8220; width=&#8220;100%&#8220; max_width=&#8220;100%&#8220; custom_padding=&#8220;0px||0px|||&#8220; global_colors_info=&#8220;{%22gcid-f86fc547-6fb1-4851-a4da-185adc5da480%22:%91%22background_color%22%93}&#8220;][et_pb_column type=&#8220;1_2&#8243; _builder_version=&#8220;4.19.4&#8243; _module_preset=&#8220;default&#8220; background_color=&#8220;gcid-e6a2262b-3cb4-4b64-8ffd-4137521881cd&#8220; custom_padding=&#8220;10%|4%|10%|4%|true|true&#8220; global_colors_info=&#8220;{%22gcid-e6a2262b-3cb4-4b64-8ffd-4137521881cd%22:%91%22background_color%22%93}&#8220;][et_pb_text _builder_version=&#8220;4.19.4&#8243; _module_preset=&#8220;default&#8220; global_colors_info=&#8220;{}&#8220;]<\/p>\n<h1>MPS-Studio Villingen<\/h1>\n<p>&nbsp;<\/p>\n<p style=\"font-weight: 400;\">Weit \u00fcber 1000 Aufnahmen sind seit Beginn der 60er Jahre im MPS-Studio (zu Beginn noch SABA-Studio) entstanden. Der Gr\u00fcnder des Studios und Plattenlabels Hans-Georg Brunner-Schwer (HGBS), Mitbesitzer des bekannten Radio- und TV-Herstellers SABA (Schwarzw\u00e4lder Apparate-Bau-Anstalt seit 1918 in Villingen), war selbst ein enthusiastischer Hobbypianist. 1944, als 17-J\u00e4hriger, wurde HGBS bei SABA aufgrund n\u00e4chtlichem Luftalarm zum Warndienst dienstverpflichtet, da Villingen in der Einflugschneise der Flugzeuge lag, die \u00fcber M\u00fcnchen Luftangriffe flogen. Den amerikanischen Piloten wurde \u00fcber Funk Jazzmusik gespielt, die HGBS mit technischen Ger\u00e4ten von SABA anpeilte. So h\u00f6rte er zum ersten Mal Glenn Miller \u201cIn The Mood\u201d, \u201cMoonlight Serenade\u201d oder \u201cSentimental Journey\u201d \u2013 und der Grundstein der Villinger Jazzgeschichte war gelegt. Mit dem Wirtschaftswunder kommt die gro\u00dfe Nachfrage nach Rundfunkger\u00e4ten. SABA hat einen Wettbewerbsvorteil, die Qualit\u00e4t aus dem Schwarzwald ist bekannt und die Konkurrenz f\u00fcrchtet &#8222;Made In The Black Forest&#8220;.<\/p>\n<p><span><\/span><\/p>\n<p><span><\/span><\/p>\n<p><span><\/span><\/p>\n<p><span><\/span><\/p>\n<p><span><\/span><\/p>\n<p><span><\/span><\/p>\n<p><span><\/span><\/p>\n<p><span><\/span><\/p>\n<p>&nbsp;<\/p>\n<p>[\/et_pb_text][et_pb_button button_url=&#8220;@ET-DC@eyJkeW5hbWljIjp0cnVlLCJjb250ZW50IjoicG9zdF9saW5rX3VybF9wYWdlIiwic2V0dGluZ3MiOnsicG9zdF9pZCI6IjMyMCJ9fQ==@&#8220; button_text=&#8220;weiterlesen&#8220; _builder_version=&#8220;4.19.4&#8243; _dynamic_attributes=&#8220;button_url&#8220; _module_preset=&#8220;default&#8220; global_colors_info=&#8220;{}&#8220;][\/et_pb_button][\/et_pb_column][et_pb_column type=&#8220;1_2&#8243; _builder_version=&#8220;4.19.4&#8243; _module_preset=&#8220;default&#8220; background_image=&#8220;https:\/\/mps-studio.de\/wp-content\/uploads\/2023\/01\/MPSStudio16.jpg&#8220; global_colors_info=&#8220;{}&#8220;][et_pb_divider show_divider=&#8220;off&#8220; _builder_version=&#8220;4.19.4&#8243; _module_preset=&#8220;default&#8220; min_height=&#8220;300px&#8220; global_colors_info=&#8220;{}&#8220;][\/et_pb_divider][\/et_pb_column][\/et_pb_row][\/et_pb_section][et_pb_section fb_built=&#8220;1&#8243; _builder_version=&#8220;4.24.2&#8243; _module_preset=&#8220;default&#8220; background_color=&#8220;#231F20&#8243; global_colors_info=&#8220;{}&#8220;][et_pb_row _builder_version=&#8220;4.23.4&#8243; _module_preset=&#8220;default&#8220; width=&#8220;90%&#8220; max_width=&#8220;90%&#8220; locked=&#8220;off&#8220; global_colors_info=&#8220;{}&#8220;][et_pb_column type=&#8220;4_4&#8243; _builder_version=&#8220;4.19.4&#8243; _module_preset=&#8220;default&#8220; global_colors_info=&#8220;{}&#8220;][et_pb_text _builder_version=&#8220;4.19.4&#8243; _module_preset=&#8220;default&#8220; text_orientation=&#8220;center&#8220; background_layout=&#8220;dark&#8220; global_colors_info=&#8220;{}&#8220;]<\/p>\n<h2>Tickets &amp; Events<\/h2>\n<p>[\/et_pb_text][et_pb_de_mach_archive_loop post_type_choose=&#8220;off|off|off|off|on|off|off&#8220; loop_layout=&#8220;100&#8243; posts_number=&#8220;20&#8243; acf_name=&#8220;field_63caa82322fb2&#8243; acf_value=&#8220;Geplantes Event,&#8220; sort_order=&#8220;menu_order&#8220; order_asc_desc=&#8220;DESC&#8220; enable_loadmore=&#8220;pagination&#8220; link_whole_gird=&#8220;on&#8220; equal_height=&#8220;on&#8220; align_last_bottom=&#8220;on&#8220; columns=&#8220;5&#8243; columns_mobile=&#8220;2&#8243; _builder_version=&#8220;4.27.4&#8243; _module_preset=&#8220;default&#8220; custom_button=&#8220;on&#8220; button_text_color=&#8220;#231F20&#8243; button_bg_color=&#8220;#FFFFFF&#8220; button_border_width=&#8220;5px&#8220; button_border_color=&#8220;#FFFFFF&#8220; button_border_radius=&#8220;55px&#8220; button_use_icon=&#8220;off&#8220; global_colors_info=&#8220;{}&#8220;][\/et_pb_de_mach_archive_loop][et_pb_button button_url=&#8220;@ET-DC@eyJkeW5hbWljIjp0cnVlLCJjb250ZW50IjoicG9zdF9saW5rX3VybF9wYWdlIiwic2V0dGluZ3MiOnsicG9zdF9pZCI6IjQ0NyJ9fQ==@&#8220; button_text=&#8220;vergangene Events&#8220; button_alignment=&#8220;center&#8220; _builder_version=&#8220;4.20.0&#8243; _dynamic_attributes=&#8220;button_url&#8220; _module_preset=&#8220;default&#8220; custom_button=&#8220;on&#8220; button_text_size=&#8220;15px&#8220; button_text_color=&#8220;#EDEDED&#8220; button_border_width=&#8220;0px&#8220; button_font=&#8220;DMSans-Regular||||||||&#8220; button_use_icon=&#8220;off&#8220; global_colors_info=&#8220;{}&#8220; button_bg_color__hover_enabled=&#8220;on|hover&#8220; button_bg_color__hover=&#8220;RGBA(255,255,255,0)&#8220; button_bg_enable_color__hover=&#8220;on&#8220;][\/et_pb_button][\/et_pb_column][\/et_pb_row][\/et_pb_section][et_pb_section fb_built=&#8220;1&#8243; _builder_version=&#8220;4.19.4&#8243; _module_preset=&#8220;default&#8220; custom_padding=&#8220;0px||0px|||&#8220; global_colors_info=&#8220;{}&#8220;][et_pb_row column_structure=&#8220;1_2,1_2&#8243; use_custom_gutter=&#8220;on&#8220; gutter_width=&#8220;1&#8243; make_equal=&#8220;on&#8220; _builder_version=&#8220;4.19.4&#8243; _module_preset=&#8220;default&#8220; background_enable_color=&#8220;off&#8220; width=&#8220;100%&#8220; max_width=&#8220;100%&#8220; custom_padding=&#8220;0px||0px|||&#8220; custom_css_main_element=&#8220;display: flex;||flex-wrap: wrap;&#8220; global_colors_info=&#8220;{%22gcid-f86fc547-6fb1-4851-a4da-185adc5da480%22:%91%22background_color%22%93}&#8220;][et_pb_column type=&#8220;1_2&#8243; _builder_version=&#8220;4.19.4&#8243; _module_preset=&#8220;default&#8220; background_image=&#8220;https:\/\/mps-studio.de\/wp-content\/uploads\/2023\/01\/MPSStudio19.jpg&#8220; custom_css_main_element=&#8220;order:2&#8243; global_colors_info=&#8220;{}&#8220;][et_pb_divider show_divider=&#8220;off&#8220; _builder_version=&#8220;4.19.4&#8243; _module_preset=&#8220;default&#8220; min_height=&#8220;300px&#8220; global_colors_info=&#8220;{}&#8220;][\/et_pb_divider][\/et_pb_column][et_pb_column type=&#8220;1_2&#8243; _builder_version=&#8220;4.19.4&#8243; _module_preset=&#8220;default&#8220; background_color=&#8220;gcid-e6a2262b-3cb4-4b64-8ffd-4137521881cd&#8220; custom_padding=&#8220;10%|4%|10%|4%|true|true&#8220; global_colors_info=&#8220;{%22gcid-e6a2262b-3cb4-4b64-8ffd-4137521881cd%22:%91%22background_color%22%93}&#8220; custom_css_main_element_last_edited=&#8220;on|tablet&#8220; custom_css_main_element_tablet=&#8220;order:1&#8243; custom_css_main_element_phone=&#8220;order:1&#8243;][et_pb_text _builder_version=&#8220;4.19.4&#8243; _module_preset=&#8220;default&#8220; global_colors_info=&#8220;{}&#8220;]<\/p>\n<h2>Studio<\/h2>\n<p>&nbsp;<\/p>\n<p>Mit rund 100m2 Fl\u00e4che f\u00fcr Aufnahmen, einem separaten Schlagzeug- sowie dem gro\u00dfz\u00fcgigen Regieraum verf\u00fcgt das MPS-Studio \u00fcber genug Platz f\u00fcr professionelle Tonaufnahmen. Ein Aufenthaltsraum und eine Teek\u00fcche\/Bar runden die R\u00e4umlichkeiten des Studios ab und bieten eine au\u00dfergew\u00f6hnliche, gastfreundliche Atmosph\u00e4re an diesem besonderen historischen Ort. F\u00fcr Pianoaufnahmen steht ein B\u00f6sendorfer Grand Imperial Konzertfl\u00fcgel, zur Verf\u00fcgung. Augenblicklich wird neben digitalem Recording auch analoges Aufnehmen auf 2-Spur Tonband angeboten. In absehbarer Zeit sind auch wieder analoge Aufnahmen mit der 24-Spur Ampex sowie der 4-Spur Telefunken im Angebot.<\/p>\n<p>[\/et_pb_text][et_pb_button button_url=&#8220;@ET-DC@eyJkeW5hbWljIjp0cnVlLCJjb250ZW50IjoicG9zdF9saW5rX3VybF9wYWdlIiwic2V0dGluZ3MiOnsicG9zdF9pZCI6IjMyMyJ9fQ==@&#8220; button_text=&#8220;weiterlesen \/ Anfrage Studioufnahme&#8220; _builder_version=&#8220;4.19.4&#8243; _dynamic_attributes=&#8220;button_url&#8220; _module_preset=&#8220;default&#8220; global_colors_info=&#8220;{}&#8220;][\/et_pb_button][\/et_pb_column][\/et_pb_row][et_pb_row column_structure=&#8220;1_2,1_2&#8243; use_custom_gutter=&#8220;on&#8220; gutter_width=&#8220;1&#8243; make_equal=&#8220;on&#8220; _builder_version=&#8220;4.19.4&#8243; _module_preset=&#8220;default&#8220; background_enable_color=&#8220;off&#8220; width=&#8220;100%&#8220; max_width=&#8220;100%&#8220; custom_padding=&#8220;0px||0px|||&#8220; global_colors_info=&#8220;{%22gcid-f86fc547-6fb1-4851-a4da-185adc5da480%22:%91%22background_color%22%93}&#8220;][et_pb_column type=&#8220;1_2&#8243; _builder_version=&#8220;4.19.4&#8243; _module_preset=&#8220;default&#8220; background_color=&#8220;gcid-e6a2262b-3cb4-4b64-8ffd-4137521881cd&#8220; custom_padding=&#8220;10%|4%|10%|4%|true|true&#8220; global_colors_info=&#8220;{%22gcid-e6a2262b-3cb4-4b64-8ffd-4137521881cd%22:%91%22background_color%22%93}&#8220;][et_pb_text _builder_version=&#8220;4.19.4&#8243; _module_preset=&#8220;default&#8220; global_colors_info=&#8220;{}&#8220;]<\/p>\n<h2>F\u00fchrungEN<\/h2>\n<h2>+ Konzerte<\/h2>\n<p>&nbsp;<\/p>\n<p>Jedes Jahr zum Tag des offenen Denkmals pr\u00e4sentiert sich das MPS-Studio der \u00d6ffentlichkeit. Auch sonst gibt es im Rahmen unserer Veranstaltungen die M\u00f6glichkeit das Studio zu besichtigen. Der Verein bietet f\u00fcr Gruppen ab 12 Personen F\u00fchrungen an. F\u00fcr Firmenfeiern, Pr\u00e4sentationen und andere Festivit\u00e4ten gibt es die M\u00f6glichkeit das MPS-Studio f\u00fcr F\u00fchrungen zu buchen. M\u00f6chten Sie dazu Livemusik oder ein Buffet? Schreiben Sie uns ihre Ideen und wir melden uns. Studiokonzerte haben eine Tradition im MPS-Studio. Jazz, Klassik, Avantgarde, Noise. Unser Publikum ist sehr aufgeschlossen!\u00a0<\/p>\n<p>[\/et_pb_text][et_pb_button button_url=&#8220;@ET-DC@eyJkeW5hbWljIjp0cnVlLCJjb250ZW50IjoicG9zdF9saW5rX3VybF9wYWdlIiwic2V0dGluZ3MiOnsicG9zdF9pZCI6IjQxNiJ9fQ==@&#8220; button_text=&#8220;Weiterlesen \/ Anfrage F\u00fchrung&#8220; _builder_version=&#8220;4.19.4&#8243; _dynamic_attributes=&#8220;button_url&#8220; _module_preset=&#8220;default&#8220; global_colors_info=&#8220;{}&#8220;][\/et_pb_button][\/et_pb_column][et_pb_column type=&#8220;1_2&#8243; _builder_version=&#8220;4.19.4&#8243; _module_preset=&#8220;default&#8220; background_image=&#8220;https:\/\/mps-studio.de\/wp-content\/uploads\/2023\/01\/MPSStudio6.jpg&#8220; global_colors_info=&#8220;{}&#8220;][et_pb_divider show_divider=&#8220;off&#8220; _builder_version=&#8220;4.19.4&#8243; _module_preset=&#8220;default&#8220; min_height=&#8220;300px&#8220; global_colors_info=&#8220;{}&#8220;][\/et_pb_divider][\/et_pb_column][\/et_pb_row][et_pb_row column_structure=&#8220;1_2,1_2&#8243; use_custom_gutter=&#8220;on&#8220; gutter_width=&#8220;1&#8243; make_equal=&#8220;on&#8220; _builder_version=&#8220;4.20.0&#8243; _module_preset=&#8220;default&#8220; background_enable_color=&#8220;off&#8220; width=&#8220;100%&#8220; max_width=&#8220;100%&#8220; custom_padding=&#8220;0px||0px|||&#8220; custom_css_main_element=&#8220;display: flex;||flex-wrap: wrap;&#8220; global_colors_info=&#8220;{%22gcid-f86fc547-6fb1-4851-a4da-185adc5da480%22:%91%22background_color%22%93}&#8220;][et_pb_column type=&#8220;1_2&#8243; _builder_version=&#8220;4.20.0&#8243; _module_preset=&#8220;default&#8220; background_image=&#8220;https:\/\/mps-studio.de\/wp-content\/uploads\/2023\/05\/MPS-Studio-Aussen-1.jpg&#8220; global_colors_info=&#8220;{}&#8220; custom_css_before_last_edited=&#8220;off|tablet&#8220; custom_css_main_element_last_edited=&#8220;on|tablet&#8220; custom_css_main_element_tablet=&#8220;order:2&#8243; custom_css_main_element_phone=&#8220;order:2&#8243;][et_pb_divider show_divider=&#8220;off&#8220; _builder_version=&#8220;4.19.4&#8243; _module_preset=&#8220;default&#8220; min_height=&#8220;300px&#8220; global_colors_info=&#8220;{}&#8220;][\/et_pb_divider][\/et_pb_column][et_pb_column type=&#8220;1_2&#8243; _builder_version=&#8220;4.19.4&#8243; _module_preset=&#8220;default&#8220; background_color=&#8220;gcid-e6a2262b-3cb4-4b64-8ffd-4137521881cd&#8220; custom_padding=&#8220;10%|4%|10%|4%|true|true&#8220; global_colors_info=&#8220;{%22gcid-e6a2262b-3cb4-4b64-8ffd-4137521881cd%22:%91%22background_color%22%93}&#8220; custom_css_main_element_last_edited=&#8220;on|tablet&#8220; custom_css_main_element_tablet=&#8220;order:1&#8243; custom_css_main_element_phone=&#8220;order:1&#8243;][et_pb_text _builder_version=&#8220;4.19.4&#8243; _module_preset=&#8220;default&#8220; global_colors_info=&#8220;{}&#8220;]<\/p>\n<h2>\u00dcber uns<\/h2>\n<p>&nbsp;<\/p>\n<p>Der Verein MPS-Studio e.V. wird von uns 2022 in Villingen gegr\u00fcndet. Wir sind eine Gruppe bestehend aus Kulturschaffenden, Kunsthistorikerinnen, Designer, Musikproduzenten, Tontechniker, P\u00e4dagogInnen und Menschen aus der regionalen Industrie. Uns verbindet die Liebe zur Musik, zu diesem besonderen historischen Ort und der Wunsch, dieses einzigartige Denkmal nicht nur zu sch\u00fctzen und zu verwalten, sondern es auch der \u00d6ffentlichkeit zug\u00e4nglich zu machen.<\/p>\n<p>[\/et_pb_text][et_pb_button button_url=&#8220;@ET-DC@eyJkeW5hbWljIjp0cnVlLCJjb250ZW50IjoicG9zdF9saW5rX3VybF9wYWdlIiwic2V0dGluZ3MiOnsicG9zdF9pZCI6IjM3NSJ9fQ==@&#8220; button_text=&#8220;Weiterlesen \/ MPS Verein&#8220; _builder_version=&#8220;4.19.4&#8243; _dynamic_attributes=&#8220;button_url&#8220; _module_preset=&#8220;default&#8220; global_colors_info=&#8220;{}&#8220;][\/et_pb_button][et_pb_button button_url=&#8220;@ET-DC@eyJkeW5hbWljIjp0cnVlLCJjb250ZW50IjoicG9zdF9saW5rX3VybF9wYWdlIiwic2V0dGluZ3MiOnsicG9zdF9pZCI6IjM5NSJ9fQ==@&#8220; button_text=&#8220;Online Mitglied werden&#8220; _builder_version=&#8220;4.19.4&#8243; _dynamic_attributes=&#8220;button_url&#8220; _module_preset=&#8220;default&#8220; global_colors_info=&#8220;{}&#8220;][\/et_pb_button][\/et_pb_column][\/et_pb_row][\/et_pb_section][et_pb_section fb_built=&#8220;1&#8243; _builder_version=&#8220;4.27.4&#8243; _module_preset=&#8220;default&#8220; custom_padding=&#8220;0px||0px|||&#8220; global_module=&#8220;346&#8243; saved_tabs=&#8220;all&#8220; locked=&#8220;off&#8220; global_colors_info=&#8220;{}&#8220;][et_pb_row _builder_version=&#8220;4.27.5&#8243; _module_preset=&#8220;default&#8220; width=&#8220;89%&#8220; max_width=&#8220;89%&#8220; global_colors_info=&#8220;{}&#8220;][et_pb_column type=&#8220;4_4&#8243; _builder_version=&#8220;4.19.4&#8243; _module_preset=&#8220;default&#8220; global_colors_info=&#8220;{}&#8220;][et_pb_de_mach_archive_loop post_type_choose=&#8220;post&#8220; loop_style=&#8220;loop_templates&#8220; posts_number=&#8220;12&#8243; sort_order=&#8220;menu_order&#8220; enable_loadmore=&#8220;pagination&#8220; equal_height=&#8220;on&#8220; align_last_bottom=&#8220;on&#8220; date_format=&#8220;d.m.Y&#8220; excerpt_length=&#8220;30&#8243; _builder_version=&#8220;4.27.5&#8243; _module_preset=&#8220;default&#8220; title_font_size=&#8220;22px&#8220; custom_css_main_element=&#8220;||&#8220; locked=&#8220;off&#8220; global_colors_info=&#8220;{}&#8220;][\/et_pb_de_mach_archive_loop][\/et_pb_column][\/et_pb_row][\/et_pb_section]<\/p>\n","protected":false},"excerpt":{"rendered":"<p>MPS-Studio Villingen &nbsp; Weit \u00fcber 1000 Aufnahmen sind seit Beginn der 60er Jahre im MPS-Studio (zu Beginn noch SABA-Studio) entstanden. Der Gr\u00fcnder des Studios und Plattenlabels Hans-Georg Brunner-Schwer (HGBS), Mitbesitzer des bekannten Radio- und TV-Herstellers SABA (Schwarzw\u00e4lder Apparate-Bau-Anstalt seit 1918 in Villingen), war selbst ein enthusiastischer Hobbypianist. 1944, als 17-J\u00e4hriger, wurde HGBS bei SABA aufgrund [&hellip;]<\/p>\n","protected":false},"author":1,"featured_media":0,"parent":0,"menu_order":0,"comment_status":"closed","ping_status":"closed","template":"","meta":{"_acf_changed":false,"_et_pb_use_builder":"on","_et_pb_old_content":"<!-- wp:divi\/placeholder \/-->","_et_gb_content_width":"","iawp_total_views":6721,"footnotes":""},"dipi_cpt_category":[],"class_list":["post-12","page","type-page","status-publish","hentry"],"acf":[],"_links":{"self":[{"href":"https:\/\/mps-studio.de\/en\/wp-json\/wp\/v2\/pages\/12","targetHints":{"allow":["GET"]}}],"collection":[{"href":"https:\/\/mps-studio.de\/en\/wp-json\/wp\/v2\/pages"}],"about":[{"href":"https:\/\/mps-studio.de\/en\/wp-json\/wp\/v2\/types\/page"}],"author":[{"embeddable":true,"href":"https:\/\/mps-studio.de\/en\/wp-json\/wp\/v2\/users\/1"}],"replies":[{"embeddable":true,"href":"https:\/\/mps-studio.de\/en\/wp-json\/wp\/v2\/comments?post=12"}],"version-history":[{"count":7,"href":"https:\/\/mps-studio.de\/en\/wp-json\/wp\/v2\/pages\/12\/revisions"}],"predecessor-version":[{"id":5922,"href":"https:\/\/mps-studio.de\/en\/wp-json\/wp\/v2\/pages\/12\/revisions\/5922"}],"wp:attachment":[{"href":"https:\/\/mps-studio.de\/en\/wp-json\/wp\/v2\/media?parent=12"}],"wp:term":[{"taxonomy":"dipi_cpt_category","embeddable":true,"href":"https:\/\/mps-studio.de\/en\/wp-json\/wp\/v2\/dipi_cpt_category?post=12"}],"curies":[{"name":"wp","href":"https:\/\/api.w.org\/{rel}","templated":true}]}}