{"id":320,"date":"2023-01-17T16:57:16","date_gmt":"2023-01-17T16:57:16","guid":{"rendered":"https:\/\/mps-studio.de\/?page_id=320"},"modified":"2023-02-24T20:57:50","modified_gmt":"2023-02-24T20:57:50","slug":"history","status":"publish","type":"page","link":"https:\/\/mps-studio.de\/en\/history","title":{"rendered":"History"},"content":{"rendered":"<p>[et_pb_section fb_built=&#8220;1&#8243; _builder_version=&#8220;4.19.4&#8243; _module_preset=&#8220;default&#8220; background_color=&#8220;gcid-e6a2262b-3cb4-4b64-8ffd-4137521881cd&#8220; hover_enabled=&#8220;0&#8243; global_colors_info=&#8220;{%22gcid-e6a2262b-3cb4-4b64-8ffd-4137521881cd%22:%91%22background_color%22%93}&#8220; sticky_enabled=&#8220;0&#8243;][et_pb_row column_structure=&#8220;1_2,1_2&#8243; use_custom_gutter=&#8220;on&#8220; gutter_width=&#8220;1&#8243; make_equal=&#8220;on&#8220; _builder_version=&#8220;4.19.4&#8243; _module_preset=&#8220;default&#8220; background_enable_color=&#8220;off&#8220; global_colors_info=&#8220;{%22gcid-f86fc547-6fb1-4851-a4da-185adc5da480%22:%91%22background_color%22%93}&#8220;][et_pb_column type=&#8220;1_2&#8243; _builder_version=&#8220;4.19.4&#8243; _module_preset=&#8220;default&#8220; background_color=&#8220;gcid-e6a2262b-3cb4-4b64-8ffd-4137521881cd&#8220; custom_padding=&#8220;0%|4%|0%|4%|true|true&#8220; global_colors_info=&#8220;{%22gcid-e6a2262b-3cb4-4b64-8ffd-4137521881cd%22:%91%22background_color%22%93}&#8220;][et_pb_text _builder_version=&#8220;4.19.4&#8243; _module_preset=&#8220;default&#8220; hover_enabled=&#8220;0&#8243; global_colors_info=&#8220;{}&#8220; sticky_enabled=&#8220;0&#8243;]<\/p>\n<h2>History<\/h2>\n<p style=\"font-weight: 400;\">Weit \u00fcber 1000 Aufnahmen sind seit Beginn der 60er Jahre im MPS-Studio (zu Beginn noch SABA-Studio) entstanden. Der Gr\u00fcnder des Studios und Plattenlabels Hans-Georg Brunner-Schwer (HGBS), Mitbesitzer des bekannten Radio- und TV- Herstellers SABA (Schwarzw\u00e4lder Apparate-Bau-Anstalt seit 1918 in Villingen), war selbst ein enthusiastischer Hobbypianist. 1944, als 17-J\u00e4hriger, wurde HGBS bei SABA aufgrund n\u00e4chtlichem Luftalarm zum Warndienst dienstverpflichtet, da Villingen in der Einflugschneise der Flugzeuge lag, die \u00fcber M\u00fcnchen Luftangriffe flogen. Den amerikanischen Piloten wurde \u00fcber Funk Jazzmusik gespielt, die HGBS mit technischen Ger\u00e4ten von SABA anpeilte. So h\u00f6rte er zum ersten Mal Glenn Miller \u201cIn The Mood\u201d, \u201cMoonlight Serenade\u201d oder \u201cSentimental Journey\u201d \u2013 und der Grundstein der Villinger Jazzgeschichte war gelegt. Mit dem Wirtschaftswunder kommt die gro\u00dfe Nachfrage nach Rundfunkger\u00e4ten. SABA hat einen Wettbewerbsvorteil, die Qualit\u00e4t aus dem Schwarzwald ist bekannt und die Konkurrenz f\u00fcrchtet Made In The Black Forest.<\/p>\n<p>Bereits 1963 ver\u00f6ffentlicht HGBS Jazzaufnahmen (Tonband und Vinyl) auf seinem SABA-Label. Doch auch Klassik, Pop- und die gehobene Unterhaltungsmusik werden in den R\u00e4umen einer ehemaligen Nudelfabrik, nahe am SABA-Gel\u00e4nde und der Villa von HGBS, aufgenommen.<\/p>\n<p>Viele ber\u00fchmte Jazzmusiker sind hier zu Gast und es gibt exklusive Hauskonzerte in der privaten Villa von HGBS, die auch mit einem kleinen Studio ausgestattet wird. Duke Ellington oder Oscar Peterson und viele andere kommen in den Genuss von bald legend\u00e4r guter Gastfreundschaft und exzellenten Tonaufnahmen.<\/p>\n<p>Mit dem Verkauf der Firma SABA 1968 an General Telephone &amp; Electronics (GTE) muss sich das Studio umbenennen: MPS! MPS steht f\u00fcr Musik Produktion Schwarzwald, sp\u00e4ter auch gerne liebevoll mit the Most Perfect Sound umschrieben.<\/p>\n<p>Mit dem Label MPS wird die komplette Bandbreite des Jazz abgebildet, von Free- bis Pianojazz, von Akkordeonjazz, Big Band Jazz bis Vokaljazz \u2013 ein unglaubliches Repertoire an hochkar\u00e4tigen Aufnahmen entstehen hier in der bis dato musikalisch unauff\u00e4lligen s\u00fcddeutschen Provinz.<\/p>\n<p>Deutschsprachige wie europ\u00e4ische MusikerInnen ver\u00f6ffentlichen hier ihre Platten: Ir\u00e8ne Schweizer, Wolfgang Dauner, Albert Mangelsdorff, Volker Kriegel, Jasper van\u2019t Hof, Hans Koller, Peter Herbolzheimer, Joachim und Rolf K\u00fchn, Friedrich Gulda wie aber auch zahlreiche Jazz Granden aus \u00dcbersee: Oscar Peterson, Bill Evans, Monty Alexander, George Duke, Clark Terry, Lee Konitz, Don Cherry, Sun Ra, Milt Buckner, Cecil Taylor, Dave Pike, Baden Powell, den Singers Unlimited und viele andere.<\/p>\n<p>Die wichtigsten Produzenten neben HGBS sind Joachim-Ernst Berendt, der f\u00fcr MPS u.a. die Serie Jazz meets the World produziert und den Grundstein f\u00fcr das Genre Weltmusik legt. Im angestaubten Nachkriegsdeutschland leistet Berendt Pionierarbeit f\u00fcr den Jazz in Deutschland mit B\u00fcchern, TV- und Radiosendungen oder der k\u00fcnstlerischen Leitung der Festivals Berliner Jazztage, Donaueschinger Musiktage und Baden-Baden New Jazz Meeting. Zahlreiche Produktionen Berendts f\u00fcr SABA und MPS sind Meilensteine der deutschen Jazzgeschichte. Zweifelsohne hat Berendt das Repertoire des MPS-Labels entscheidend mitgepr\u00e4gt.<\/p>\n<p>Der Jazzmusiker, Komponist, Tonmeister und Musikproduzent Willi Fruth, bereits 1963 Produktionschef des Labels SABA, ist ab 1968 auch bei MPS in dieser Funktion f\u00fcr zahlreiche Produktionen verantwortlich.<\/p>\n<p>Die Tonmeisterlegende Rolf Donner kommt aus Leipzig, wo er in der Nachbarschaft der Jazzlegenden Rolf und Joachim K\u00fchn aufwuchs. Urspr\u00fcnglich beim S\u00fcdwestfunk Baden-Baden t\u00e4tig wird er von HGBS eingeladen in Villingen das Tonstudio mit aufzubauen und tr\u00e4gt Verantwortung f\u00fcr zahlreiche legend\u00e4re Aufnahmen ab den 60er Jahren.<\/p>\n<p>Die besondere Qualit\u00e4t der Aufnahmen ist dem Anspruch von HGBS und seinen Tonmeistern, Produzenten und R\u00e4umlichkeiten, aber auch der speziellen Atmosph\u00e4re geschuldet. Zeit und Geld spielt weniger eine Rolle. Oft wird bis tief in die Nacht gearbeitet und auch gerne gefeiert.<\/p>\n<p>Oscar Peterson zu HGBS:<\/p>\n<p><em>&#8222;Wei\u00dft Du, jetzt spiele ich nur f\u00fcr das Mikrofon und f\u00fcr dich und nicht in irgendeinem Studio, wo es hei\u00dft, Du hast zwei Stunden Zeit und dann musst Du mit der Aufnahme fertig sein und das Studio verlassen. Bei dir kann ich stundenlang spielen, solange ich will, bis es uns beiden gef\u00e4llt.&#8220;<\/em> (Buch Jazzin\u2018 The Black Forest \/ Crippled Library \/ 1999)<\/p>\n<p>Nathan Davis:<\/p>\n<p>&#8222;<em>We went to Villingen to do that recording date (Happy Girl). One thing I remember about that session was that we got paid even before we&#8217;d finished the music. That shocked me. It had never happened to me before! And during the break they asked us what we wanted to eat. Fried chicken, steak, whatever. And we got it. I said \u201eWhat? Jazz musicians and being treated like this?&#8220; They got us everything we wanted. It was incredible.<\/em>\u201c<br \/>(Buch Jazzin\u2018 The Black Forest \/ Crippled Library \/ 1999)<\/p>\n<p>Dieter Reith \u00fcber HGBS:<\/p>\n<p><em>&#8222;Andere Pers\u00f6nlichkeiten seines Kalibers investierten ihr Geld in Yachten und Parties, er produzierte Jazz und half Musikern ihre musikalischen Tr\u00e4ume zu verwirklichen. Er schuf damit einen einzigartigen Jazz-Katalog, der in der Welt seinesgleichen sucht.&#8220;<\/em><br \/>(Buch Jazzin\u2018 The Black Forest \/ Crippled Library \/ 1999)<\/p>\n<p>Die Liebe, Faszination und Leidenschaft zur Musik sowie die Umsetzung im Studio hat Priorit\u00e4t f\u00fcr HGBS.\u00a0So verwundert es nicht, dass manche Perle es nie zu einer gr\u00f6\u00dferen Auflage geschafft hat, obwohl genug Potential vorhanden war. Diese Platten werden heute zu hohen Preisen gehandelt.<\/p>\n<p>Anfang der 80er Jahre verkauft HGBS seinen Katalog an die Polygram und produziert noch viele Jahre unter dem Label HGBS weiter. Im Jahre 2004 stirbt Hans-Georg Brunner-Schwer bei einem Verkehrsunfall unweit seiner Wirkungsst\u00e4tte.<\/p>\n<p>[\/et_pb_text][\/et_pb_column][et_pb_column type=&#8220;1_2&#8243; _builder_version=&#8220;4.19.4&#8243; _module_preset=&#8220;default&#8220; background_enable_image=&#8220;off&#8220; global_colors_info=&#8220;{}&#8220;][dipi_masonry_gallery gallery_ids=&#8220;343,342,341,340,339,338,337,336&#8243; columns=&#8220;1&#8243; _builder_version=&#8220;4.19.4&#8243; _module_preset=&#8220;default&#8220; global_colors_info=&#8220;{}&#8220;][\/dipi_masonry_gallery][\/et_pb_column][\/et_pb_row][et_pb_row _builder_version=&#8220;4.19.4&#8243; _module_preset=&#8220;default&#8220; global_colors_info=&#8220;{}&#8220;][et_pb_column type=&#8220;4_4&#8243; _builder_version=&#8220;4.19.4&#8243; _module_preset=&#8220;default&#8220; global_colors_info=&#8220;{}&#8220;][dipi_masonry_gallery gallery_ids=&#8220;335,334,333,332,331,330,329,328&#8243; columns=&#8220;3&#8243; _builder_version=&#8220;4.19.4&#8243; _module_preset=&#8220;default&#8220; global_colors_info=&#8220;{}&#8220;][\/dipi_masonry_gallery][\/et_pb_column][\/et_pb_row][\/et_pb_section][et_pb_section fb_built=&#8220;1&#8243; disabled_on=&#8220;off|off|off&#8220; _builder_version=&#8220;4.19.4&#8243; _module_preset=&#8220;default&#8220; background_color=&#8220;#231F20&#8243; disabled=&#8220;on&#8220; global_module=&#8220;345&#8243; saved_tabs=&#8220;all&#8220; locked=&#8220;off&#8220; global_colors_info=&#8220;{}&#8220;][et_pb_row _builder_version=&#8220;4.20.0&#8243; _module_preset=&#8220;default&#8220; width=&#8220;90%&#8220; max_width=&#8220;90%&#8220; global_colors_info=&#8220;{}&#8220;][et_pb_column type=&#8220;4_4&#8243; _builder_version=&#8220;4.19.4&#8243; _module_preset=&#8220;default&#8220; global_colors_info=&#8220;{}&#8220;][et_pb_text _builder_version=&#8220;4.19.4&#8243; _module_preset=&#8220;default&#8220; text_orientation=&#8220;center&#8220; background_layout=&#8220;dark&#8220; global_colors_info=&#8220;{}&#8220;]<\/p>\n<h2>Tickets &amp; Events<\/h2>\n<p>[\/et_pb_text][et_pb_de_mach_archive_loop post_type_choose=&#8220;off|off|off|off|on|off|off&#8220; loop_layout=&#8220;100&#8243; acf_name=&#8220;field_63caa82322fb2&#8243; acf_value=&#8220;Geplantes Event,&#8220; sort_order=&#8220;menu_order&#8220; enable_loadmore=&#8220;pagination&#8220; link_whole_gird=&#8220;on&#8220; equal_height=&#8220;on&#8220; align_last_bottom=&#8220;on&#8220; columns=&#8220;5&#8243; columns_mobile=&#8220;2&#8243; _builder_version=&#8220;4.20.0&#8243; _module_preset=&#8220;default&#8220; custom_button=&#8220;on&#8220; button_text_color=&#8220;#231F20&#8243; button_bg_color=&#8220;#FFFFFF&#8220; button_border_width=&#8220;5px&#8220; button_border_color=&#8220;#FFFFFF&#8220; button_border_radius=&#8220;55px&#8220; button_use_icon=&#8220;off&#8220; global_colors_info=&#8220;{}&#8220;][\/et_pb_de_mach_archive_loop][et_pb_button button_url=&#8220;@ET-DC@eyJkeW5hbWljIjp0cnVlLCJjb250ZW50IjoicG9zdF9saW5rX3VybF9wYWdlIiwic2V0dGluZ3MiOnsicG9zdF9pZCI6IjQ0NyJ9fQ==@&#8220; button_text=&#8220;vergangene Events&#8220; button_alignment=&#8220;center&#8220; _builder_version=&#8220;4.20.0&#8243; _dynamic_attributes=&#8220;button_url&#8220; _module_preset=&#8220;default&#8220; custom_button=&#8220;on&#8220; button_text_size=&#8220;15px&#8220; button_text_color=&#8220;#EDEDED&#8220; button_border_width=&#8220;0px&#8220; button_font=&#8220;DMSans-Regular||||||||&#8220; button_use_icon=&#8220;off&#8220; global_colors_info=&#8220;{}&#8220; button_bg_color__hover_enabled=&#8220;on|hover&#8220; button_bg_color__hover=&#8220;RGBA(255,255,255,0)&#8220; button_bg_enable_color__hover=&#8220;on&#8220;][\/et_pb_button][\/et_pb_column][\/et_pb_row][\/et_pb_section][et_pb_section fb_built=&#8220;1&#8243; _builder_version=&#8220;4.19.4&#8243; _module_preset=&#8220;default&#8220; custom_padding=&#8220;0px||0px|||&#8220; global_module=&#8220;346&#8243; saved_tabs=&#8220;all&#8220; locked=&#8220;off&#8220; global_colors_info=&#8220;{}&#8220;][et_pb_row _builder_version=&#8220;4.19.4&#8243; _module_preset=&#8220;default&#8220; width=&#8220;98%&#8220; max_width=&#8220;98%&#8220; global_colors_info=&#8220;{}&#8220;][et_pb_column type=&#8220;4_4&#8243; _builder_version=&#8220;4.19.4&#8243; _module_preset=&#8220;default&#8220; global_colors_info=&#8220;{}&#8220;][et_pb_image src=&#8220;https:\/\/mps-studio.de\/wp-content\/uploads\/2023\/01\/Sponsoren.jpg&#8220; title_text=&#8220;Sponsoren&#8220; _builder_version=&#8220;4.19.4&#8243; _module_preset=&#8220;default&#8220; global_colors_info=&#8220;{}&#8220;][\/et_pb_image][\/et_pb_column][\/et_pb_row][\/et_pb_section]<\/p>\n","protected":false},"excerpt":{"rendered":"<p>History Weit \u00fcber 1000 Aufnahmen sind seit Beginn der 60er Jahre im MPS-Studio (zu Beginn noch SABA-Studio) entstanden. Der Gr\u00fcnder des Studios und Plattenlabels Hans-Georg Brunner-Schwer (HGBS), Mitbesitzer des bekannten Radio- und TV- Herstellers SABA (Schwarzw\u00e4lder Apparate-Bau-Anstalt seit 1918 in Villingen), war selbst ein enthusiastischer Hobbypianist. 1944, als 17-J\u00e4hriger, wurde HGBS bei SABA aufgrund n\u00e4chtlichem [&hellip;]<\/p>\n","protected":false},"author":1,"featured_media":0,"parent":0,"menu_order":0,"comment_status":"closed","ping_status":"closed","template":"","meta":{"_acf_changed":false,"_et_pb_use_builder":"on","_et_pb_old_content":"","_et_gb_content_width":"","iawp_total_views":1447,"footnotes":""},"dipi_cpt_category":[],"class_list":["post-320","page","type-page","status-publish","hentry"],"acf":[],"_links":{"self":[{"href":"https:\/\/mps-studio.de\/en\/wp-json\/wp\/v2\/pages\/320","targetHints":{"allow":["GET"]}}],"collection":[{"href":"https:\/\/mps-studio.de\/en\/wp-json\/wp\/v2\/pages"}],"about":[{"href":"https:\/\/mps-studio.de\/en\/wp-json\/wp\/v2\/types\/page"}],"author":[{"embeddable":true,"href":"https:\/\/mps-studio.de\/en\/wp-json\/wp\/v2\/users\/1"}],"replies":[{"embeddable":true,"href":"https:\/\/mps-studio.de\/en\/wp-json\/wp\/v2\/comments?post=320"}],"version-history":[{"count":5,"href":"https:\/\/mps-studio.de\/en\/wp-json\/wp\/v2\/pages\/320\/revisions"}],"predecessor-version":[{"id":997,"href":"https:\/\/mps-studio.de\/en\/wp-json\/wp\/v2\/pages\/320\/revisions\/997"}],"wp:attachment":[{"href":"https:\/\/mps-studio.de\/en\/wp-json\/wp\/v2\/media?parent=320"}],"wp:term":[{"taxonomy":"dipi_cpt_category","embeddable":true,"href":"https:\/\/mps-studio.de\/en\/wp-json\/wp\/v2\/dipi_cpt_category?post=320"}],"curies":[{"name":"wp","href":"https:\/\/api.w.org\/{rel}","templated":true}]}}