{"id":375,"date":"2023-01-20T13:46:45","date_gmt":"2023-01-20T13:46:45","guid":{"rendered":"https:\/\/mps-studio.de\/?page_id=375"},"modified":"2025-09-22T09:08:40","modified_gmt":"2025-09-22T09:08:40","slug":"verein","status":"publish","type":"page","link":"https:\/\/mps-studio.de\/en\/verein","title":{"rendered":"Association"},"content":{"rendered":"<p>[et_pb_section fb_built=&#8220;1&#8243; custom_padding_last_edited=&#8220;on|phone&#8220; _builder_version=&#8220;4.21.0&#8243; _module_preset=&#8220;default&#8220; use_background_color_gradient=&#8220;on&#8220; background_color_gradient_direction=&#8220;162deg&#8220; background_color_gradient_stops=&#8220;rgba(10,9,9,0.53) 2%|rgba(10,10,10,0) 100%&#8220; background_color_gradient_overlays_image=&#8220;on&#8220; background_image=&#8220;https:\/\/mps-studio.de\/wp-content\/uploads\/2023\/07\/MPS_Team.jpg&#8220; custom_padding=&#8220;13em||13em||true|false&#8220; custom_padding_tablet=&#8220;7em||6em||false|false&#8220; custom_padding_phone=&#8220;6em||1em||false|false&#8220; locked=&#8220;off&#8220; global_colors_info=&#8220;{}&#8220;][et_pb_row column_structure=&#8220;1_2,1_2&#8243; _builder_version=&#8220;4.19.4&#8243; _module_preset=&#8220;default&#8220; global_colors_info=&#8220;{}&#8220;][et_pb_column type=&#8220;1_2&#8243; _builder_version=&#8220;4.19.4&#8243; _module_preset=&#8220;default&#8220; global_colors_info=&#8220;{}&#8220;][et_pb_text _builder_version=&#8220;4.19.4&#8243; _module_preset=&#8220;default&#8220; background_layout=&#8220;dark&#8220; global_colors_info=&#8220;{}&#8220;]<\/p>\n<h1>Verein<\/h1>\n<p>Der Verein MPS-Studio e.V. wird von uns 2022 in Villingen gegr\u00fcndet, die R\u00e4ume des denkmalgesch\u00fctzten MPS-Studios mit Museumsstatus werden angemietet, renoviert und neu bespielt.<\/p>\n<p>[\/et_pb_text][et_pb_button button_url=&#8220;@ET-DC@eyJkeW5hbWljIjp0cnVlLCJjb250ZW50IjoicG9zdF9saW5rX3VybF9wYWdlIiwic2V0dGluZ3MiOnsicG9zdF9pZCI6IjM5NSJ9fQ==@&#8220; button_text=&#8220;Mitglied werden&#8220; _builder_version=&#8220;4.19.4&#8243; _dynamic_attributes=&#8220;button_url&#8220; _module_preset=&#8220;default&#8220; custom_button=&#8220;on&#8220; button_text_size=&#8220;16px&#8220; button_text_color=&#8220;#231F20&#8243; button_bg_color=&#8220;gcid-e6a2262b-3cb4-4b64-8ffd-4137521881cd&#8220; button_border_width=&#8220;9px&#8220; button_border_color=&#8220;#C4DBD0&#8243; button_use_icon=&#8220;off&#8220; global_colors_info=&#8220;{%22gcid-e6a2262b-3cb4-4b64-8ffd-4137521881cd%22:%91%22button_bg_color%22,%22button_bg_color%22%93}&#8220;][\/et_pb_button][\/et_pb_column][et_pb_column type=&#8220;1_2&#8243; _builder_version=&#8220;4.19.4&#8243; _module_preset=&#8220;default&#8220; global_colors_info=&#8220;{}&#8220;][\/et_pb_column][\/et_pb_row][\/et_pb_section][et_pb_section fb_built=&#8220;1&#8243; _builder_version=&#8220;4.19.4&#8243; _module_preset=&#8220;default&#8220; background_color=&#8220;gcid-e6a2262b-3cb4-4b64-8ffd-4137521881cd&#8220; global_colors_info=&#8220;{%22gcid-e6a2262b-3cb4-4b64-8ffd-4137521881cd%22:%91%22background_color%22%93}&#8220;][et_pb_row column_structure=&#8220;2_3,1_3&#8243; use_custom_gutter=&#8220;on&#8220; gutter_width=&#8220;1&#8243; make_equal=&#8220;on&#8220; _builder_version=&#8220;4.19.4&#8243; _module_preset=&#8220;default&#8220; background_enable_color=&#8220;off&#8220; global_colors_info=&#8220;{%22gcid-f86fc547-6fb1-4851-a4da-185adc5da480%22:%91%22background_color%22%93}&#8220;][et_pb_column type=&#8220;2_3&#8243; _builder_version=&#8220;4.19.4&#8243; _module_preset=&#8220;default&#8220; background_color=&#8220;gcid-e6a2262b-3cb4-4b64-8ffd-4137521881cd&#8220; custom_padding=&#8220;0%|4%|0%|4%|true|true&#8220; global_colors_info=&#8220;{%22gcid-e6a2262b-3cb4-4b64-8ffd-4137521881cd%22:%91%22background_color%22%93}&#8220;][et_pb_text _builder_version=&#8220;4.19.4&#8243; _module_preset=&#8220;default&#8220; global_colors_info=&#8220;{}&#8220;]<\/p>\n<h2>Wer wir sind<\/h2>\n<p>&nbsp;<\/p>\n<p>Wir sind ein Team bestehend aus befreundeten Kulturschaffenden, Kunsthistorikerinnen, Designer, Musikproduzenten, Tontechniker, P\u00e4dagogInnen und Menschen aus der regionalen Industrie. Uns verbindet die Liebe zur Musik, zu diesem besonderen historischen Ort und der Wunsch, dieses einzigartige Denkmal nicht nur zu sch\u00fctzen und zu verwalten, sondern es auch der \u00d6ffentlichkeit zug\u00e4nglich zu machen.<\/p>\n<p>Das offene Wort, Vertrauen, Transparenz und Teamspirit sind f\u00fcr uns keine leeren Worth\u00fclsen. Nur unter diesen Gesichtspunkten sehen wir die Basis f\u00fcr dieses gro\u00dfe gemeinsame Abenteuer, n\u00e4mlich das legend\u00e4re weltber\u00fchmte MPS-Studio mit seiner gro\u00dfen Geschichte f\u00fcr die Nachwelt zu erhalten und es zu einem Treffpunkt aller Generationen und Schnittstelle f\u00fcr Gleichgesinnte zu machen. Damit erweitern wir das kulturelle und museale Angebot im Schwarzwald erheblich, denn es gibt keine vergleichbaren Orte mit dieser Geschichte.<\/p>\n<p>[\/et_pb_text][\/et_pb_column][et_pb_column type=&#8220;1_3&#8243; _builder_version=&#8220;4.19.4&#8243; _module_preset=&#8220;default&#8220; background_enable_image=&#8220;off&#8220; global_colors_info=&#8220;{}&#8220;][et_pb_image src=&#8220;https:\/\/mps-studio.de\/wp-content\/uploads\/2023\/01\/MPSStudio6-2.jpg&#8220; title_text=&#8220;MPSStudio6&#8243; _builder_version=&#8220;4.19.4&#8243; _module_preset=&#8220;default&#8220; global_colors_info=&#8220;{}&#8220;][\/et_pb_image][\/et_pb_column][\/et_pb_row][et_pb_row column_structure=&#8220;1_3,2_3&#8243; _builder_version=&#8220;4.19.4&#8243; _module_preset=&#8220;default&#8220; global_colors_info=&#8220;{}&#8220;][et_pb_column type=&#8220;1_3&#8243; _builder_version=&#8220;4.19.4&#8243; _module_preset=&#8220;default&#8220; global_colors_info=&#8220;{}&#8220;][et_pb_image src=&#8220;https:\/\/mps-studio.de\/wp-content\/uploads\/2023\/01\/MPSStudio5-2.jpg&#8220; title_text=&#8220;MPSStudio5&#8243; _builder_version=&#8220;4.19.4&#8243; _module_preset=&#8220;default&#8220; global_colors_info=&#8220;{}&#8220;][\/et_pb_image][\/et_pb_column][et_pb_column type=&#8220;2_3&#8243; _builder_version=&#8220;4.19.4&#8243; _module_preset=&#8220;default&#8220; global_colors_info=&#8220;{}&#8220;][et_pb_text _builder_version=&#8220;4.20.0&#8243; _module_preset=&#8220;default&#8220; global_colors_info=&#8220;{}&#8220;]<\/p>\n<h2>Was wollen wir?<\/h2>\n<p>&nbsp;<\/p>\n<p>\u00a0Die Veranstaltung von Studiokonzerten haben eine lange Tradition im MPS-Studio: Jazz und Klassik . Wir f\u00fchren diese Tradition etwas erweitert in ein neues Zeitalter, so liegt unser Schwerpunkt in der improvisierten Musik, Neo-Klassik, Experimentelle Musik, Elektronic, Turntablism, Noise bis Jazz und vor allem was sich nicht so einfach einordnen l\u00e4sst . Im Bereich<strong><span style=\"color: #0a0909;\"><a href=\"https:\/\/mps-studio.de\/events\" style=\"color: #0a0909;\"> EVENTS<\/a><\/span><\/strong> finden Sie die aktuellen Hinweise.<\/p>\n<p>Die zielgerichtete Vervollst\u00e4ndigung, Erweiterung, Zusammenf\u00fchrung und Erg\u00e4nzung der Archivalien mit dem Ziel, die Arbeit des MPS-Studios, des Studiogr\u00fcnders und Tontechnikers Hans-Georg Brunner-Schwer (HGBS), seiner Mitarbeiter von SABA- und MPS-Records und anderer, eng mit dem MPS Studio verbundener Personen aufzuarbeiten und zu dokumentieren.<\/p>\n<p>Das Bewahren des MPS Studios und aller mit dem Studio verbundenen Objekte (Archivalien \u2013 Fotografien, Pressematerial, Bibliothekarisches, etc. \u2013 sowie technische und musikalische Ger\u00e4te) als Einheit aus beweglichen und nicht beweglichen G\u00fctern, um sie als Gesamtheit vor Verfall zu sch\u00fctzen und f\u00fcr kommende Generationen zu bewahren, selbstverst\u00e4ndlich in Zusammenarbeit mit dem Denkmalamt und Spezialisten.<\/p>\n<p>Die systematische, ggf. wissenschaftliche Auf- und Bearbeitung der Objekte\/Archivalien. Dazu z\u00e4hlen die geeignete objektgruppenspezifische Inventarisierung und Dokumentation und kontextuelle Einordnung der Objekte und die nachvollziehbare Dokumentation des Wissens zur Vermittlung an die \u00d6ffentlichkeit und Weitergabe an nachfolgende Generationen.\u00a0Der Betrieb des Studios mit einer aktiven Aufnahmepraxis.<\/p>\n<p>Die Konzeption, Organisation und Durchf\u00fchrung von Veranstaltungen. Dazu k\u00f6nnen u.a. folgende Formate z\u00e4hlen: Konzerte, Festivals, Filmabende, Lesungen, Vortr\u00e4ge und Ausstellungen. Insbesondere, jedoch nicht ausschlie\u00dflich, am Studiostandort und Umgebung.<\/p>\n<p>Zum aktiven Engagement f\u00fcr musikalische und musiktechnische Bildung ist die Zusammenarbeit mit lokalen und regionalen Musikschulen, Musikhochschulen, Tontechnikerklassen, Schulen und anderen musikp\u00e4dagogischen Einrichtungen angestrebt. Auch sollen f\u00fcr Kinder und Jugendliche F\u00fchrungen sowie praktische Workshops angeboten werden.\u00a0Zur aktiven Nachwuchsf\u00f6rderung werden Aufnahmestipendien erm\u00f6glicht werden.<\/p>\n<p>Es besteht ein internationales Netzwerk an Plattenfirmen, Medien, Musikern und Bands.<br \/>Die Akquise von aktiven und passiven Mitgliedern, F\u00f6rderern und Helfern ist notwendig um die Zukunft dieses Ortes zu sichern.<\/p>\n<p>Indem Sie Mitglied werden helfen Sie uns diesen Ort zu sichern.<br \/>Sie haben Interesse aktiv mitzuwirken? Schreiben Sie uns!<\/p>\n<p>Mit Spenden (absetzbar) erm\u00f6glichen Sie uns:<\/p>\n<p>\u2022 Eigenanteil von F\u00f6rderungen zu realisieren<br \/>\u2022 Workshops f\u00fcr Kinder und Jugendliche g\u00fcnstig anzubieten<br \/>\u2022 Finanzierung der Infrastruktur (z.B.Miete, Nebenkosten, Instandhaltung, Erwerb von \u00a0 Studioinventar oder Reparaturen)<\/p>\n<p>&nbsp;<\/p>\n<h2>SPENDEN<\/h2>\n<p>&nbsp;<\/p>\n<p>Kontoverbindung:<\/p>\n<p>Sparkasse Villingen-Schwenningen<br \/>IBAN <strong>DE57 6945 0065 0151 0801 75<\/strong> <br \/>BIC <strong>SOLADES1VSS<\/strong><\/p>\n<p>&nbsp;<\/p>\n<p>[\/et_pb_text][\/et_pb_column][\/et_pb_row][\/et_pb_section][et_pb_section fb_built=&#8220;1&#8243; disabled_on=&#8220;off|off|off&#8220; _builder_version=&#8220;4.19.4&#8243; _module_preset=&#8220;default&#8220; background_color=&#8220;#231F20&#8243; disabled=&#8220;on&#8220; global_module=&#8220;345&#8243; saved_tabs=&#8220;all&#8220; locked=&#8220;off&#8220; global_colors_info=&#8220;{}&#8220;][et_pb_row _builder_version=&#8220;4.23.4&#8243; _module_preset=&#8220;default&#8220; width=&#8220;90%&#8220; max_width=&#8220;90%&#8220; global_colors_info=&#8220;{}&#8220;][et_pb_column type=&#8220;4_4&#8243; _builder_version=&#8220;4.19.4&#8243; _module_preset=&#8220;default&#8220; global_colors_info=&#8220;{}&#8220;][et_pb_text _builder_version=&#8220;4.19.4&#8243; _module_preset=&#8220;default&#8220; text_orientation=&#8220;center&#8220; background_layout=&#8220;dark&#8220; global_colors_info=&#8220;{}&#8220;]<\/p>\n<h2>Tickets &amp; Events<\/h2>\n<p>[\/et_pb_text][et_pb_de_mach_archive_loop post_type_choose=&#8220;off|off|off|off|on|off|off&#8220; loop_layout=&#8220;100&#8243; posts_number=&#8220;20&#8243; acf_name=&#8220;field_63caa82322fb2&#8243; acf_value=&#8220;Geplantes Event,&#8220; sort_order=&#8220;menu_order&#8220; enable_loadmore=&#8220;pagination&#8220; link_whole_gird=&#8220;on&#8220; equal_height=&#8220;on&#8220; align_last_bottom=&#8220;on&#8220; columns=&#8220;5&#8243; columns_mobile=&#8220;2&#8243; _builder_version=&#8220;4.20.0&#8243; _module_preset=&#8220;default&#8220; custom_button=&#8220;on&#8220; button_text_color=&#8220;#231F20&#8243; button_bg_color=&#8220;#FFFFFF&#8220; button_border_width=&#8220;5px&#8220; button_border_color=&#8220;#FFFFFF&#8220; button_border_radius=&#8220;55px&#8220; button_use_icon=&#8220;off&#8220; global_colors_info=&#8220;{}&#8220;][\/et_pb_de_mach_archive_loop][et_pb_button button_url=&#8220;@ET-DC@eyJkeW5hbWljIjp0cnVlLCJjb250ZW50IjoicG9zdF9saW5rX3VybF9wYWdlIiwic2V0dGluZ3MiOnsicG9zdF9pZCI6IjQ0NyJ9fQ==@&#8220; button_text=&#8220;vergangene Events&#8220; button_alignment=&#8220;center&#8220; _builder_version=&#8220;4.20.0&#8243; _dynamic_attributes=&#8220;button_url&#8220; _module_preset=&#8220;default&#8220; custom_button=&#8220;on&#8220; button_text_size=&#8220;15px&#8220; button_text_color=&#8220;#EDEDED&#8220; button_border_width=&#8220;0px&#8220; button_font=&#8220;DMSans-Regular||||||||&#8220; button_use_icon=&#8220;off&#8220; global_colors_info=&#8220;{}&#8220; button_bg_color__hover_enabled=&#8220;on|hover&#8220; button_bg_color__hover=&#8220;RGBA(255,255,255,0)&#8220; button_bg_enable_color__hover=&#8220;on&#8220;][\/et_pb_button][\/et_pb_column][\/et_pb_row][\/et_pb_section][et_pb_section fb_built=&#8220;1&#8243; _builder_version=&#8220;4.19.4&#8243; _module_preset=&#8220;default&#8220; custom_padding=&#8220;0px||0px|||&#8220; global_module=&#8220;346&#8243; saved_tabs=&#8220;all&#8220; locked=&#8220;off&#8220; global_colors_info=&#8220;{}&#8220;][et_pb_row _builder_version=&#8220;4.23.4&#8243; _module_preset=&#8220;default&#8220; width=&#8220;90%&#8220; max_width=&#8220;90%&#8220; global_colors_info=&#8220;{}&#8220;][et_pb_column type=&#8220;4_4&#8243; _builder_version=&#8220;4.19.4&#8243; _module_preset=&#8220;default&#8220; global_colors_info=&#8220;{}&#8220;][et_pb_blog fullwidth=&#8220;off&#8220; include_categories=&#8220;all&#8220; meta_date=&#8220;d.m.Y&#8220; excerpt_length=&#8220;170&#8243; show_author=&#8220;off&#8220; show_categories=&#8220;off&#8220; _builder_version=&#8220;4.20.0&#8243; _module_preset=&#8220;default&#8220; header_font_size=&#8220;24px&#8220; body_font_size=&#8220;14px&#8220; meta_text_color=&#8220;gcid-e6a2262b-3cb4-4b64-8ffd-4137521881cd&#8220; global_colors_info=&#8220;{%22gcid-e6a2262b-3cb4-4b64-8ffd-4137521881cd%22:%91%22meta_text_color%22%93}&#8220;][\/et_pb_blog][et_pb_image src=&#8220;https:\/\/mps-studio.de\/wp-content\/uploads\/2025\/09\/Logoleiste.jpg&#8220; title_text=&#8220;Logoleiste&#8220; src_tablet=&#8220;https:\/\/mps-studio.de\/wp-content\/uploads\/2025\/09\/Logoleiste-mobil.jpg&#8220; src_phone=&#8220;&#8220; src_last_edited=&#8220;on|tablet&#8220; _builder_version=&#8220;4.27.4&#8243; _module_preset=&#8220;default&#8220; global_colors_info=&#8220;{}&#8220;][\/et_pb_image][\/et_pb_column][\/et_pb_row][\/et_pb_section]<\/p>\n","protected":false},"excerpt":{"rendered":"<p>Verein Der Verein MPS-Studio e.V. wird von uns 2022 in Villingen gegr\u00fcndet, die R\u00e4ume des denkmalgesch\u00fctzten MPS-Studios mit Museumsstatus werden angemietet, renoviert und neu bespielt.Wer wir sind &nbsp; Wir sind ein Team bestehend aus befreundeten Kulturschaffenden, Kunsthistorikerinnen, Designer, Musikproduzenten, Tontechniker, P\u00e4dagogInnen und Menschen aus der regionalen Industrie. Uns verbindet die Liebe zur Musik, zu diesem [&hellip;]<\/p>\n","protected":false},"author":1,"featured_media":0,"parent":0,"menu_order":0,"comment_status":"closed","ping_status":"closed","template":"","meta":{"_acf_changed":false,"_et_pb_use_builder":"on","_et_pb_old_content":"","_et_gb_content_width":"","iawp_total_views":759,"footnotes":""},"dipi_cpt_category":[],"class_list":["post-375","page","type-page","status-publish","hentry"],"acf":[],"_links":{"self":[{"href":"https:\/\/mps-studio.de\/en\/wp-json\/wp\/v2\/pages\/375","targetHints":{"allow":["GET"]}}],"collection":[{"href":"https:\/\/mps-studio.de\/en\/wp-json\/wp\/v2\/pages"}],"about":[{"href":"https:\/\/mps-studio.de\/en\/wp-json\/wp\/v2\/types\/page"}],"author":[{"embeddable":true,"href":"https:\/\/mps-studio.de\/en\/wp-json\/wp\/v2\/users\/1"}],"replies":[{"embeddable":true,"href":"https:\/\/mps-studio.de\/en\/wp-json\/wp\/v2\/comments?post=375"}],"version-history":[{"count":5,"href":"https:\/\/mps-studio.de\/en\/wp-json\/wp\/v2\/pages\/375\/revisions"}],"predecessor-version":[{"id":5305,"href":"https:\/\/mps-studio.de\/en\/wp-json\/wp\/v2\/pages\/375\/revisions\/5305"}],"wp:attachment":[{"href":"https:\/\/mps-studio.de\/en\/wp-json\/wp\/v2\/media?parent=375"}],"wp:term":[{"taxonomy":"dipi_cpt_category","embeddable":true,"href":"https:\/\/mps-studio.de\/en\/wp-json\/wp\/v2\/dipi_cpt_category?post=375"}],"curies":[{"name":"wp","href":"https:\/\/api.w.org\/{rel}","templated":true}]}}