{"id":395,"date":"2023-01-20T14:14:44","date_gmt":"2023-01-20T14:14:44","guid":{"rendered":"https:\/\/mps-studio.de\/?page_id=395"},"modified":"2025-10-29T15:54:29","modified_gmt":"2025-10-29T15:54:29","slug":"mitglied-werden","status":"publish","type":"page","link":"https:\/\/mps-studio.de\/en\/mitglied-werden","title":{"rendered":"Become a member"},"content":{"rendered":"<p>[et_pb_section fb_built=&#8220;1&#8243; custom_padding_last_edited=&#8220;on|phone&#8220; _builder_version=&#8220;4.19.4&#8243; _module_preset=&#8220;default&#8220; use_background_color_gradient=&#8220;on&#8220; background_color_gradient_direction=&#8220;162deg&#8220; background_color_gradient_stops=&#8220;rgba(10,9,9,0.97) 2%|rgba(10,10,10,0) 100%&#8220; background_color_gradient_overlays_image=&#8220;on&#8220; background_image=&#8220;https:\/\/mps-studio.de\/wp-content\/uploads\/2023\/01\/MPSStudio10-2.jpg&#8220; custom_padding=&#8220;13em||13em||true|false&#8220; custom_padding_tablet=&#8220;7em||6em||false|false&#8220; custom_padding_phone=&#8220;6em||1em||false|false&#8220; locked=&#8220;off&#8220; global_colors_info=&#8220;{}&#8220;][et_pb_row column_structure=&#8220;1_2,1_2&#8243; _builder_version=&#8220;4.19.4&#8243; _module_preset=&#8220;default&#8220; global_colors_info=&#8220;{}&#8220;][et_pb_column type=&#8220;1_2&#8243; _builder_version=&#8220;4.19.4&#8243; _module_preset=&#8220;default&#8220; global_colors_info=&#8220;{}&#8220;][et_pb_text _builder_version=&#8220;4.19.4&#8243; _module_preset=&#8220;default&#8220; background_layout=&#8220;dark&#8220; global_colors_info=&#8220;{}&#8220;]<\/p>\n<h1>Mitglied werden<\/h1>\n<p>Wir freuen uns \u00fcber jedes neue Mitglied!<\/p>\n<p>[\/et_pb_text][et_pb_button button_url=&#8220;https:\/\/mps-studio.de\/wp-content\/uploads\/2024\/01\/MPS_Mitgliedsantrag-und-SEPA_Mandat.pdf&#8220; url_new_window=&#8220;on&#8220; button_text=&#8220;Analog Mitglied werden (PDF Download)&#8220; _builder_version=&#8220;4.27.4&#8243; _module_preset=&#8220;default&#8220; custom_button=&#8220;on&#8220; button_text_size=&#8220;16px&#8220; button_text_color=&#8220;#231F20&#8243; button_bg_color=&#8220;gcid-e6a2262b-3cb4-4b64-8ffd-4137521881cd&#8220; button_border_width=&#8220;9px&#8220; button_border_color=&#8220;#C4DBD0&#8243; button_use_icon=&#8220;off&#8220; global_colors_info=&#8220;{%22gcid-e6a2262b-3cb4-4b64-8ffd-4137521881cd%22:%91%22button_bg_color%22,%22button_bg_color%22%93}&#8220;][\/et_pb_button][et_pb_button button_url=&#8220;https:\/\/form.campai.com\/Jj9WzKfatR8t&#8220; url_new_window=&#8220;on&#8220; button_text=&#8220;Digital Mitglied werden&#8220; _builder_version=&#8220;4.27.4&#8243; _module_preset=&#8220;default&#8220; custom_button=&#8220;on&#8220; button_text_size=&#8220;16px&#8220; button_text_color=&#8220;#231F20&#8243; button_bg_color=&#8220;gcid-e6a2262b-3cb4-4b64-8ffd-4137521881cd&#8220; button_border_width=&#8220;9px&#8220; button_border_color=&#8220;#C4DBD0&#8243; button_use_icon=&#8220;off&#8220; global_colors_info=&#8220;{%22gcid-e6a2262b-3cb4-4b64-8ffd-4137521881cd%22:%91%22button_bg_color%22,%22button_bg_color%22%93}&#8220;][\/et_pb_button][\/et_pb_column][et_pb_column type=&#8220;1_2&#8243; _builder_version=&#8220;4.19.4&#8243; _module_preset=&#8220;default&#8220; global_colors_info=&#8220;{}&#8220;][\/et_pb_column][\/et_pb_row][\/et_pb_section][et_pb_section fb_built=&#8220;1&#8243; _builder_version=&#8220;4.19.4&#8243; _module_preset=&#8220;default&#8220; background_color=&#8220;gcid-e6a2262b-3cb4-4b64-8ffd-4137521881cd&#8220; global_colors_info=&#8220;{%22gcid-e6a2262b-3cb4-4b64-8ffd-4137521881cd%22:%91%22background_color%22%93}&#8220;][et_pb_row column_structure=&#8220;2_3,1_3&#8243; use_custom_gutter=&#8220;on&#8220; gutter_width=&#8220;1&#8243; make_equal=&#8220;on&#8220; _builder_version=&#8220;4.19.4&#8243; _module_preset=&#8220;default&#8220; background_enable_color=&#8220;off&#8220; global_colors_info=&#8220;{%22gcid-f86fc547-6fb1-4851-a4da-185adc5da480%22:%91%22background_color%22%93}&#8220;][et_pb_column type=&#8220;2_3&#8243; _builder_version=&#8220;4.19.4&#8243; _module_preset=&#8220;default&#8220; background_color=&#8220;gcid-e6a2262b-3cb4-4b64-8ffd-4137521881cd&#8220; custom_padding=&#8220;0%|4%|0%|4%|true|true&#8220; global_colors_info=&#8220;{%22gcid-e6a2262b-3cb4-4b64-8ffd-4137521881cd%22:%91%22background_color%22%93}&#8220;][et_pb_text _builder_version=&#8220;4.27.4&#8243; _module_preset=&#8220;default&#8220; global_colors_info=&#8220;{}&#8220;]<\/p>\n<h2><\/h2>\n<h2>IHRE VEREINSMITGLIEDSCHAFT<\/h2>\n<p><span><\/span><\/p>\n<p><span>Indem Sie Mitglied werden, helfen Sie uns, das MPS-Studio zu bewahren, zu pflegen und f\u00fcr die \u00d6ffentlichkeit zug\u00e4nglich zu erhalten. Mit Ihrem j\u00e4hrlichen Mitgliedsbeitrag tragen Sie dazu bei, diesen historischen, denkmalgesch\u00fctzten Ort auch f\u00fcr zuk\u00fcnftige Generationen zu sichern, und helfen uns ganz wesentlich, unsere Fixkosten wie Miete, Neben- und Unterhaltskosten zu decken. So schenken Sie uns ein wichtiges St\u00fcck Planungssicherheit. Dar\u00fcber hinaus k\u00f6nnen wir dank Ihres Beitrags z. B. die jeweiligen Eigenanteile f\u00fcr Projektfinanzierungen leisten und so auch ambitionierte Vorhaben umsetzen \u2013 sei es im Rahmen unserer Programmarbeit oder bei Restaurierungsprojekten.<\/span><span><\/span><\/p>\n<p><span>Umgekehrt erfahren Sie \u00fcber Ihre ideelle Unterst\u00fctzung hinaus als Mitglied stets <b>zuerst<\/b> von unseren Veranstaltungen und erhalten beim Ticketkauf einen Mitgliederrabatt.<\/span><\/p>\n<p><span>Dar\u00fcber hinaus profitieren Sie als Mitglied von <strong>folgenden Vorteilen<\/strong>:<\/span><\/p>\n<p><span>\u2022 Sie erhalten auf Wunsch eine Spendenquittung \u00fcber Ihren Mitgliedsbeitrag. Ihr Mitgliedsbeitrag ist steuerlich absetzbar.<br \/>\u2022 Sie k\u00f6nnen jederzeit mit einer Begleitperson (+1) kostenlos an unseren monatlich stattfindenden Studiof\u00fchrungen teilnehmen.<br \/>\u2022 Sollten Sie als Musiker:in das Tonstudio f\u00fcr eine Aufnahme nutzen wollen, erhalten Sie auch hier einen Rabatt.<\/span><\/p>\n<p><span>Die regul\u00e4re Mitgliedschaft f\u00fcr Erwachsene kostet <strong>50 EUR<\/strong> j\u00e4hrlich. F\u00fcr Interessierte, die sich noch in Ausbildung befinden, sowie f\u00fcr Familien bieten wir zudem verg\u00fcnstigte Mitgliedschaften in H\u00f6he von <strong>25 EUR<\/strong> bzw. <strong>100 EUR<\/strong> an.<\/span><\/p>\n<p><span><b>Achtung:<\/b> Bitte beachten Sie unsere dreimonatige K\u00fcndigungsfrist f\u00fcr Ihre Mitgliedschaft. Sollten Sie Ihre Mitgliedschaft f\u00fcr das folgende Jahr aus unterschiedlichen Gr\u00fcnden beenden wollen, ben\u00f6tigen wir Ihre schriftliche K\u00fcndigung (per E-Mail oder postalisch) bis sp\u00e4testens 30. September des laufenden Jahres.<\/span><\/p>\n<p><span>Entschlie\u00dfen Sie sich in den letzten drei Monaten eines Jahres dazu, Mitglied in unserem Verein zu werden, wird Ihr Mitgliedsbeitrag erst im Januar des folgenden Jahres abgebucht bzw. in Rechnung gestellt. Ihre Mitgliedsvorteile k\u00f6nnen Sie dennoch bereits ab Ihrem Eintrittsdatum nutzen \u2013 Sie erhalten also bis zu drei Monate Mitgliedschaft geschenkt.<\/span><\/p>\n<p>[\/et_pb_text][\/et_pb_column][et_pb_column type=&#8220;1_3&#8243; _builder_version=&#8220;4.19.4&#8243; _module_preset=&#8220;default&#8220; background_enable_image=&#8220;off&#8220; global_colors_info=&#8220;{}&#8220;][\/et_pb_column][\/et_pb_row][\/et_pb_section][et_pb_section fb_built=&#8220;1&#8243; _builder_version=&#8220;4.27.4&#8243; _module_preset=&#8220;default&#8220; custom_padding=&#8220;0px||0px|||&#8220; global_module=&#8220;346&#8243; saved_tabs=&#8220;all&#8220; locked=&#8220;off&#8220; global_colors_info=&#8220;{}&#8220;][et_pb_row _builder_version=&#8220;4.23.4&#8243; _module_preset=&#8220;default&#8220; width=&#8220;90%&#8220; max_width=&#8220;90%&#8220; global_colors_info=&#8220;{}&#8220;][et_pb_column type=&#8220;4_4&#8243; _builder_version=&#8220;4.19.4&#8243; _module_preset=&#8220;default&#8220; global_colors_info=&#8220;{}&#8220;][et_pb_blog fullwidth=&#8220;off&#8220; include_categories=&#8220;all&#8220; meta_date=&#8220;d.m.Y&#8220; excerpt_length=&#8220;170&#8243; show_author=&#8220;off&#8220; show_categories=&#8220;off&#8220; _builder_version=&#8220;4.20.0&#8243; _module_preset=&#8220;default&#8220; header_font_size=&#8220;24px&#8220; body_font_size=&#8220;14px&#8220; meta_text_color=&#8220;gcid-e6a2262b-3cb4-4b64-8ffd-4137521881cd&#8220; global_colors_info=&#8220;{%22gcid-e6a2262b-3cb4-4b64-8ffd-4137521881cd%22:%91%22meta_text_color%22%93}&#8220;][\/et_pb_blog][\/et_pb_column][\/et_pb_row][\/et_pb_section]<\/p>\n","protected":false},"excerpt":{"rendered":"<p>Mitglied werden Wir freuen uns \u00fcber jedes neue Mitglied! IHRE VEREINSMITGLIEDSCHAFT Indem Sie Mitglied werden, helfen Sie uns, das MPS-Studio zu bewahren, zu pflegen und f\u00fcr die \u00d6ffentlichkeit zug\u00e4nglich zu erhalten. Mit Ihrem j\u00e4hrlichen Mitgliedsbeitrag tragen Sie dazu bei, diesen historischen, denkmalgesch\u00fctzten Ort auch f\u00fcr zuk\u00fcnftige Generationen zu sichern, und helfen uns ganz wesentlich, unsere [&hellip;]<\/p>\n","protected":false},"author":1,"featured_media":0,"parent":0,"menu_order":0,"comment_status":"closed","ping_status":"closed","template":"","meta":{"_acf_changed":false,"_et_pb_use_builder":"on","_et_pb_old_content":"","_et_gb_content_width":"","iawp_total_views":328,"footnotes":""},"dipi_cpt_category":[],"class_list":["post-395","page","type-page","status-publish","hentry"],"acf":[],"_links":{"self":[{"href":"https:\/\/mps-studio.de\/en\/wp-json\/wp\/v2\/pages\/395","targetHints":{"allow":["GET"]}}],"collection":[{"href":"https:\/\/mps-studio.de\/en\/wp-json\/wp\/v2\/pages"}],"about":[{"href":"https:\/\/mps-studio.de\/en\/wp-json\/wp\/v2\/types\/page"}],"author":[{"embeddable":true,"href":"https:\/\/mps-studio.de\/en\/wp-json\/wp\/v2\/users\/1"}],"replies":[{"embeddable":true,"href":"https:\/\/mps-studio.de\/en\/wp-json\/wp\/v2\/comments?post=395"}],"version-history":[{"count":10,"href":"https:\/\/mps-studio.de\/en\/wp-json\/wp\/v2\/pages\/395\/revisions"}],"predecessor-version":[{"id":5438,"href":"https:\/\/mps-studio.de\/en\/wp-json\/wp\/v2\/pages\/395\/revisions\/5438"}],"wp:attachment":[{"href":"https:\/\/mps-studio.de\/en\/wp-json\/wp\/v2\/media?parent=395"}],"wp:term":[{"taxonomy":"dipi_cpt_category","embeddable":true,"href":"https:\/\/mps-studio.de\/en\/wp-json\/wp\/v2\/dipi_cpt_category?post=395"}],"curies":[{"name":"wp","href":"https:\/\/api.w.org\/{rel}","templated":true}]}}