{"id":416,"date":"2023-01-20T14:23:39","date_gmt":"2023-01-20T14:23:39","guid":{"rendered":"https:\/\/mps-studio.de\/?page_id=416"},"modified":"2026-03-22T10:36:20","modified_gmt":"2026-03-22T10:36:20","slug":"fuehrungen-veranstaltungen","status":"publish","type":"page","link":"https:\/\/mps-studio.de\/en\/fuehrungen-veranstaltungen","title":{"rendered":"Guided tours &amp; events"},"content":{"rendered":"<p>[et_pb_section fb_built=&#8220;1&#8243; custom_padding_last_edited=&#8220;on|phone&#8220; _builder_version=&#8220;4.19.4&#8243; _module_preset=&#8220;default&#8220; use_background_color_gradient=&#8220;on&#8220; background_color_gradient_direction=&#8220;162deg&#8220; background_color_gradient_stops=&#8220;rgba(10,9,9,0.97) 2%|rgba(10,10,10,0) 100%&#8220; background_color_gradient_overlays_image=&#8220;on&#8220; background_image=&#8220;https:\/\/mps-studio.de\/wp-content\/uploads\/2023\/01\/MPSStudio6-3.jpg&#8220; custom_padding=&#8220;13em||13em||true|false&#8220; custom_padding_tablet=&#8220;7em||6em||false|false&#8220; custom_padding_phone=&#8220;6em||1em||false|false&#8220; locked=&#8220;off&#8220; global_colors_info=&#8220;{}&#8220;][et_pb_row column_structure=&#8220;3_4,1_4&#8243; _builder_version=&#8220;4.19.4&#8243; _module_preset=&#8220;default&#8220; custom_padding=&#8220;|0px||||&#8220; global_colors_info=&#8220;{}&#8220;][et_pb_column type=&#8220;3_4&#8243; _builder_version=&#8220;4.19.4&#8243; _module_preset=&#8220;default&#8220; global_colors_info=&#8220;{}&#8220;][et_pb_text _builder_version=&#8220;4.19.4&#8243; _module_preset=&#8220;default&#8220; background_layout=&#8220;dark&#8220; width=&#8220;99.9%&#8220; custom_margin=&#8220;|-73px||||&#8220; custom_padding=&#8220;|0px|3px|||&#8220; global_colors_info=&#8220;{}&#8220;]<\/p>\n<h1>F\u00fchrungen + Veranstaltungen<\/h1>\n<p>&nbsp;<\/p>\n<p>[\/et_pb_text][\/et_pb_column][et_pb_column type=&#8220;1_4&#8243; _builder_version=&#8220;4.19.4&#8243; _module_preset=&#8220;default&#8220; global_colors_info=&#8220;{}&#8220;][\/et_pb_column][\/et_pb_row][\/et_pb_section][et_pb_section fb_built=&#8220;1&#8243; _builder_version=&#8220;4.19.4&#8243; _module_preset=&#8220;default&#8220; background_color=&#8220;gcid-e6a2262b-3cb4-4b64-8ffd-4137521881cd&#8220; global_colors_info=&#8220;{%22gcid-e6a2262b-3cb4-4b64-8ffd-4137521881cd%22:%91%22background_color%22%93}&#8220;][et_pb_row column_structure=&#8220;2_3,1_3&#8243; use_custom_gutter=&#8220;on&#8220; gutter_width=&#8220;1&#8243; make_equal=&#8220;on&#8220; _builder_version=&#8220;4.19.4&#8243; _module_preset=&#8220;default&#8220; background_enable_color=&#8220;off&#8220; global_colors_info=&#8220;{%22gcid-f86fc547-6fb1-4851-a4da-185adc5da480%22:%91%22background_color%22%93}&#8220;][et_pb_column type=&#8220;2_3&#8243; _builder_version=&#8220;4.19.4&#8243; _module_preset=&#8220;default&#8220; background_color=&#8220;gcid-e6a2262b-3cb4-4b64-8ffd-4137521881cd&#8220; custom_padding=&#8220;0%|4%|0%|4%|true|true&#8220; global_colors_info=&#8220;{%22gcid-e6a2262b-3cb4-4b64-8ffd-4137521881cd%22:%91%22background_color%22%93}&#8220;][et_pb_text _builder_version=&#8220;4.27.5&#8243; _module_preset=&#8220;default&#8220; hover_enabled=&#8220;0&#8243; global_colors_info=&#8220;{}&#8220; sticky_enabled=&#8220;0&#8243;]<\/p>\n<h2><\/h2>\n<h2>F\u00fchrungen<\/h2>\n<p data-start=\"93\" data-end=\"433\">\n<p data-start=\"93\" data-end=\"433\">Unser Verein bietet <strong>einmal<\/strong> im Monat eine offizielle, <strong>kostenpflichtige<\/strong> F\u00fchrung durch das <span class=\"hover:entity-accent entity-underline inline cursor-pointer align-baseline\"><span class=\"whitespace-normal\">MPS-Studio<\/span><\/span> an.<\/p>\n<p data-start=\"93\" data-end=\"433\">Die aktuellen F\u00fchrungstermine finden Sie in unserer Rubrik <strong style=\"color: #0a0808; font-size: 17px;\"><a href=\"https:\/\/mps-studio.de\/events\" style=\"color: #0a0808;\">Events.<\/a>\u00a0<\/strong><\/p>\n<p data-start=\"93\" data-end=\"433\">Bitte haben Sie Verst\u00e4ndnis, dass wir als <strong>ehrenamtlich<\/strong> engagiertes Team in der Regel <strong>keine<\/strong> privaten F\u00fchrungen durchf\u00fchren k\u00f6nnen. F\u00fcr Gruppen <strong>ab 15 Personen<\/strong> pr\u00fcfen wir jedoch gerne individuelle M\u00f6glichkeiten, auch diese F\u00fchrungen sind <strong>kostenpflichtig<\/strong>, die Erl\u00f6se tragen zur Deckung unserer Kosten bei.<\/p>\n<h2><\/h2>\n<p><span>F\u00fcr Firmenveranstaltungen, Pr\u00e4sentationen oder besondere Anl\u00e4sse besteht au\u00dferdem die M\u00f6glichkeit, das Studio f\u00fcr F\u00fchrungen und Special-Events zu buchen.<\/span><\/p>\n<p><br data-start=\"660\" data-end=\"663\" \/><span>Ob Livemusik, Buffet oder ein individuelles Konzept \u2013 teilen Sie uns gerne Ihre Ideen mit. Wir melden uns zeitnah bei Ihnen zur\u00fcck.<\/span><\/p>\n<p>[\/et_pb_text][\/et_pb_column][et_pb_column type=&#8220;1_3&#8243; _builder_version=&#8220;4.19.4&#8243; _module_preset=&#8220;default&#8220; background_enable_image=&#8220;off&#8220; global_colors_info=&#8220;{}&#8220;][et_pb_image src=&#8220;https:\/\/mps-studio.de\/wp-content\/uploads\/2023\/01\/MPSStudio6-2.jpg&#8220; title_text=&#8220;MPSStudio6&#8243; _builder_version=&#8220;4.19.4&#8243; _module_preset=&#8220;default&#8220; global_colors_info=&#8220;{}&#8220;][\/et_pb_image][\/et_pb_column][\/et_pb_row][et_pb_row module_id=&#8220;anfragen&#8220; _builder_version=&#8220;4.19.4&#8243; _module_preset=&#8220;default&#8220; background_color=&#8220;#231F20&#8243; module_alignment=&#8220;center&#8220; custom_margin=&#8220;|20px||20px|false|true&#8220; locked=&#8220;off&#8220; global_colors_info=&#8220;{}&#8220;][et_pb_column type=&#8220;4_4&#8243; _builder_version=&#8220;4.19.4&#8243; _module_preset=&#8220;default&#8220; global_colors_info=&#8220;{}&#8220;][et_pb_contact_form email=&#8220;info@mps-studio.de&#8220; title=&#8220;Anfrage F\u00dcHRUNGEN&#8220; custom_message=&#8220;Vorname: %%Vorname%%||et_pb_line_break_holder||Nachname: %%Name%%||et_pb_line_break_holder||E-Mail: %%Email%%||et_pb_line_break_holder||Telefon: %%Telefon%%||et_pb_line_break_holder||Datenschutz: %%Datenschutz%%||et_pb_line_break_holder||||et_pb_line_break_holder||%%Message%%&#8220; _builder_version=&#8220;4.19.4&#8243; _module_preset=&#8220;default&#8220; _unique_id=&#8220;e668d4bb-fba5-4c4f-8828-5061d2ea41bb&#8220; title_level=&#8220;h3&#8243; title_text_color=&#8220;#EDEDED&#8220; captcha_text_color=&#8220;#EDEDED&#8220; custom_button=&#8220;on&#8220; button_text_size=&#8220;16px&#8220; button_text_color=&#8220;#231F20&#8243; button_bg_color=&#8220;gcid-e6a2262b-3cb4-4b64-8ffd-4137521881cd&#8220; button_border_width=&#8220;9px&#8220; button_border_color=&#8220;#C4DBD0&#8243; button_use_icon=&#8220;off&#8220; width=&#8220;800px&#8220; max_width=&#8220;90%&#8220; module_alignment=&#8220;center&#8220; custom_margin=&#8220;31px||||false|false&#8220; locked=&#8220;off&#8220; global_colors_info=&#8220;{%22gcid-e6a2262b-3cb4-4b64-8ffd-4137521881cd%22:%91%22button_bg_color%22,%22button_bg_color%22,%22button_bg_color%22,%22button_bg_color%22%93}&#8220;][et_pb_contact_field field_id=&#8220;Vorname&#8220; field_title=&#8220;Vorname&#8220; _builder_version=&#8220;4.19.4&#8243; global_colors_info=&#8220;{}&#8220; button_text_size__hover_enabled=&#8220;off&#8220; button_one_text_size__hover_enabled=&#8220;off&#8220; button_two_text_size__hover_enabled=&#8220;off&#8220; button_text_color__hover_enabled=&#8220;off&#8220; button_one_text_color__hover_enabled=&#8220;off&#8220; button_two_text_color__hover_enabled=&#8220;off&#8220; button_border_width__hover_enabled=&#8220;off&#8220; button_one_border_width__hover_enabled=&#8220;off&#8220; button_two_border_width__hover_enabled=&#8220;off&#8220; button_border_color__hover_enabled=&#8220;off&#8220; button_one_border_color__hover_enabled=&#8220;off&#8220; button_two_border_color__hover_enabled=&#8220;off&#8220; button_border_radius__hover_enabled=&#8220;off&#8220; button_one_border_radius__hover_enabled=&#8220;off&#8220; button_two_border_radius__hover_enabled=&#8220;off&#8220; button_letter_spacing__hover_enabled=&#8220;off&#8220; button_one_letter_spacing__hover_enabled=&#8220;off&#8220; button_two_letter_spacing__hover_enabled=&#8220;off&#8220; button_bg_color__hover_enabled=&#8220;off&#8220; button_one_bg_color__hover_enabled=&#8220;off&#8220; button_two_bg_color__hover_enabled=&#8220;off&#8220;][\/et_pb_contact_field][et_pb_contact_field field_id=&#8220;Name&#8220; field_title=&#8220;Name&#8220; _builder_version=&#8220;4.19.4&#8243; global_colors_info=&#8220;{}&#8220; button_text_size__hover_enabled=&#8220;off&#8220; button_one_text_size__hover_enabled=&#8220;off&#8220; button_two_text_size__hover_enabled=&#8220;off&#8220; button_text_color__hover_enabled=&#8220;off&#8220; button_one_text_color__hover_enabled=&#8220;off&#8220; button_two_text_color__hover_enabled=&#8220;off&#8220; button_border_width__hover_enabled=&#8220;off&#8220; button_one_border_width__hover_enabled=&#8220;off&#8220; button_two_border_width__hover_enabled=&#8220;off&#8220; button_border_color__hover_enabled=&#8220;off&#8220; button_one_border_color__hover_enabled=&#8220;off&#8220; button_two_border_color__hover_enabled=&#8220;off&#8220; button_border_radius__hover_enabled=&#8220;off&#8220; button_one_border_radius__hover_enabled=&#8220;off&#8220; button_two_border_radius__hover_enabled=&#8220;off&#8220; button_letter_spacing__hover_enabled=&#8220;off&#8220; button_one_letter_spacing__hover_enabled=&#8220;off&#8220; button_two_letter_spacing__hover_enabled=&#8220;off&#8220; button_bg_color__hover_enabled=&#8220;off&#8220; button_one_bg_color__hover_enabled=&#8220;off&#8220; button_two_bg_color__hover_enabled=&#8220;off&#8220;][\/et_pb_contact_field][et_pb_contact_field field_id=&#8220;Email&#8220; field_title=&#8220;E-Mail-Adresse&#8220; field_type=&#8220;email&#8220; _builder_version=&#8220;4.16&#8243; global_colors_info=&#8220;{}&#8220; button_text_size__hover_enabled=&#8220;off&#8220; button_one_text_size__hover_enabled=&#8220;off&#8220; button_two_text_size__hover_enabled=&#8220;off&#8220; button_text_color__hover_enabled=&#8220;off&#8220; button_one_text_color__hover_enabled=&#8220;off&#8220; button_two_text_color__hover_enabled=&#8220;off&#8220; button_border_width__hover_enabled=&#8220;off&#8220; button_one_border_width__hover_enabled=&#8220;off&#8220; button_two_border_width__hover_enabled=&#8220;off&#8220; button_border_color__hover_enabled=&#8220;off&#8220; button_one_border_color__hover_enabled=&#8220;off&#8220; button_two_border_color__hover_enabled=&#8220;off&#8220; button_border_radius__hover_enabled=&#8220;off&#8220; button_one_border_radius__hover_enabled=&#8220;off&#8220; button_two_border_radius__hover_enabled=&#8220;off&#8220; button_letter_spacing__hover_enabled=&#8220;off&#8220; button_one_letter_spacing__hover_enabled=&#8220;off&#8220; button_two_letter_spacing__hover_enabled=&#8220;off&#8220; button_bg_color__hover_enabled=&#8220;off&#8220; button_one_bg_color__hover_enabled=&#8220;off&#8220; button_two_bg_color__hover_enabled=&#8220;off&#8220;][\/et_pb_contact_field][et_pb_contact_field field_id=&#8220;Telefon&#8220; field_title=&#8220;Telefon&#8220; _builder_version=&#8220;4.19.4&#8243; _module_preset=&#8220;default&#8220; global_colors_info=&#8220;{}&#8220;][\/et_pb_contact_field][et_pb_contact_field field_id=&#8220;Message&#8220; field_title=&#8220;Nachricht&#8220; field_type=&#8220;text&#8220; fullwidth_field=&#8220;on&#8220; _builder_version=&#8220;4.19.4&#8243; global_colors_info=&#8220;{}&#8220; button_text_size__hover_enabled=&#8220;off&#8220; button_one_text_size__hover_enabled=&#8220;off&#8220; button_two_text_size__hover_enabled=&#8220;off&#8220; button_text_color__hover_enabled=&#8220;off&#8220; button_one_text_color__hover_enabled=&#8220;off&#8220; button_two_text_color__hover_enabled=&#8220;off&#8220; button_border_width__hover_enabled=&#8220;off&#8220; button_one_border_width__hover_enabled=&#8220;off&#8220; button_two_border_width__hover_enabled=&#8220;off&#8220; button_border_color__hover_enabled=&#8220;off&#8220; button_one_border_color__hover_enabled=&#8220;off&#8220; button_two_border_color__hover_enabled=&#8220;off&#8220; button_border_radius__hover_enabled=&#8220;off&#8220; button_one_border_radius__hover_enabled=&#8220;off&#8220; button_two_border_radius__hover_enabled=&#8220;off&#8220; button_letter_spacing__hover_enabled=&#8220;off&#8220; button_one_letter_spacing__hover_enabled=&#8220;off&#8220; button_two_letter_spacing__hover_enabled=&#8220;off&#8220; button_bg_color__hover_enabled=&#8220;off&#8220; button_one_bg_color__hover_enabled=&#8220;off&#8220; button_two_bg_color__hover_enabled=&#8220;off&#8220;][\/et_pb_contact_field][et_pb_contact_field field_id=&#8220;Datenschutz&#8220; field_title=&#8220; &#8220; field_type=&#8220;checkbox&#8220; checkbox_options=&#8220;%91{%22value%22:%22Ich habe Die Datenschutzerkl\u00e4rung zur Kenntnis genommen%22,%22checked%22:0,%22dragID%22:-1,%22link_url%22:%22\/datenschutz%22}%93&#8243; fullwidth_field=&#8220;on&#8220; _builder_version=&#8220;4.19.4&#8243; _module_preset=&#8220;default&#8220; form_field_text_color=&#8220;#9ca39f&#8220; global_colors_info=&#8220;{}&#8220;][\/et_pb_contact_field][\/et_pb_contact_form][\/et_pb_column][\/et_pb_row][et_pb_row column_structure=&#8220;1_2,1_2&#8243; _builder_version=&#8220;4.19.4&#8243; _module_preset=&#8220;default&#8220; global_colors_info=&#8220;{}&#8220;][et_pb_column type=&#8220;1_2&#8243; _builder_version=&#8220;4.19.4&#8243; _module_preset=&#8220;default&#8220; global_colors_info=&#8220;{}&#8220;][et_pb_image src=&#8220;https:\/\/mps-studio.de\/wp-content\/uploads\/2023\/01\/MPSStudio11-3.jpg&#8220; title_text=&#8220;MPSStudio11&#8243; _builder_version=&#8220;4.19.4&#8243; _module_preset=&#8220;default&#8220; global_colors_info=&#8220;{}&#8220;][\/et_pb_image][\/et_pb_column][et_pb_column type=&#8220;1_2&#8243; _builder_version=&#8220;4.19.4&#8243; _module_preset=&#8220;default&#8220; global_colors_info=&#8220;{}&#8220;][et_pb_text _builder_version=&#8220;4.19.4&#8243; _module_preset=&#8220;default&#8220; global_colors_info=&#8220;{}&#8220;]<\/p>\n<h2>Konzerte + Tickets<\/h2>\n<p data-start=\"178\" data-end=\"569\">Studiokonzerte haben im <span class=\"hover:entity-accent entity-underline inline cursor-pointer align-baseline\"><span class=\"whitespace-normal\">MPS-Studio<\/span><\/span> eine lange Tradition \u2013 von Jazz- und Klassiklegenden bis zu innovativen Klangexperimenten. Heute f\u00fchren wir diese Tradition weiter, \u00f6ffnen sie f\u00fcr neue Sounds und laden ein zu Musik, die Grenzen sprengt: improvisierte Sessions, Neo-Klassik, Electronic &amp; Turntablism, Noise, Jazz \u2013 und alles, was sich keiner Schublade f\u00fcgen l\u00e4sst.<\/p>\n<p data-start=\"571\" data-end=\"628\">Alle aktuellen Konzerte finden Sie im Bereich <span style=\"text-decoration: underline;\"><span style=\"color: #003d08; text-decoration: underline;\"><a href=\"https:\/\/mps-studio.de\/events-2\" style=\"color: #003d08; text-decoration: underline;\"><strong data-start=\"617\" data-end=\"627\">Events<\/strong><\/a><\/span><\/span>.<\/p>\n<p data-start=\"630\" data-end=\"943\"><strong data-start=\"630\" data-end=\"656\">Tickets sind limitiert<\/strong>, denn unsere denkmalgesch\u00fctzten Studiosessel bieten ein einzigartiges Live-Erlebnis. Wer zuerst informiert wird und rechtzeitig Tickets sichern m\u00f6chte, sollte unseren <span style=\"text-decoration: underline;\"><span style=\"color: #002603;\"><a href=\"https:\/\/mps-studio.de\/newsletter\" style=\"color: #002603;\"><strong data-start=\"815\" data-end=\"840\">Newsletter <\/strong><\/a><\/span><\/span>abonnieren \u2013 oder besser gleich <span style=\"color: #004202;\"><a href=\"https:\/\/mps-studio.de\/mitglied-werden\" style=\"color: #004202;\"><span style=\"text-decoration: underline;\"><strong data-start=\"862\" data-end=\"881\">Mitglied <\/strong><\/span><\/a><\/span>werden. <span>Mitglieder erhalten <\/span><strong data-start=\"512\" data-end=\"556\">exklusive Fr\u00fchinformationen zu Konzerten<\/strong><span> und profitieren von verg\u00fcnstigten Eintrittspreisen.<\/span><\/p>\n<p>[\/et_pb_text][\/et_pb_column][\/et_pb_row][et_pb_row _builder_version=&#8220;4.19.4&#8243; _module_preset=&#8220;default&#8220; global_colors_info=&#8220;{}&#8220;][et_pb_column type=&#8220;4_4&#8243; _builder_version=&#8220;4.19.4&#8243; _module_preset=&#8220;default&#8220; global_colors_info=&#8220;{}&#8220;][dipi_masonry_gallery gallery_ids=&#8220;421,420,419,418,417,415,414,413,412,411,410,409,3223,3245,3247,3249&#8243; _builder_version=&#8220;4.23.4&#8243; _module_preset=&#8220;default&#8220; global_colors_info=&#8220;{}&#8220;][\/dipi_masonry_gallery][\/et_pb_column][\/et_pb_row][\/et_pb_section][et_pb_section fb_built=&#8220;1&#8243; disabled_on=&#8220;off|off|off&#8220; _builder_version=&#8220;4.19.4&#8243; _module_preset=&#8220;default&#8220; background_color=&#8220;#231F20&#8243; disabled=&#8220;on&#8220; global_module=&#8220;345&#8243; saved_tabs=&#8220;all&#8220; locked=&#8220;off&#8220; global_colors_info=&#8220;{}&#8220;][et_pb_row _builder_version=&#8220;4.23.4&#8243; _module_preset=&#8220;default&#8220; width=&#8220;90%&#8220; max_width=&#8220;90%&#8220; global_colors_info=&#8220;{}&#8220;][et_pb_column type=&#8220;4_4&#8243; _builder_version=&#8220;4.19.4&#8243; _module_preset=&#8220;default&#8220; global_colors_info=&#8220;{}&#8220;][et_pb_text _builder_version=&#8220;4.19.4&#8243; _module_preset=&#8220;default&#8220; text_orientation=&#8220;center&#8220; background_layout=&#8220;dark&#8220; global_colors_info=&#8220;{}&#8220;]<\/p>\n<h2>Tickets &amp; Events<\/h2>\n<p>[\/et_pb_text][et_pb_de_mach_archive_loop post_type_choose=&#8220;off|off|off|off|on|off|off&#8220; loop_layout=&#8220;100&#8243; posts_number=&#8220;20&#8243; acf_name=&#8220;field_63caa82322fb2&#8243; acf_value=&#8220;Geplantes Event,&#8220; sort_order=&#8220;menu_order&#8220; enable_loadmore=&#8220;pagination&#8220; link_whole_gird=&#8220;on&#8220; equal_height=&#8220;on&#8220; align_last_bottom=&#8220;on&#8220; columns=&#8220;5&#8243; columns_mobile=&#8220;2&#8243; _builder_version=&#8220;4.20.0&#8243; _module_preset=&#8220;default&#8220; custom_button=&#8220;on&#8220; button_text_color=&#8220;#231F20&#8243; button_bg_color=&#8220;#FFFFFF&#8220; button_border_width=&#8220;5px&#8220; button_border_color=&#8220;#FFFFFF&#8220; button_border_radius=&#8220;55px&#8220; button_use_icon=&#8220;off&#8220; global_colors_info=&#8220;{}&#8220;][\/et_pb_de_mach_archive_loop][et_pb_button button_url=&#8220;@ET-DC@eyJkeW5hbWljIjp0cnVlLCJjb250ZW50IjoicG9zdF9saW5rX3VybF9wYWdlIiwic2V0dGluZ3MiOnsicG9zdF9pZCI6IjQ0NyJ9fQ==@&#8220; button_text=&#8220;vergangene Events&#8220; button_alignment=&#8220;center&#8220; _builder_version=&#8220;4.20.0&#8243; _dynamic_attributes=&#8220;button_url&#8220; _module_preset=&#8220;default&#8220; custom_button=&#8220;on&#8220; button_text_size=&#8220;15px&#8220; button_text_color=&#8220;#EDEDED&#8220; button_border_width=&#8220;0px&#8220; button_font=&#8220;DMSans-Regular||||||||&#8220; button_use_icon=&#8220;off&#8220; global_colors_info=&#8220;{}&#8220; button_bg_color__hover_enabled=&#8220;on|hover&#8220; button_bg_color__hover=&#8220;RGBA(255,255,255,0)&#8220; button_bg_enable_color__hover=&#8220;on&#8220;][\/et_pb_button][\/et_pb_column][\/et_pb_row][\/et_pb_section][et_pb_section fb_built=&#8220;1&#8243; _builder_version=&#8220;4.27.4&#8243; _module_preset=&#8220;default&#8220; custom_padding=&#8220;0px||0px|||&#8220; global_module=&#8220;346&#8243; saved_tabs=&#8220;all&#8220; locked=&#8220;off&#8220; global_colors_info=&#8220;{}&#8220;][et_pb_row _builder_version=&#8220;4.27.5&#8243; _module_preset=&#8220;default&#8220; width=&#8220;89%&#8220; max_width=&#8220;89%&#8220; global_colors_info=&#8220;{}&#8220;][et_pb_column type=&#8220;4_4&#8243; _builder_version=&#8220;4.19.4&#8243; _module_preset=&#8220;default&#8220; global_colors_info=&#8220;{}&#8220;][et_pb_de_mach_archive_loop post_type_choose=&#8220;post&#8220; loop_style=&#8220;loop_templates&#8220; posts_number=&#8220;12&#8243; sort_order=&#8220;menu_order&#8220; enable_loadmore=&#8220;pagination&#8220; equal_height=&#8220;on&#8220; align_last_bottom=&#8220;on&#8220; date_format=&#8220;d.m.Y&#8220; excerpt_length=&#8220;30&#8243; _builder_version=&#8220;4.27.5&#8243; _module_preset=&#8220;default&#8220; title_font_size=&#8220;22px&#8220; custom_css_main_element=&#8220;||&#8220; locked=&#8220;off&#8220; global_colors_info=&#8220;{}&#8220;][\/et_pb_de_mach_archive_loop][\/et_pb_column][\/et_pb_row][\/et_pb_section]<\/p>\n","protected":false},"excerpt":{"rendered":"<p>F\u00fchrungen + Veranstaltungen &nbsp; F\u00fchrungen Unser Verein bietet einmal im Monat eine offizielle, kostenpflichtige F\u00fchrung durch das MPS-Studio an. Die aktuellen F\u00fchrungstermine finden Sie in unserer Rubrik Events.\u00a0 Bitte haben Sie Verst\u00e4ndnis, dass wir als ehrenamtlich engagiertes Team in der Regel keine privaten F\u00fchrungen durchf\u00fchren k\u00f6nnen. F\u00fcr Gruppen ab 15 Personen pr\u00fcfen wir jedoch gerne [&hellip;]<\/p>\n","protected":false},"author":1,"featured_media":0,"parent":0,"menu_order":0,"comment_status":"closed","ping_status":"closed","template":"","meta":{"_acf_changed":false,"_et_pb_use_builder":"on","_et_pb_old_content":"","_et_gb_content_width":"","iawp_total_views":1090,"footnotes":""},"dipi_cpt_category":[],"class_list":["post-416","page","type-page","status-publish","hentry"],"acf":[],"_links":{"self":[{"href":"https:\/\/mps-studio.de\/en\/wp-json\/wp\/v2\/pages\/416","targetHints":{"allow":["GET"]}}],"collection":[{"href":"https:\/\/mps-studio.de\/en\/wp-json\/wp\/v2\/pages"}],"about":[{"href":"https:\/\/mps-studio.de\/en\/wp-json\/wp\/v2\/types\/page"}],"author":[{"embeddable":true,"href":"https:\/\/mps-studio.de\/en\/wp-json\/wp\/v2\/users\/1"}],"replies":[{"embeddable":true,"href":"https:\/\/mps-studio.de\/en\/wp-json\/wp\/v2\/comments?post=416"}],"version-history":[{"count":9,"href":"https:\/\/mps-studio.de\/en\/wp-json\/wp\/v2\/pages\/416\/revisions"}],"predecessor-version":[{"id":6008,"href":"https:\/\/mps-studio.de\/en\/wp-json\/wp\/v2\/pages\/416\/revisions\/6008"}],"wp:attachment":[{"href":"https:\/\/mps-studio.de\/en\/wp-json\/wp\/v2\/media?parent=416"}],"wp:term":[{"taxonomy":"dipi_cpt_category","embeddable":true,"href":"https:\/\/mps-studio.de\/en\/wp-json\/wp\/v2\/dipi_cpt_category?post=416"}],"curies":[{"name":"wp","href":"https:\/\/api.w.org\/{rel}","templated":true}]}}