{"id":1159,"date":"2023-03-19T19:25:19","date_gmt":"2023-03-19T19:25:19","guid":{"rendered":"https:\/\/mps-studio.de\/?post_type=product&#038;p=1159"},"modified":"2025-11-06T17:39:42","modified_gmt":"2025-11-06T17:39:42","slug":"esinam","status":"publish","type":"product","link":"https:\/\/mps-studio.de\/en\/product\/esinam","title":{"rendered":"Esinam"},"content":{"rendered":"<p>Studio concert<\/p>\n<p>Starting with futuristic flute sounds, ESINAM leads their listeners through powerful, complex rhythms and poetic lyrics into their incomparable universes of Electronic Afro Jazz and far beyond...<\/p>\n<p>Her songs meander through global and traditional grooves and sounds. She also incorporates elements of other musical styles such as house, trip hop, hip hop, blues and psychedelics into her profound musical mosaic. In search of a balance between acoustic and electronic, between future and past, she expresses her feelings in her compositions, which she gives an individual touch through spontaneous development. Based on loops, samples, impressions and field recordings, each song follows the next, like a cycle that opens, develops, transforms and returns to its starting point.<\/p>\n<p><iframe loading=\"lazy\" title=\"ESINAM live - Sound of the forest Festival (Germany)\" width=\"1080\" height=\"608\" src=\"https:\/\/www.youtube.com\/embed\/kijpgMiSCa0?feature=oembed\"  allow=\"accelerometer; autoplay; clipboard-write; encrypted-media; gyroscope; picture-in-picture; web-share\" referrerpolicy=\"strict-origin-when-cross-origin\" allowfullscreen><\/iframe><\/p>\n<p>The Belgian-Ghanaian multi-instrumentalist discovered music as a child and learned to play the piano and flute. The latter was ideal to take with her on her travels, where she opened herself up to musical worlds and gathered inspiration. ESINAM's compositions bear the traces of numerous geographical, cultural and musical influences that she has gathered in her personal biography and through various travels, encounters, tours and collaborations.<\/p>\n<p>DJ set after the concert (tba)<\/p>\n<p>MPS-STUDIO<\/p>\n<p>Admission 20:00<br \/>\nStart: 21:00<\/p>\n<p>Admission members \/ reduced: 20<br \/>\nAdmission Regular: 25 Euro<\/p>\n<p>Box office (if tickets still available \/ without guarantee): 28 Euro<\/p>","protected":false},"excerpt":{"rendered":"<p>Studiokonzert Ausgehend von futuristischen Fl\u00f6tenkl\u00e4ngen f\u00fchrt ESINAM ihre Zuh\u00f6rer*innen \u00fcber kr\u00e4ftige, komplexe Rhythmen und poetischen Texte in ihre unvergleichlichen Universen des Electronic Afro Jazz&#8216; und weit dar\u00fcber hinaus&#8230; Ihre Songs m\u00e4andern in globalen sowie traditionalen Grooves und Kl\u00e4ngen. Dar\u00fcber hinaus setzt sie Elemente weiterer Musikstile wie House, Trip Hop, HipHop, Blues und Psychedelics in ihr [&hellip;]<\/p>","protected":false},"featured_media":1162,"comment_status":"open","ping_status":"closed","template":"","meta":{"_acf_changed":false,"_et_pb_use_builder":"","_et_pb_old_content":"","_et_gb_content_width":"","iawp_total_views":2},"product_brand":[],"product_cat":[20],"product_tag":[],"class_list":{"0":"post-1159","1":"product","2":"type-product","3":"status-publish","4":"has-post-thumbnail","6":"product_cat-unkategorisiert","8":"first","9":"instock","10":"shipping-taxable","11":"purchasable","12":"product-type-variable"},"acf":[],"_links":{"self":[{"href":"https:\/\/mps-studio.de\/en\/wp-json\/wp\/v2\/product\/1159","targetHints":{"allow":["GET"]}}],"collection":[{"href":"https:\/\/mps-studio.de\/en\/wp-json\/wp\/v2\/product"}],"about":[{"href":"https:\/\/mps-studio.de\/en\/wp-json\/wp\/v2\/types\/product"}],"replies":[{"embeddable":true,"href":"https:\/\/mps-studio.de\/en\/wp-json\/wp\/v2\/comments?post=1159"}],"wp:featuredmedia":[{"embeddable":true,"href":"https:\/\/mps-studio.de\/en\/wp-json\/wp\/v2\/media\/1162"}],"wp:attachment":[{"href":"https:\/\/mps-studio.de\/en\/wp-json\/wp\/v2\/media?parent=1159"}],"wp:term":[{"taxonomy":"product_brand","embeddable":true,"href":"https:\/\/mps-studio.de\/en\/wp-json\/wp\/v2\/product_brand?post=1159"},{"taxonomy":"product_cat","embeddable":true,"href":"https:\/\/mps-studio.de\/en\/wp-json\/wp\/v2\/product_cat?post=1159"},{"taxonomy":"product_tag","embeddable":true,"href":"https:\/\/mps-studio.de\/en\/wp-json\/wp\/v2\/product_tag?post=1159"}],"curies":[{"name":"wp","href":"https:\/\/api.w.org\/{rel}","templated":true}]}}