{"id":1507,"date":"2023-03-06T21:54:35","date_gmt":"2023-03-06T21:54:35","guid":{"rendered":"https:\/\/mps-studio.de\/produkt\/phil-minton-carl-ludwig-huebsch-feral-choir-special-guest-harald-kimmig"},"modified":"2025-11-06T17:38:10","modified_gmt":"2025-11-06T17:38:10","slug":"phil-minton-carl-ludwig-huebsch-feral-choir-special-guest-harald-kimmig-2","status":"publish","type":"product","link":"https:\/\/mps-studio.de\/en\/product\/phil-minton-carl-ludwig-huebsch-feral-choir-special-guest-harald-kimmig-2","title":{"rendered":"PHIL MINTON \/ CARL LUDWIG H\u00dcBSCH \/ FERAL CHOIR \/ SPECIAL GUEST HARALD KIMMIG"},"content":{"rendered":"<p>STUDIO CONCERT<\/p>\n<p>The MPS studio is pleased to welcome <strong>Phil Minton<\/strong>, a legend of vocal improvisation, along with <strong>Carl Ludwig H\u00fcbsch<\/strong> on tuba, Harald Kimmig on violin, and workshop participants from the Feral Choir to Villingen for a studio concert.<\/p>\n<p>On this evening you can expect 3 sets:<\/p>\n<p>1) Phil Minton \/ Carl Ludwig H\u00fcbsch<br \/>\n2) Phil Minton \/ Carl Ludwig H\u00fcbsch \/ Harald Kimmig<br \/>\n3) Phil Minton \/ Carl Ludwig H\u00fcbsch \/ Harald Kimmig \/ FERAL CHOIR<\/p>\n<p><iframe loading=\"lazy\" title=\"Phil Minton&#039;s Feral Choir\" width=\"1080\" height=\"810\" src=\"https:\/\/www.youtube.com\/embed\/gRzC8JMqH_o?feature=oembed\"  allow=\"accelerometer; autoplay; clipboard-write; encrypted-media; gyroscope; picture-in-picture; web-share\" referrerpolicy=\"strict-origin-when-cross-origin\" allowfullscreen><\/iframe><\/p>\n<p><strong>Phil Minton<\/strong> is from Torquay in the United Kingdom. In the early 1960s he played trumpet and sang in the Mike Westbrook Band, and in 1975 Phil Minton formed the vocal quartet Voice with Julie Tippetts (Julie Driscoll), Maggie Nicols and Brian Ely. Later collaborations with John Zorn, Peter Br\u00f6tzmann, Carla Bley, Tom Cora, Derek Bailey, FM Einheit, Alfred Harth or David Moss, among others. Since the 1980s, his Feral Choir has performed in over twenty countries.<\/p>\n<p><strong>Carl Ludwig H\u00fcbsch<\/strong> is a German jazz and improvisational musician. H\u00fcbsch first learned the clarinet, then switched to drums and, from 1983, to the tuba.<\/p>\n<p>Since 1989 there have been collaborations with musicians such as Arthur Blythe, Lester Bowie, Jasper van't Hof, Paul Lytton, Willem Breuker, Tomasz Sta\u0144ko, Pinguin Moschner, Thomas Lehn, Ernst Reijseger, Gunda Gottschalk, Harald Kimmig, L\u00ea Quan Ninh, Uli B\u00f6ttcher or Sebastian Gramss.<\/p>\n<p>H\u00fcbsch hosted the SWR New Jazz Meeting. <strong>Trio Universe<\/strong> with Matthias Schubert and Wolter Wierbos as well as Quartet <strong>Drift<\/strong> with Isabelle Duthoit, Joris R\u00fchl and Christian Lillinger to the octet with Philip Zoubek and electronic musician Joker Nies.<\/p>\n<p><strong>Harald Kimmig<\/strong> is a German violinist of free improvised music and composer. He took lessons with Leszek Zadlo, Muneer Abdul Fataah, John Tchicai and Cecil Taylor. From 1984 solo concerts and as a member of the <strong>First Improvising String Orchestra<\/strong>. He has played in a trio with Georg Wolf and Lukas Lindenmaier and is co-leader of the F-Orkestra, which has collaborated with musicians such as Buddy Collette and Peter Kowald. Furthermore he played in the ensemble of Cecil Taylor, but also in projects of John Tchicai, Vladimir Chekassin as well as with Doug Hammond, Lee Konitz, Tony Oxley or Gabriele Hasle.<\/p>\n<p>On this evening, the Feral Choir is composed of workshop participants from the previous day who rehearsed under the direction of Phil Minton in the MPS studio.<\/p>\n<p>Phil Minton:Vocals<br \/>\nCarl Ludwig H\u00fcbsch: tuba<br \/>\nHarald Kimmig: Violin<br \/>\nThe Feral Choir: panting, hissing, chirping, hissing, grunting, stammering.<\/p>\n<p>MPS-STUDIO<\/p>\n<p>Admission 19:00<br \/>\nStart: 20:00<\/p>","protected":false},"excerpt":{"rendered":"<p>STUDIO CONCERT The MPS studio is pleased to welcome Phil Minton, a legend of vocal improvisation, along with Carl Ludwig H\u00fcbsch on tuba, Harald Kimmig on violin, and workshop participants from the Feral Choir to Villingen for a studio concert. On this evening you can expect 3 sets: 1) Phil Minton \/ Carl Ludwig H\u00fcbsch [&hellip;]<\/p>","protected":false},"featured_media":1317,"comment_status":"open","ping_status":"closed","template":"","meta":{"_acf_changed":false,"_et_pb_use_builder":"","_et_pb_old_content":"","_et_gb_content_width":"","iawp_total_views":0},"product_brand":[],"product_cat":[96],"product_tag":[],"class_list":{"0":"post-1507","1":"product","2":"type-product","3":"status-publish","4":"has-post-thumbnail","6":"product_cat-uncategorized","8":"first","9":"instock","10":"shipping-taxable","11":"purchasable","12":"product-type-variable"},"acf":[],"_links":{"self":[{"href":"https:\/\/mps-studio.de\/en\/wp-json\/wp\/v2\/product\/1507","targetHints":{"allow":["GET"]}}],"collection":[{"href":"https:\/\/mps-studio.de\/en\/wp-json\/wp\/v2\/product"}],"about":[{"href":"https:\/\/mps-studio.de\/en\/wp-json\/wp\/v2\/types\/product"}],"replies":[{"embeddable":true,"href":"https:\/\/mps-studio.de\/en\/wp-json\/wp\/v2\/comments?post=1507"}],"wp:featuredmedia":[{"embeddable":true,"href":"https:\/\/mps-studio.de\/en\/wp-json\/wp\/v2\/media\/1317"}],"wp:attachment":[{"href":"https:\/\/mps-studio.de\/en\/wp-json\/wp\/v2\/media?parent=1507"}],"wp:term":[{"taxonomy":"product_brand","embeddable":true,"href":"https:\/\/mps-studio.de\/en\/wp-json\/wp\/v2\/product_brand?post=1507"},{"taxonomy":"product_cat","embeddable":true,"href":"https:\/\/mps-studio.de\/en\/wp-json\/wp\/v2\/product_cat?post=1507"},{"taxonomy":"product_tag","embeddable":true,"href":"https:\/\/mps-studio.de\/en\/wp-json\/wp\/v2\/product_tag?post=1507"}],"curies":[{"name":"wp","href":"https:\/\/api.w.org\/{rel}","templated":true}]}}