{"id":2832,"date":"2023-09-19T20:47:42","date_gmt":"2023-09-19T20:47:42","guid":{"rendered":"https:\/\/mps-studio.de\/?post_type=product&#038;p=2832"},"modified":"2025-11-06T17:36:50","modified_gmt":"2025-11-06T17:36:50","slug":"oren-ambarchi-australien","status":"publish","type":"product","link":"https:\/\/mps-studio.de\/en\/product\/oren-ambarchi-australien","title":{"rendered":"OREN AMBARCHI (Australia)"},"content":{"rendered":"<p><strong>OREN AMBARCHI - Concert &amp; Live Recording exclusively in the MPS Studio.<\/strong><\/p>\n<p>The Australian composer and multi-instrumentalist <strong>Oren Ambarchi<\/strong> is one of the most exciting artists of our time.  Ambarchi, who was honored in 2014 by the magazine <strong>Pitchfork<\/strong> was named Experimental Artist of the Year, creates carefully cultivated arrangements that gently unravel; unassuming melodies that slowly work their way through sound mutations; the result is an otherworldly, cumulative effect of patiently unfolding compositions.<\/p>\n<p>Ambarchi was born into a family of Sephardic Jews from Iraq. He began his musical career as a free jazz drummer. Later, under the influence of <strong>Japanoise<\/strong> to the guitar and became active in the noise scene. He also names the composers <strong>Morton Feldman<\/strong> and <strong>Alvin Lucier<\/strong> as early influences. In 1993, at the invitation of <strong>John Zorns<\/strong> at the Radical Jewish Culture Festival in New York. 1998 began with the one-take recording <i>Stacte<\/i> his solo career. In the early 2000s, he began working on the <strong>University of Western Sydney<\/strong> teaching improvisation. In 2005 he was at <strong>Sunn O)))<\/strong>s album <i>Black One<\/i> involved. A joint album with the pianist was created in 2013 <strong>John Tilbury<\/strong>.<\/p>\n<p>He has worked with a variety of artists such as <strong>Fennesz, Charlemagne Palestine, Sunn O))), Chris Abrahams (The Necks), Keiji Haino, Alvin Lucier, John Zorn, Merzbow, Manuel Gottsching\/Ash Ra, Jim O'Rourke, Keith Rowe, Akio Suzuki, Phill Niblock, John Tilbury, Richard Pinhas, Evan Parker, Crys Cole, Fire!<\/strong> and many others.<\/p>\n<p>In 2003, his live release <strong>Triste<\/strong> an honorable mention in the \u201ePrix Ars Electronica\u201c category for digital music. His release <strong>Quixotism<\/strong> was published by the magazine <strong>The Wire<\/strong> was included in the top 50 releases of 2014 and in the same year it was recognized by <strong>Pitchfork<\/strong> to the <strong>Experimental Artist Of The Year<\/strong> chosen. On his 2016 album <strong>Hubris<\/strong> he played with an astonishing cast, including <strong>Crys Cole, Mark Fell, Arto Lindsay, Jim O'Rourke, Keith Fullerton Whitman<\/strong> and <strong>Ricardo Villalobos<\/strong>. <strong>Hubris<\/strong> was included in numerous \u201eBest Albums Of 2016\u201c lists in renowned magazines such as<strong> The Wire, Rolling Stone, The Quietu<\/strong>s and <strong>Tiny Mix Tapes<\/strong> listed.<\/p>\n<p>In May 2019, the renowned London-based <strong>Cafe Oto<\/strong> Ambarchi's 50th birthday and the 10th anniversary of its label <strong>Black Truffle<\/strong> with a three-day festival that featured a full program of international guests, projects and collaborations, all closely associated with Oren and his label. The live Hubris release on <strong>Black Truffle<\/strong> documents the last appearance at this event, which was attended by fifteen of Ambarchi's close associates.<\/p>\n<p><iframe loading=\"lazy\" src=\"https:\/\/player.vimeo.com\/video\/337521104?dnt=1&amp;app_id=122963\" width=\"1080\" height=\"608\" frameborder=\"0\" allow=\"autoplay; fullscreen; picture-in-picture; clipboard-write; encrypted-media; web-share\" referrerpolicy=\"strict-origin-when-cross-origin\"><\/iframe><\/p>\n<p>The <strong>WIRE<\/strong>-Magazine writes:<em> Ambarchi has developed a highly original guitar technique that retains the warmth of the six-string instrument, even if it owes much to contemporary electronica. Indeed, his music has several links to both post-techno programming and post-noise improv. His compositions move in a fog of understatement, neither settling into drones nor dissolving into a flood of noise. And despite his raw avant-punk roots, his playing has become very accessible - he takes feedback overtones from more aggressive settings and simply presents them as sound. In his pieces, which explore the feeling of incompleteness, he formulates sequences of notes that seem to demand resolution without the composer holding them back. Notes hang in the air while angular phrases are looped eccentrically. The soft touch of his notes creates a mysterious, velvety environment in which the scenes he conjures up constantly dissolve and reform. This is intelligent, thoughtful, proactive ambience.<\/em><\/p>\n<p>The MPS studio is delighted that Oren Ambarchi will be coming to Villingen for this exclusive concert. The concert will be recorded live.<\/p>\n<p>We would like to thank the Villingen-Schwenningen Department of Culture for their kind support of Oren Ambachi's concert<\/p>\n<p><strong>Members: 20 Euro<br \/>\n<\/strong><strong>Regular: 22 Euro<\/strong><\/p>\n<p>MPS-STUDIO<\/p>\n<p>Admission 19:00<br \/>\nStart: 20:00<\/p>","protected":false},"excerpt":{"rendered":"<p>OREN AMBARCHI &#8211; Konzert &amp; Live Recording exklusiv im MPS-Studio. Der australische Komponist und Multiinstrumentalist Oren Ambarchi ist einer der spannendsten K\u00fcnstler unserer Zeit. \u00a0Ambarchi, der 2014 vom Magazin Pitchfork zum &#8222;Experimental Artist of the Year&#8220; gek\u00fcrt wurde, kreiert sorgf\u00e4ltig gepflegte Arrangements, die sich sanft entr\u00e4tseln; unscheinbare Melodien, die sich langsam durch Soundmutationen arbeiten; das [&hellip;]<\/p>","protected":false},"featured_media":2843,"comment_status":"open","ping_status":"closed","template":"","meta":{"_acf_changed":false,"_et_pb_use_builder":"","_et_pb_old_content":"","_et_gb_content_width":"","iawp_total_views":1},"product_brand":[],"product_cat":[20],"product_tag":[359,300,358,367,324,364,357,366,369,368,365,363,314,319,362,361,360],"class_list":{"0":"post-2832","1":"product","2":"type-product","3":"status-publish","4":"has-post-thumbnail","6":"product_cat-unkategorisiert","7":"product_tag-black-truffle","8":"product_tag-boesendorfer","9":"product_tag-cafe-oto","10":"product_tag-chris-abrahams-the-necks","11":"product_tag-edition-mego","12":"product_tag-fire","13":"product_tag-japanoise","14":"product_tag-jim-orourke","15":"product_tag-john-zorn","16":"product_tag-keiji-haino","17":"product_tag-mats-gustafsson","18":"product_tag-morton-feldman","19":"product_tag-mps-live-recording","20":"product_tag-mps-studio-e-v","21":"product_tag-stephen-omalley","22":"product_tag-sunn-o","23":"product_tag-wire-magazine","25":"first","26":"instock","27":"shipping-taxable","28":"purchasable","29":"product-type-variable"},"acf":[],"_links":{"self":[{"href":"https:\/\/mps-studio.de\/en\/wp-json\/wp\/v2\/product\/2832","targetHints":{"allow":["GET"]}}],"collection":[{"href":"https:\/\/mps-studio.de\/en\/wp-json\/wp\/v2\/product"}],"about":[{"href":"https:\/\/mps-studio.de\/en\/wp-json\/wp\/v2\/types\/product"}],"replies":[{"embeddable":true,"href":"https:\/\/mps-studio.de\/en\/wp-json\/wp\/v2\/comments?post=2832"}],"wp:featuredmedia":[{"embeddable":true,"href":"https:\/\/mps-studio.de\/en\/wp-json\/wp\/v2\/media\/2843"}],"wp:attachment":[{"href":"https:\/\/mps-studio.de\/en\/wp-json\/wp\/v2\/media?parent=2832"}],"wp:term":[{"taxonomy":"product_brand","embeddable":true,"href":"https:\/\/mps-studio.de\/en\/wp-json\/wp\/v2\/product_brand?post=2832"},{"taxonomy":"product_cat","embeddable":true,"href":"https:\/\/mps-studio.de\/en\/wp-json\/wp\/v2\/product_cat?post=2832"},{"taxonomy":"product_tag","embeddable":true,"href":"https:\/\/mps-studio.de\/en\/wp-json\/wp\/v2\/product_tag?post=2832"}],"curies":[{"name":"wp","href":"https:\/\/api.w.org\/{rel}","templated":true}]}}