{"id":3140,"date":"2023-12-28T19:16:05","date_gmt":"2023-12-28T19:16:05","guid":{"rendered":"https:\/\/mps-studio.de\/?post_type=product&#038;p=3140"},"modified":"2025-11-06T17:35:44","modified_gmt":"2025-11-06T17:35:44","slug":"david-friedman-2","status":"publish","type":"product","link":"https:\/\/mps-studio.de\/en\/product\/david-friedman-2","title":{"rendered":"DAVID FRIEDMAN GENERATIONS TRIO"},"content":{"rendered":"<p style=\"font-weight: 400;\"><strong>David Friedman 80th anniversary tour with the Generations Trio<\/strong><\/p>\n<p style=\"font-weight: 400;\">When someone turns 80 years old, they have a lot to tell, firstly about the past, what they haven't already done:<\/p>\n<p style=\"font-weight: 400;\">Projects with the bandoneon player <strong>Dino Saluzzi<\/strong>, or with the vibraphonist <strong>Dave Samuels<\/strong> and so many other great musicians enriched his career, and are extensively documented alongside his own albums.<\/p>\n<p style=\"font-weight: 400;\">There are numerous recordings and performances with<strong> Geri Allen, Jane Ira Bloom, Bob James, Charlie Mariano, Joe Henderson, Hubert Laws,<\/strong> or <strong>Chet Baker, Horace Silver<\/strong> and <strong>Wayne Shorter<\/strong>, the jazz legends to whom <strong>Friedman<\/strong> itself already counts.<\/p>\n<p style=\"font-weight: 400;\">But also studio recordings with popular artists such as<strong> Billy Joel, Yoko Ono, Aretha Franklin, George Benson<\/strong> or <strong>Nile Rodger<\/strong>s Chic.<\/p>\n<p style=\"font-weight: 400;\">In August 2007, he was appointed <strong>KOSA International Percussion Festival<\/strong> with a Lifetime Achievement Award for his contribution to the art of vibraphone playing and education, while in 2008 he was honored at the <strong>Ludwig Albert Marimba Festival<\/strong> was honored in Belgium for his life's work.\u00a0<strong>Friedman<\/strong> has retained a curiosity that keeps him looking to the future.<\/p>\n<p>The three generations with shooting star <strong>Tilo Weber<\/strong> on drums, the sought-after sideman <strong>Oliver Potratz<\/strong> on bass and the jazz professor <strong>David Friedman<\/strong> on the vibraphones, develop an amazingly orchestral band sound that is fresh and hip and at the same time firmly rooted in the deep tradition of jazz.<\/p>\n<p>That with the <strong style=\"font-weight: 400;\">Generations Trio<\/strong> current album recorded in Sardinia <strong style=\"font-weight: 400;\">\u201eSurge of silence\u201c<\/strong>\u00a0 is the happy occasion of a birthday tour. <strong style=\"font-weight: 400;\">MPS-Studio e.V.<\/strong> is delighted to welcome this jazz legend to Villingen, with an instrument that is also used by <strong style=\"font-weight: 400;\">MPS<\/strong> has a tradition, the vibraphone! The <strong style=\"font-weight: 400;\">Dave Pike Set<\/strong> as well as the <strong style=\"font-weight: 400;\">Michael Naura Trio<\/strong> released wonderful albums with this instrument on <strong><span style=\"font-weight: 400;\">MPS already<\/span><\/strong> in the<span style=\"font-weight: 400;\">\u00a0<\/span><strong><span style=\"font-weight: 400;\">60s and 70s.<\/span><\/strong><\/p>\n<p><strong>Members: 20 Euro<br \/>\n<\/strong><strong>Regular: 25 Euro<\/strong><\/p>\n<p>MPS-STUDIO<br \/>\nRichthofenstrasse 1\/1<br \/>\n78048 VS-Villingen<\/p>\n<p><strong>Admission:<\/strong> 19:00<br \/>\n<strong>Start:<\/strong> 20:00<\/p>","protected":false},"excerpt":{"rendered":"<p>David Friedman 80 Jahre Jubil\u00e4umstour mit dem Generations-Trio Wenn einer 80 Jahre jung wird, dann hat er viel zu erz\u00e4hlen, zum einen \u00fcber die Vergangenheit, was hat er nicht alles schon gemacht: Projekte mit dem Bandoneon Spieler Dino Saluzzi, oder mit dem Vibrafonisten Dave Samuels und so vielen anderen gro\u00dfartigen Musikern bereicherten seine Karriere, und [&hellip;]<\/p>","protected":false},"featured_media":3146,"comment_status":"open","ping_status":"closed","template":"","meta":{"_acf_changed":false,"_et_pb_use_builder":"","_et_pb_old_content":"","_et_gb_content_width":"","iawp_total_views":9},"product_brand":[],"product_cat":[20],"product_tag":[461,455,456,463,462,459,458,457,460],"class_list":{"0":"post-3140","1":"product","2":"type-product","3":"status-publish","4":"has-post-thumbnail","6":"product_cat-unkategorisiert","7":"product_tag-dave-pike-set","8":"product_tag-david-friedman","9":"product_tag-generations-trio","10":"product_tag-jazzlegende","11":"product_tag-michael-naura","12":"product_tag-oliver-potratz","13":"product_tag-tilo-weber","14":"product_tag-vibraphon","15":"product_tag-vibraphon-jazz","17":"first","18":"outofstock","19":"shipping-taxable","20":"purchasable","21":"product-type-variable"},"acf":[],"_links":{"self":[{"href":"https:\/\/mps-studio.de\/en\/wp-json\/wp\/v2\/product\/3140","targetHints":{"allow":["GET"]}}],"collection":[{"href":"https:\/\/mps-studio.de\/en\/wp-json\/wp\/v2\/product"}],"about":[{"href":"https:\/\/mps-studio.de\/en\/wp-json\/wp\/v2\/types\/product"}],"replies":[{"embeddable":true,"href":"https:\/\/mps-studio.de\/en\/wp-json\/wp\/v2\/comments?post=3140"}],"wp:featuredmedia":[{"embeddable":true,"href":"https:\/\/mps-studio.de\/en\/wp-json\/wp\/v2\/media\/3146"}],"wp:attachment":[{"href":"https:\/\/mps-studio.de\/en\/wp-json\/wp\/v2\/media?parent=3140"}],"wp:term":[{"taxonomy":"product_brand","embeddable":true,"href":"https:\/\/mps-studio.de\/en\/wp-json\/wp\/v2\/product_brand?post=3140"},{"taxonomy":"product_cat","embeddable":true,"href":"https:\/\/mps-studio.de\/en\/wp-json\/wp\/v2\/product_cat?post=3140"},{"taxonomy":"product_tag","embeddable":true,"href":"https:\/\/mps-studio.de\/en\/wp-json\/wp\/v2\/product_tag?post=3140"}],"curies":[{"name":"wp","href":"https:\/\/api.w.org\/{rel}","templated":true}]}}