{"id":3217,"date":"2024-03-11T15:00:27","date_gmt":"2024-03-11T15:00:27","guid":{"rendered":"https:\/\/mps-studio.de\/?post_type=product&#038;p=3217"},"modified":"2025-11-06T17:35:02","modified_gmt":"2025-11-06T17:35:02","slug":"fuehrung-mps-studio-mai24","status":"publish","type":"product","link":"https:\/\/mps-studio.de\/en\/product\/fuehrung-mps-studio-mai24","title":{"rendered":"GUIDED TOUR THROUGH THE MPS STUDIO"},"content":{"rendered":"<p><strong>ATTENTION THIS TOUR IS SOLD OUT.<\/strong><br \/>\n<strong>THE NEXT GUIDED TOURS WILL TAKE PLACE IN JUNE, JULY &amp; AUGUST.<\/strong><\/p>\n<p><strong>DATES CAN BE FOUND AT <a href=\"https:\/\/mps-studio.de\/en\/events\/\">EVENTS<\/a>.<\/strong><\/p>\n<p>&nbsp;<\/p>\n<p>Visit the listed MPS studio and learn about the history of this historic location, the founder Hans-Georg Brunner-Schwer, his sound engineers and producers, the recording technology and the label's many releases. A journey back to the 1960s with a lecture, music examples, special: introduction to B\u00f6sendorfer and the history of the piano with Hartmut Janke and a tour of the rooms. Duration approx. 1.5 - 2 hours.<\/p>\n<p>Registration required!<br \/>\nPlease use the advance booking.<\/p>\n<p><strong>Members free (please register at public@mps-studio.de)<\/strong><br \/>\n<strong>Children up to 12 years free (please register at public@mps-studio.de)<\/strong><\/p>\n<p>Reduced (pupils from 12, students, people with disabilities) 8 euros<br \/>\nRegular 12 Euro<\/p>\n<p>Admission: 14:40<br \/>\nStart: 15:00<\/p>\n<p>Please park in the Waldstrasse. No parking in our yard. Bicycles excluded.<\/p>\n<p>&nbsp;<\/p>","protected":false},"excerpt":{"rendered":"<p>ACHTUNG DIESE F\u00dcHRUNG IST AUSVERKAUFT. DIE N\u00c4CHSTEN F\u00dcHRUNGEN FINDEN IM JUNI, JULI &amp; AUGUST STATT. TERMINE FINDEN SIE UNTER EVENTS. &nbsp; Besuchen Sie das denkmalgesch\u00fctzte MPS-Studio und erfahren Sie etwas \u00fcber die Geschichte dieses historischen Ortes, den Gr\u00fcnder Hans-Georg Brunner-Schwer, seine Tontechniker und Produzenten, die Aufnahmetechnik oder die vielf\u00e4ltigen Ver\u00f6ffentlichungen des Labels. Eine Reise in [&hellip;]<\/p>","protected":false},"featured_media":412,"comment_status":"open","ping_status":"closed","template":"","meta":{"_acf_changed":false,"_et_pb_use_builder":"","_et_pb_old_content":"","_et_gb_content_width":"","iawp_total_views":16},"product_brand":[],"product_cat":[20],"product_tag":[537,403,540,317,541,539,538,353,542,316,543],"class_list":{"0":"post-3217","1":"product","2":"type-product","3":"status-publish","4":"has-post-thumbnail","6":"product_cat-unkategorisiert","7":"product_tag-analogstudio","8":"product_tag-boesendorfer-grand-imperial","9":"product_tag-denkmalschutz","10":"product_tag-frank-baumann","11":"product_tag-gemeinnuetzig","12":"product_tag-hartmut-janke","13":"product_tag-jazz-schwarzwald","14":"product_tag-mps-studio-fuehrung","15":"product_tag-museum-villingen","16":"product_tag-toeni-schifer","17":"product_tag-villingen-sehenswuerdigkeiten","19":"first","20":"outofstock","21":"shipping-taxable","22":"purchasable","23":"product-type-variable"},"acf":[],"_links":{"self":[{"href":"https:\/\/mps-studio.de\/en\/wp-json\/wp\/v2\/product\/3217","targetHints":{"allow":["GET"]}}],"collection":[{"href":"https:\/\/mps-studio.de\/en\/wp-json\/wp\/v2\/product"}],"about":[{"href":"https:\/\/mps-studio.de\/en\/wp-json\/wp\/v2\/types\/product"}],"replies":[{"embeddable":true,"href":"https:\/\/mps-studio.de\/en\/wp-json\/wp\/v2\/comments?post=3217"}],"wp:featuredmedia":[{"embeddable":true,"href":"https:\/\/mps-studio.de\/en\/wp-json\/wp\/v2\/media\/412"}],"wp:attachment":[{"href":"https:\/\/mps-studio.de\/en\/wp-json\/wp\/v2\/media?parent=3217"}],"wp:term":[{"taxonomy":"product_brand","embeddable":true,"href":"https:\/\/mps-studio.de\/en\/wp-json\/wp\/v2\/product_brand?post=3217"},{"taxonomy":"product_cat","embeddable":true,"href":"https:\/\/mps-studio.de\/en\/wp-json\/wp\/v2\/product_cat?post=3217"},{"taxonomy":"product_tag","embeddable":true,"href":"https:\/\/mps-studio.de\/en\/wp-json\/wp\/v2\/product_tag?post=3217"}],"curies":[{"name":"wp","href":"https:\/\/api.w.org\/{rel}","templated":true}]}}