{"id":3512,"date":"2024-04-02T16:15:18","date_gmt":"2024-04-02T16:15:18","guid":{"rendered":"https:\/\/mps-studio.de\/?post_type=product&#038;p=3512"},"modified":"2025-11-06T17:35:34","modified_gmt":"2025-11-06T17:35:34","slug":"ustad-noor-bakhsh-ensemble","status":"publish","type":"product","link":"https:\/\/mps-studio.de\/en\/product\/ustad-noor-bakhsh-ensemble","title":{"rendered":"Ustad Noor Bakhsh Ensemble"},"content":{"rendered":"<p><strong>Encounter of cultures: Ustad Noor Bakhsh<\/strong><\/p>\n<p>On Friday, May 31, an extraordinary event awaits us when Pakistani-born <strong>Ustad Noor Bakhsh<\/strong> with ensemble in the MPS studio.<\/p>\n<p style=\"font-weight: 400;\"><strong>Ustad Noor Bakhsh<\/strong> from Balochistan, is a master of Balochi <strong>Benju<\/strong> (a zither with keys), which he has been playing since childhood. <strong>Noor Bakhsh<\/strong> is known as a legendary instrumentalist on the Makran coast, but has only gained greater attention through his recent recordings and videos. <strong>Noor Bakhsh<\/strong> plays an electric Benju, which he plays with an old pickup and a small Phillips amplifier. He carries on the legacy of his teachers and inspirations like <strong>Bilawal Belgium<\/strong> and <strong>Misri Khan Jamali<\/strong> but his own music is influenced by various traditions and musical forms far beyond Balochistan. His virtuoso playing is deeply rooted in the musical forms of the <strong>Lollipop<\/strong> rooted in the history of South Asia and is characterized by his knowledge of <strong>Raags<\/strong> which he also performs in his own experimental style.<\/p>\n<p style=\"font-weight: 400;\">His repertoire includes Persian and Kurdish melodies, which were probably played in his country even before the modern borders between Iran and Pakistan were established and Balochistan was divided. On one of his last recordings, he even played an Arabic <strong>Ghazal<\/strong> on his Benju. It is not surprising that <strong>Noor Baksh<\/strong> also some <strong>Bollywood songs<\/strong> plays. In addition to his varied repertoire, he also has some original compositions, including one inspired by birdsong. His debut album \u201e<strong>Jingul<\/strong>\u201c was released digitally in September 2022 and appeared on vinyl in 2023 via the British label <strong>Hive Mind Records<\/strong>.<\/p>\n<p>For listeners who are familiar with the music of the <strong>Lollipop<\/strong> are not familiar with <strong>Noor Bakshs<\/strong> electric Benju tone and its melodic embellishments are reminiscent of the style of <strong>Ali Farka Toure<\/strong> and polyrhythmic groovy innovation and improvisation that is very similar to the music of West and East Africa. This is not surprising given the well-documented migratory and seafaring links between Balochistan and Africa across the Indian Ocean world. It is this world that his music brings back to life.<\/p>\n<p>We are delighted to be able to continue an old tradition in the MPS studio with this concert. The well-known journalist, festival organizer and <strong>Hans-Georg Brunner-Schwer<\/strong> the most important producer at MPS - <strong>Joachim-Ernst Berendt<\/strong> was the one who came up with the series \u201e<strong>Jazz meets the World<\/strong>\u201c, for the first time brought Asian, African or South American musicians into the country. <strong>SABA Studio<\/strong> (MPS from 1968) and brought them together with Western jazz musicians. We remember, for example <strong>Tony Scott<\/strong> with the <strong>Indonesian Allstars<\/strong> or <strong>Irene Schweizer<\/strong> with the<strong> Indian Trio<\/strong>. For our evening, however, the Pakistani musicians keep to themselves.<\/p>\n<p style=\"font-weight: 400;\">Friday May 31, 2024<\/p>\n<p><strong>Members, students, people with disabilities: 20 euros<br \/>\n<\/strong><strong>Regular: 25 Euro<\/strong><\/p>\n<p><strong>MPS-STUDIO<\/strong><br \/>\nRichthofenstrasse 1\/1<br \/>\n78048 VS-Villingen<\/p>\n<p><strong>ATTENTION: ABSOLUTE PARKING BAN IN THE COURTYARD! BICYCLES EXCLUDED.<\/strong><\/p>\n<p><strong>Admission:<\/strong> 20:00<br \/>\n<strong>Start:<\/strong> 21:00<\/p>","protected":false},"excerpt":{"rendered":"<p>Begegnung der Kulturen: Ustad Noor Bakhsh Am Freitag, den 31. Mai, erwartetet uns ein au\u00dfergew\u00f6hnliches Ereignis, wenn der geb\u00fcrtige Pakistani Ustad Noor Bakhsh mit Ensemble im MPS-Studio spielen wird. Ustad Noor Bakhsh aus Belutschistan, ist ein Meister der belutschischen Benju (einer Zither mit Klappen), die er seit seiner Kindheit spielt. Noor Bakhsh ist an der [&hellip;]<\/p>","protected":false},"featured_media":3528,"comment_status":"open","ping_status":"closed","template":"","meta":{"_acf_changed":false,"_et_pb_use_builder":"","_et_pb_old_content":"","_et_gb_content_width":"","iawp_total_views":9},"product_brand":[],"product_cat":[20],"product_tag":[537,564,563,567,566,565,557,538,558,568,314,561,319,542,569,560,559,562],"class_list":{"0":"post-3512","1":"product","2":"type-product","3":"status-publish","4":"has-post-thumbnail","6":"product_cat-unkategorisiert","7":"product_tag-analogstudio","8":"product_tag-belutschen","9":"product_tag-benju","10":"product_tag-bilawal-belgium","11":"product_tag-ghazal","12":"product_tag-hive-mind-records","13":"product_tag-jazz-meets-the-world","14":"product_tag-jazz-schwarzwald","15":"product_tag-joachim-ernst-berendt","16":"product_tag-misri-khan-jamali","17":"product_tag-mps-live-recording","18":"product_tag-mps-studio","19":"product_tag-mps-studio-e-v","20":"product_tag-museum-villingen","21":"product_tag-raags","22":"product_tag-saba-studio","23":"product_tag-ustad-noor-bakhsh","24":"product_tag-weltmusik","26":"first","27":"instock","28":"shipping-taxable","29":"purchasable","30":"product-type-variable"},"acf":[],"_links":{"self":[{"href":"https:\/\/mps-studio.de\/en\/wp-json\/wp\/v2\/product\/3512","targetHints":{"allow":["GET"]}}],"collection":[{"href":"https:\/\/mps-studio.de\/en\/wp-json\/wp\/v2\/product"}],"about":[{"href":"https:\/\/mps-studio.de\/en\/wp-json\/wp\/v2\/types\/product"}],"replies":[{"embeddable":true,"href":"https:\/\/mps-studio.de\/en\/wp-json\/wp\/v2\/comments?post=3512"}],"wp:featuredmedia":[{"embeddable":true,"href":"https:\/\/mps-studio.de\/en\/wp-json\/wp\/v2\/media\/3528"}],"wp:attachment":[{"href":"https:\/\/mps-studio.de\/en\/wp-json\/wp\/v2\/media?parent=3512"}],"wp:term":[{"taxonomy":"product_brand","embeddable":true,"href":"https:\/\/mps-studio.de\/en\/wp-json\/wp\/v2\/product_brand?post=3512"},{"taxonomy":"product_cat","embeddable":true,"href":"https:\/\/mps-studio.de\/en\/wp-json\/wp\/v2\/product_cat?post=3512"},{"taxonomy":"product_tag","embeddable":true,"href":"https:\/\/mps-studio.de\/en\/wp-json\/wp\/v2\/product_tag?post=3512"}],"curies":[{"name":"wp","href":"https:\/\/api.w.org\/{rel}","templated":true}]}}