{"id":3823,"date":"2024-06-28T12:50:57","date_gmt":"2024-06-28T12:50:57","guid":{"rendered":"https:\/\/mps-studio.de\/?post_type=product&#038;p=3823"},"modified":"2025-11-06T17:34:53","modified_gmt":"2025-11-06T17:34:53","slug":"ron-minis-trio-israel-k","status":"publish","type":"product","link":"https:\/\/mps-studio.de\/en\/product\/ron-minis-trio-israel-k","title":{"rendered":"RON MINIS TRIO (Israel) + Chris Ha Trio (D)"},"content":{"rendered":"<p><strong>DIE VERANSTALTUNG IST AUSVERKAUFT!<\/strong><\/p>\n<p style=\"font-weight: 400;\">RON MINIS TRIO + CHRIS HA TRIO<br \/>\n16.11.2024<\/p>\n<p style=\"font-weight: 400;\"><strong>Mit dem Ron Minis Trio aus Israel und dem Chris Ha Trio aus Freiburg treffen zwei dreik\u00f6pfige Freigeister aufeinander, die dem klassischen Jazz fremde Genre aktiv, suchend und zum Teil gar provokativ in ihr Spiel einbinden. Ein Abend \u2013 zwei Konzerte, bei dem Baden-W\u00fcrttembergischer Nachwuchs auf internationale Avantgarde trifft.<\/strong><\/p>\n<p style=\"font-weight: 400;\"><strong>\u00a0<\/strong>Das Konzert ist zugleich der zweite Abend aus der Programmreihe <strong>TRIO EXPANDED<\/strong>, das die traditionelle Formation des mit Piano oder anderen Tasteninstrumenten besetzten Trios neu befragt.<\/p>\n<p style=\"font-weight: 400;\">Ein toller Anlass f\u00fcr die R\u00fcckkehr des <strong>Ron Minis Trios<\/strong>\u00a0auf die MPS-Studiob\u00fchne.\u00a0Sicherlich erinnern sich diejenigen, die sein erstes Konzert im M\u00e4rz 2023 miterlebt haben, bestens an diesen energetischen Auftritt, w\u00e4hrend dem die Kl\u00e4nge unseres B\u00f6sendorfer Grand Imperial mit der E-Gitarre des Musikers eine Symbiose eingingen.\u00a0Im Vorprogramm pr\u00e4sentieren wir zudem regionalen Nachwuchs, dessen Besetzung \u00fcber in einem OPEN CALL \u00f6ffentlich ausgeschrieben worden war. Zum Gewinner k\u00fcrte eine Jury das <strong>Chris Ha Trio<\/strong>.<\/p>\n<p style=\"font-weight: 400;\"><strong>\u00a0<\/strong><strong>Ron Minis<\/strong>\u00a0ist ein Multiinstrumentalist, der mit virtuosen und rhythmischen Pattern zum Tr\u00e4umen und Tanzen zugleich einl\u00e4dt. Mit seinem Trio bewegt er sich zwischen lyrischen Phrasen und energetischen Rhythmen. Seine Songs sind von einer Vielf\u00e4ltigkeit kaum zu \u00fcbertreffen.\u00a0Ron Minis\u00a0kreiert musikalische Welten voller Emotionen, verf\u00fchrt mit sanften Melodien am Klavier, wechselt unvermittelt in h\u00e4mmernde Staccati und endet in sph\u00e4rischen Klangwelten, ohne dabei den Spannungsbogen seiner Songs zu verlieren. Nicht ohne Grund l\u00e4sst er sich von Genregrenzen nicht beeindrucken, nennt im gleichen Atemzug Brutal-Jazz und Punk als Heimat seiner Musik. Auch Einfl\u00fcsse der nah\u00f6stlichen Kultur Israels oder von K\u00fcnstlern wie\u00a0Tigran Hamasyan tragen dazu bei, dass Genre-Gedanken nur aufkommen, um gleich wieder zu verschwinden.<\/p>\n<p style=\"font-weight: 400;\">Das\u00a0<strong>Ron Minis Trio<\/strong>\u00a0spielte auf dem\u00a0Montreux Jazzfestival, dem\u00a0NUEJAZZ Festival, Jazz in the Park (Rum\u00e4nien) und tourt bereits wiederholt durch renommierte europ\u00e4ische Clubs. Neben Ron besteht das Trio aus\u00a0<strong>Yogev Gabayam<\/strong> am Schlagzeug und\u00a0<strong>Bar Filipowicz<\/strong>\u00a0am Kontrabass. Gemeinsam bewegen sie sich\u00a0gekonnt zwischen dem Math-Rock von King Crimson, der Pr\u00e4zision von Miles Davis, der Filmmusik von\u00a0Goblin, der Brachialit\u00e4t von\u00a0Helmet\u00a0und der repetitiven Rhythmik von\u00a0Terry Riley. Jede genaue Festlegung des Genres wird gekonnt umschifft, stattdessen werden musikalische \u00dcberraschungen ins Feld gef\u00fchrt. Momente schlie\u00dflich, in denen Ron am Fl\u00fcgel zu seiner E-Gitarre greift und beide Instrumente \u00fcber einen Sampler verkn\u00fcpft, machen diese Haltung nicht nur H\u00f6r- sondern auch Sichtbar!<\/p>\n<p style=\"font-weight: 400;\">Auch das <strong>Chris Ha Trio<\/strong> ist trotz fast klassischer Besetzung aus Chis Ha am Klavier, Phil Janz am E-Bass und Moritz Ulrich am Schlagzeug kein klassisches Pianotrio!<\/p>\n<p style=\"font-weight: 400;\">Ihre Musik kombiniert mit dem Anspruch \u201ezug\u00e4nglicher Komplexit\u00e4t\u201c Jazz, Minimal Music, Funk, Prog-Rock, Pop und Klassik zu ihrem eigenen Sound. Schr\u00e4ge Rhythmen mit gewisser Vorliebe f\u00fcr polyrhythmischen Passagen stehen neben progressiven Rock-Elementen durchzogen von lyrischer Melodik.<\/p>\n<p>Die drei Musiker blicken auf keine klassisch-akademische Musikausbildung zur\u00fcck, sondern verstehen sich als Amateure im besten Sinne. Ihre ehrliche Spielfreude ist mitrei\u00dfend und es geht den dreien immer um Kommunikation und Verst\u00e4ndigung. Der sch\u00f6nste Grund f\u00fcr Musik auf einer B\u00fchne!<\/p>\n<p style=\"font-weight: 400;\"><strong>Das Konzert wird live mitgeschnitten!<\/strong><\/p>\n<p style=\"font-weight: 400;\"><strong>\u00a0<\/strong><\/p>\n<p style=\"font-weight: 400;\"><strong>F\u00fcr die Umsetzung der Programmreihe TRIO EXPANDED danken wir der\u00a0<\/strong><a href=\"https:\/\/www.bwstiftung.de\/de\/\" target=\"_blank\" rel=\"noopener\"><strong>Baden-W\u00fcrttemberg<\/strong><strong> Stiftung<\/strong><\/a><strong>,\u00a0dem <\/strong><a href=\"https:\/\/www.villingen-schwenningen.de\/rathaus-leben\/aemter-und-einrichtungen\/amt-fuer-kultur\/\" target=\"_blank\" rel=\"noopener\"><strong>Amt f\u00fcr Kultur Villingen-Schwenningen<\/strong><\/a><strong>\u00a0und dem <\/strong><a href=\"https:\/\/rp.baden-wuerttemberg.de\/rpf\/\" target=\"_blank\" rel=\"noopener\"><strong>Regierungspr\u00e4sidium Freiburg<\/strong><\/a><strong> im Rahmen ihrer Musikf\u00f6rderung f\u00fcr ihre Unterst\u00fctzung.<\/strong><\/p>\n<p><iframe loading=\"lazy\" title=\"Ron Minis - Even More Wives [Live Distortion Piano]\" width=\"1080\" height=\"608\" src=\"https:\/\/www.youtube.com\/embed\/WcGSZaGBjZA?feature=oembed\"  allow=\"accelerometer; autoplay; clipboard-write; encrypted-media; gyroscope; picture-in-picture; web-share\" referrerpolicy=\"strict-origin-when-cross-origin\" allowfullscreen><\/iframe><\/p>\n<p>16.11.2024<\/p>\n<p><strong>MPS-STUDIO<\/strong><br \/>\nRichthofenstrasse 1\/1<br \/>\n78048 VS-Villingen<\/p>\n<p>Einlass 19:00<br \/>\nBeginn: 20:00 (p\u00fcnktlich)<\/p>\n<p>Eintritt Mitglieder \/ Erm\u00e4ssigt: 22 Euro<br \/>\nEintritt: 25 Euro<\/p>\n<p>&nbsp;<\/p>\n","protected":false},"excerpt":{"rendered":"<p>DIE VERANSTALTUNG IST AUSVERKAUFT! RON MINIS TRIO + CHRIS HA TRIO 16.11.2024 Mit dem Ron Minis Trio aus Israel und dem Chris Ha Trio aus Freiburg treffen zwei dreik\u00f6pfige Freigeister aufeinander, die dem klassischen Jazz fremde Genre aktiv, suchend und zum Teil gar provokativ in ihr Spiel einbinden. Ein Abend \u2013 zwei Konzerte, bei dem [&hellip;]<\/p>\n","protected":false},"featured_media":712,"template":"","meta":{"_acf_changed":false,"_et_pb_use_builder":"","_et_pb_old_content":"","_et_gb_content_width":"","iawp_total_views":24},"product_brand":[],"product_cat":[20],"product_tag":[],"class_list":{"0":"post-3823","1":"product","2":"type-product","3":"status-publish","4":"has-post-thumbnail","6":"product_cat-unkategorisiert","8":"first","9":"outofstock","10":"shipping-taxable","11":"purchasable","12":"product-type-variable"},"acf":[],"_links":{"self":[{"href":"https:\/\/mps-studio.de\/en\/wp-json\/wp\/v2\/product\/3823","targetHints":{"allow":["GET"]}}],"collection":[{"href":"https:\/\/mps-studio.de\/en\/wp-json\/wp\/v2\/product"}],"about":[{"href":"https:\/\/mps-studio.de\/en\/wp-json\/wp\/v2\/types\/product"}],"wp:featuredmedia":[{"embeddable":true,"href":"https:\/\/mps-studio.de\/en\/wp-json\/wp\/v2\/media\/712"}],"wp:attachment":[{"href":"https:\/\/mps-studio.de\/en\/wp-json\/wp\/v2\/media?parent=3823"}],"wp:term":[{"taxonomy":"product_brand","embeddable":true,"href":"https:\/\/mps-studio.de\/en\/wp-json\/wp\/v2\/product_brand?post=3823"},{"taxonomy":"product_cat","embeddable":true,"href":"https:\/\/mps-studio.de\/en\/wp-json\/wp\/v2\/product_cat?post=3823"},{"taxonomy":"product_tag","embeddable":true,"href":"https:\/\/mps-studio.de\/en\/wp-json\/wp\/v2\/product_tag?post=3823"}],"curies":[{"name":"wp","href":"https:\/\/api.w.org\/{rel}","templated":true}]}}