{"id":3970,"date":"2024-09-16T14:35:46","date_gmt":"2024-09-16T14:35:46","guid":{"rendered":"https:\/\/mps-studio.de\/?post_type=product&#038;p=3970"},"modified":"2025-11-06T17:33:56","modified_gmt":"2025-11-06T17:33:56","slug":"fire","status":"publish","type":"product","link":"https:\/\/mps-studio.de\/en\/product\/fire","title":{"rendered":"FIRE! (Sweden) &amp; NOAH DIEMER TRIO (Germany) - LIVE CONCERT"},"content":{"rendered":"<p><em><strong>THE CONCERT IS SOLD OUT!<\/strong><\/em><\/p>\n<p>&nbsp;<\/p>\n<p style=\"font-weight: 400;\"><strong>With Fire! from Sweden and the Noah Diemer Trio, two trio formations meet for the third time in one evening as part of our TRIO EXPANDED program series - an internationally established trio and a regional up-and-coming trio. The Noah Diemer Trio will open the evening, after a short changeover break the MPS stage will belong entirely to the formation Fire!<\/strong><\/p>\n<p style=\"font-weight: 400;\">The evening therefore not only offers the musicians a special opportunity for intensive listening and exchange, but also challenges the audience: Improvisation plays a central role in the playing of both trios and demonstrates in an exemplary way on our stage how wonderfully versatile it can be if you are prepared to listen and give each other space.<\/p>\n<p style=\"font-weight: 400;\">The Swedish trio\u00a0<strong>Fire!<\/strong>, consisting of\u00a0<strong>Mats Gustafsson<\/strong>,\u00a0<strong>Johan Berthling<\/strong>\u00a0and\u00a0<strong>Andreas Werliin<\/strong>, has earned a special place in the world of music. <strong>Fire!<\/strong> was founded in 2009 to develop a new approach to improvised music that draws on influences from free jazz, psychedelic rock and noise. They released their first album in the same year\u00a0<strong><em>You liked me five minutes ago<\/em><\/strong>\u00a0on the Norwegian label\u00a0<strong>Rune gramophone<\/strong>, all their releases, including the current album\u00a0<strong><em>Will<\/em><\/strong>, as well as everything from its offshoot, the Big Band\u00a0<strong>Fire! Orchestra<\/strong> published!<\/p>\n<p style=\"font-weight: 400;\"><strong>Fire!<\/strong> bring heavy, dark and intensely burning music, whether you call it jazz or rock, to stages in Europe, the USA, Canada, Brazil and Japan, and have already worked with heavyweights like\u00a0<strong>Jim O'Rourke, Oren Ambarchi, Stephen O'Malley (SunnO)))<\/strong>\u00a0and\u00a0<strong>David Sandstr\u00f6m<\/strong>\u00a0worked together. Her new album\u00a0<strong><em>Will<\/em><\/strong>\u00a0takes the trio back to basics; a saxophone, bass and drums meet with a bare, raw and powerful recording by the master himself,\u00a0<strong>Steve Albini<\/strong> together.<\/p>\n<p style=\"font-weight: 400;\">Also with the <strong>Noah Diemer Trio <\/strong>with <strong>Noah Diemer<\/strong> on the piano, <strong>Jan Blikslager<\/strong> on the double bass and <strong>David Giesel <\/strong>on percussion from the Stuttgart University of Music, everything revolves around improvisation. The three young musicians describe their interplay as a \u201ecollective conversation\u201c, whereby the medium of music becomes an opportunity for them to \u201etell honest stories, share feelings and speak directly to the audience\u201c. They not only locate the roots of their music in contemporary jazz, but also draw on classical composers from the Impressionist and Romantic periods.<\/p>\n<p style=\"font-weight: 400;\"><strong>The concert will be recorded live!<\/strong><\/p>\n<p style=\"font-weight: 400;\"><strong>\u00a0<\/strong><strong>For the realization of the program series TRIO EXPANDED we thank the\u00a0<\/strong><a href=\"https:\/\/www.bwstiftung.de\/de\/\" target=\"_blank\" rel=\"noopener\"><strong>Baden-W\u00fcrttemberg Foundation<\/strong><\/a><strong>,the <\/strong><a href=\"https:\/\/www.villingen-schwenningen.de\/rathaus-leben\/aemter-und-einrichtungen\/amt-fuer-kultur\/\" target=\"_blank\" rel=\"noopener\"><strong>Villingen-Schwenningen Office for Culture<\/strong><\/a><strong>\u00a0and the <\/strong><a href=\"https:\/\/rp.baden-wuerttemberg.de\/rpf\/\" target=\"_blank\" rel=\"noopener\"><strong>Freiburg Regional Council<\/strong><\/a><strong> for their support as part of their music sponsorship.<\/strong><\/p>\n<p style=\"font-weight: 400;\">March 15, 2025<\/p>\n<p><strong>Members, students, people with disabilities: 25 euros<br \/>\n<\/strong><strong>Regular: 28 Euro<\/strong><\/p>\n<p><strong>MPS-STUDIO<\/strong><br \/>\nRichthofenstrasse 1\/1<br \/>\n78048 VS-Villingen<\/p>\n<p><strong>ATTENTION: ABSOLUTE PARKING BAN IN THE COURTYARD! BICYCLES EXCLUDED.<\/strong><\/p>\n<p><strong>Admission:<\/strong> 19:00<br \/>\n<strong>Start:<\/strong> 20:00<\/p>","protected":false},"excerpt":{"rendered":"<p>DAS KONZERT IST AUSVERKAUFT! &nbsp; Mit Fire! aus Schweden und dem Noah Diemer Trio treffen im Rahmen unser Programmreihe TRIO EXPANDED das dritte Mal an einem Abend zwei Trioformationen aufeinander \u2013 ein international etabliertes Trio und ein regionales Nachwuchstrio. Das Noah Diemer Trio er\u00f6ffnet den Abend, nach einer kurzen Umbaupause geh\u00f6rt die MPS-B\u00fchne dann ganz [&hellip;]<\/p>","protected":false},"featured_media":3980,"comment_status":"open","ping_status":"closed","template":"","meta":{"_acf_changed":false,"_et_pb_use_builder":"","_et_pb_old_content":"","_et_gb_content_width":"","iawp_total_views":27},"product_brand":[],"product_cat":[20],"product_tag":[537,364,538,558,365,314,561,319,542,616,560,667],"class_list":{"0":"post-3970","1":"product","2":"type-product","3":"status-publish","4":"has-post-thumbnail","6":"product_cat-unkategorisiert","7":"product_tag-analogstudio","8":"product_tag-fire","9":"product_tag-jazz-schwarzwald","10":"product_tag-joachim-ernst-berendt","11":"product_tag-mats-gustafsson","12":"product_tag-mps-live-recording","13":"product_tag-mps-studio","14":"product_tag-mps-studio-e-v","15":"product_tag-museum-villingen","16":"product_tag-rune-grammofon","17":"product_tag-saba-studio","18":"product_tag-steve-albini","20":"first","21":"outofstock","22":"shipping-taxable","23":"purchasable","24":"product-type-variable"},"acf":[],"_links":{"self":[{"href":"https:\/\/mps-studio.de\/en\/wp-json\/wp\/v2\/product\/3970","targetHints":{"allow":["GET"]}}],"collection":[{"href":"https:\/\/mps-studio.de\/en\/wp-json\/wp\/v2\/product"}],"about":[{"href":"https:\/\/mps-studio.de\/en\/wp-json\/wp\/v2\/types\/product"}],"replies":[{"embeddable":true,"href":"https:\/\/mps-studio.de\/en\/wp-json\/wp\/v2\/comments?post=3970"}],"wp:featuredmedia":[{"embeddable":true,"href":"https:\/\/mps-studio.de\/en\/wp-json\/wp\/v2\/media\/3980"}],"wp:attachment":[{"href":"https:\/\/mps-studio.de\/en\/wp-json\/wp\/v2\/media?parent=3970"}],"wp:term":[{"taxonomy":"product_brand","embeddable":true,"href":"https:\/\/mps-studio.de\/en\/wp-json\/wp\/v2\/product_brand?post=3970"},{"taxonomy":"product_cat","embeddable":true,"href":"https:\/\/mps-studio.de\/en\/wp-json\/wp\/v2\/product_cat?post=3970"},{"taxonomy":"product_tag","embeddable":true,"href":"https:\/\/mps-studio.de\/en\/wp-json\/wp\/v2\/product_tag?post=3970"}],"curies":[{"name":"wp","href":"https:\/\/api.w.org\/{rel}","templated":true}]}}