{"id":4152,"date":"2025-01-08T22:20:11","date_gmt":"2025-01-08T22:20:11","guid":{"rendered":"https:\/\/mps-studio.de\/?post_type=product&#038;p=4152"},"modified":"2025-11-06T17:33:07","modified_gmt":"2025-11-06T17:33:07","slug":"the-flying-luttenbachers-usa-live-concert","status":"publish","type":"product","link":"https:\/\/mps-studio.de\/en\/product\/the-flying-luttenbachers-usa-live-concert","title":{"rendered":"THE FLYING LUTTENBACHERS (USA) LIVE CONCERT"},"content":{"rendered":"<p><strong>The Flying Luttenbachers<\/strong> were founded in Chicago in 1991 and released on the legendary <strong>Skin Graft<\/strong> Label. The Luttenbachers' latest trio formation is a tight, intense, ferocious beast that executes complex compositions with visceral presence.<\/p>\n<p>Since its outbreak in 1991, the <strong>The Flying Luttenbachers<\/strong> deconstructed music, reason and all notions of reason on 20 releases and more than 400 live performances around the world. The Luttenbachers' wild, modernist approach is unpredictable and draws on inspirations such as no wave, free jazz, death metal, noise, modern classical music, free improvisation, punk and black humor.<\/p>\n<p>The new albums \u201eShattered Dimension\u201c , \u201eImminent Death\u201c (an edgy homage to <strong>Miles Davis<\/strong> from the 70s), \u201eNegative Infinity\u201c (a brutal prog climax) and \u201eTerror Iridescence\u201c (bizarre space minimalism) continued the group's diverse program of organizing dissonance and energy. Never tame or predictable, the <strong>The Flying Luttenbachers<\/strong> continues to strive for musical mediocrity. The latest incarnation of this iconoclastic group takes another bold new direction. After four albums and numerous shows and tours with the band's New York-based line-ups, former leader and founding member <strong>Weasel Walter,<\/strong> to make a change of scenery by returning to the original starting point - Chicago. The latest formation is a stripped-down power trio with Mr. Walter on guitar, bassist Luke Polipnick and drummer James Paul Nadien.<\/p>\n<p><strong style=\"font-weight: 400;\">The concert will be recorded live! Ear plugs are recommended.\u00a0<\/strong><\/p>\n<p style=\"font-weight: 400;\"><strong>\u00a0<\/strong><strong>For the realization of the program series we thank<\/strong><strong>\u00a0the <\/strong><a href=\"https:\/\/www.villingen-schwenningen.de\/rathaus-leben\/aemter-und-einrichtungen\/amt-fuer-kultur\/\" target=\"_blank\" rel=\"noopener\"><strong>Villingen-Schwenningen Office for Culture<\/strong><\/a><strong>\u00a0.<\/strong><\/p>\n<p style=\"font-weight: 400;\">April 12, 2025<\/p>\n<p><strong>Members, students, people with disabilities: 22 euros<br \/>\n<\/strong><strong>Regular: 25 Euro<\/strong><\/p>\n<p><strong>MPS-STUDIO<\/strong><br \/>\nRichthofenstrasse 1\/1<br \/>\n78048 VS-Villingen<\/p>\n<p><strong>ATTENTION: ABSOLUTE PARKING BAN IN THE COURTYARD! BICYCLES EXCLUDED.<\/strong><\/p>\n<p><strong>Admission:<\/strong> 19:00<br \/>\n<strong>Start:<\/strong> 20:00<\/p>","protected":false},"excerpt":{"rendered":"<p>The Flying Luttenbachers wurden 1991 in Chicago gegr\u00fcndet und ver\u00f6ffentlichten u.a. beim legend\u00e4ren Skin Graft Label. Die j\u00fcngste Trio-Formation der Luttenbachers ist ein tightes, intensives, wildes Biest, das komplexe Kompositionen mit viszeraler Pr\u00e4senz ausf\u00fchrt. Seit ihrem Ausbruch im Jahr 1991 haben The Flying Luttenbachers auf 20 Ver\u00f6ffentlichungen und mehr als 400 Live-Auftritten in aller Welt [&hellip;]<\/p>","protected":false},"featured_media":4164,"comment_status":"open","ping_status":"closed","template":"","meta":{"_acf_changed":false,"_et_pb_use_builder":"","_et_pb_old_content":"","_et_gb_content_width":"","iawp_total_views":8},"product_brand":[],"product_cat":[20],"product_tag":[537,538,558,314,561,319,542,560,682,667,681],"class_list":{"0":"post-4152","1":"product","2":"type-product","3":"status-publish","4":"has-post-thumbnail","6":"product_cat-unkategorisiert","7":"product_tag-analogstudio","8":"product_tag-jazz-schwarzwald","9":"product_tag-joachim-ernst-berendt","10":"product_tag-mps-live-recording","11":"product_tag-mps-studio","12":"product_tag-mps-studio-e-v","13":"product_tag-museum-villingen","14":"product_tag-saba-studio","15":"product_tag-skin-graft","16":"product_tag-steve-albini","17":"product_tag-the-flying-luttenbachers","19":"first","20":"instock","21":"shipping-taxable","22":"purchasable","23":"product-type-variable"},"acf":[],"_links":{"self":[{"href":"https:\/\/mps-studio.de\/en\/wp-json\/wp\/v2\/product\/4152","targetHints":{"allow":["GET"]}}],"collection":[{"href":"https:\/\/mps-studio.de\/en\/wp-json\/wp\/v2\/product"}],"about":[{"href":"https:\/\/mps-studio.de\/en\/wp-json\/wp\/v2\/types\/product"}],"replies":[{"embeddable":true,"href":"https:\/\/mps-studio.de\/en\/wp-json\/wp\/v2\/comments?post=4152"}],"wp:featuredmedia":[{"embeddable":true,"href":"https:\/\/mps-studio.de\/en\/wp-json\/wp\/v2\/media\/4164"}],"wp:attachment":[{"href":"https:\/\/mps-studio.de\/en\/wp-json\/wp\/v2\/media?parent=4152"}],"wp:term":[{"taxonomy":"product_brand","embeddable":true,"href":"https:\/\/mps-studio.de\/en\/wp-json\/wp\/v2\/product_brand?post=4152"},{"taxonomy":"product_cat","embeddable":true,"href":"https:\/\/mps-studio.de\/en\/wp-json\/wp\/v2\/product_cat?post=4152"},{"taxonomy":"product_tag","embeddable":true,"href":"https:\/\/mps-studio.de\/en\/wp-json\/wp\/v2\/product_tag?post=4152"}],"curies":[{"name":"wp","href":"https:\/\/api.w.org\/{rel}","templated":true}]}}