{"id":4180,"date":"2025-01-08T23:39:58","date_gmt":"2025-01-08T23:39:58","guid":{"rendered":"https:\/\/mps-studio.de\/?post_type=product&#038;p=4180"},"modified":"2025-11-06T17:33:16","modified_gmt":"2025-11-06T17:33:16","slug":"caspar-broetzmann-massaker","status":"publish","type":"product","link":"https:\/\/mps-studio.de\/en\/product\/caspar-broetzmann-massaker","title":{"rendered":"CASPAR BR\u00d6TZMANN MASSAKER (D) LIVE CONCERT"},"content":{"rendered":"<p><strong>SOLD OUT!<\/strong><br \/>\n<strong>SOLD OUT!<\/strong><\/p>\n<p>&nbsp;<\/p>\n<p>Born in 1962 in the divided Germany of the post-war period, Caspar Br\u00f6tzmann first began playing the piano. His main inspirations included <strong>Hanns Eisler<\/strong>, the singer <strong>Ernst Busch<\/strong>, the \u201ehouse music\u201c of his mother and also the roaring sounds of his father, the virtuoso saxophone giant <strong>Peter Br\u00f6tzmann<\/strong>, also known as \u201eThe Teutonic Axe\u201c - a key figure in the European free jazz movement, FMP artist, Fluxus artist and ideologically implacable communist.<\/p>\n<p>Caspar lived in fear and awe of his stern father, and he picked up the guitar, knowing full well that Peter and his peers made fun of Americanized music, especially electric guitars and the hard rock sounds that appealed to Caspar, like those of <strong>Ritchie Blackmore<\/strong>, <strong>Jimmy Page<\/strong> and <strong>Jimi Hendrix<\/strong>. The guitar became, as Caspar says, \u201ehis shield against the troubling world\u201c. \u201eIt wasn't about virtuosity,\u201c Caspar continues, \u201abut about love for the instrument.<\/p>\n<p>Caspar had no formal education, but <strong>Hans Reichel<\/strong> - a friend of the family and an avant-garde guitarist who built his own instruments - showed him how to do it. Hans taught Caspar how to manipulate the workings and mechanics of the guitar. Caspar's left-handed instrument is not so much an allusion to the left-hander <strong>Hendrix<\/strong> but rather a technical improvement of Caspar's own playing. It allows for a stronger low end, better access to the volume control and the vibrato bar, which gives the music of <strong>CBM<\/strong> gives it an incomparable dynamic.<\/p>\n<p>The music of <strong>Caspar Br\u00f6tzmann massacre<\/strong> is resoundingly unique. Active since the mid-80s, ultra-heavy riffs and beats, menacing tribal vocals and a raw physical power are conjured up by these three dark and proud heads of their era. Their unbridled, unified stream of energy is captured on several records, but is even more enjoyable live.<\/p>\n<p><strong>Caspar Br\u00f6tzmann<\/strong> has extensively and successfully emancipated himself musically from his father, with whom he recorded the album \u201eLast Home\u201c in 1990. The radicality of expression in turn reflects the family ties, with the difference that Caspar's vulnerability is reflected in his compositions. He is certainly one of the most extraordinary avant-garde guitarists of his time, who has created his own unmistakable sound. Further projects with FM Einheit (<strong>Collapsing New Buildings<\/strong>) or Page Hamilton (<strong>Helmet<\/strong>). \u201eMusic that could also hang in the Louvre,\u201c says an old friend and pioneer of the band, <strong>Monika D\u00f6ring<\/strong> (Loft Concerts Berlin). <strong>Thurston Moore<\/strong> from <strong>Sonic Youth<\/strong> Caspar is considered one of the best guitarists he has ever met. The band <strong>Caspar Br\u00f6tzmann massacre<\/strong> is his life's work. He leads it together with his friends and exceptional musicians <strong>Eduardo Delgado Lopez<\/strong> (bass, vocals) and <strong>Danny Arnold Lommen<\/strong> (drums).<\/p>\n<p><strong style=\"font-weight: 400;\">The concert will be recorded live! Ear plugs are recommended.\u00a0<\/strong><\/p>\n<p style=\"font-weight: 400;\"><strong>\u00a0<\/strong><strong>For the realization of the program series we thank<\/strong><strong>\u00a0the <\/strong><a href=\"https:\/\/www.villingen-schwenningen.de\/rathaus-leben\/aemter-und-einrichtungen\/amt-fuer-kultur\/\" target=\"_blank\" rel=\"noopener\"><strong>Villingen-Schwenningen Office for Culture<\/strong><\/a><strong>\u00a0.<\/strong><\/p>\n<p style=\"font-weight: 400;\">June 6, 2025<\/p>\n<p><strong>Members, students, people with disabilities: 30 euros<br \/>\n<\/strong><strong>Regular: 35 Euro<\/strong><\/p>\n<p><strong>MPS-STUDIO<\/strong><br \/>\nRichthofenstrasse 1\/1<br \/>\n78048 VS-Villingen<\/p>\n<p><strong>ATTENTION: ABSOLUTE PARKING BAN IN THE COURTYARD! BICYCLES EXCLUDED.<\/strong><\/p>\n<p><strong>Admission:<\/strong> 19:00<br \/>\n<strong>Start:<\/strong> 20:00<\/p>","protected":false},"excerpt":{"rendered":"<p>SOLD OUT! AUSVERKAUFT! &nbsp; Geboren 1962 im geteilten Deutschland der Nachkriegszeit, begann Caspar Br\u00f6tzmann zuerst mit dem Klavierspiel. Zu seinen Hauptinspirationen geh\u00f6rten Hanns Eisler, der S\u00e4nger Ernst Busch, die \u201eHausmusik\u201c seiner Mutter und auch die r\u00f6hrenden Kl\u00e4nge seines Vaters, des virtuosen Saxophon-Giganten Peter Br\u00f6tzmann, auch bekannt als \u201eDie teutonische Axt\u201c &#8211; eine Schl\u00fcsselfigur der europ\u00e4ischen [&hellip;]<\/p>","protected":false},"featured_media":4190,"comment_status":"open","ping_status":"closed","template":"","meta":{"_acf_changed":false,"_et_pb_use_builder":"","_et_pb_old_content":"","_et_gb_content_width":"","iawp_total_views":48},"product_brand":[],"product_cat":[20],"product_tag":[537,690,687,686,538,689,558,314,561,319,542,560,685,688],"class_list":{"0":"post-4180","1":"product","2":"type-product","3":"status-publish","4":"has-post-thumbnail","6":"product_cat-unkategorisiert","7":"product_tag-analogstudio","8":"product_tag-chris-spencer","9":"product_tag-cop-shoot-cop","10":"product_tag-human-impact","11":"product_tag-jazz-schwarzwald","12":"product_tag-jim-coleman","13":"product_tag-joachim-ernst-berendt","14":"product_tag-mps-live-recording","15":"product_tag-mps-studio","16":"product_tag-mps-studio-e-v","17":"product_tag-museum-villingen","18":"product_tag-saba-studio","19":"product_tag-swans","20":"product_tag-unsane","22":"first","23":"outofstock","24":"shipping-taxable","25":"purchasable","26":"product-type-variable"},"acf":[],"_links":{"self":[{"href":"https:\/\/mps-studio.de\/en\/wp-json\/wp\/v2\/product\/4180","targetHints":{"allow":["GET"]}}],"collection":[{"href":"https:\/\/mps-studio.de\/en\/wp-json\/wp\/v2\/product"}],"about":[{"href":"https:\/\/mps-studio.de\/en\/wp-json\/wp\/v2\/types\/product"}],"replies":[{"embeddable":true,"href":"https:\/\/mps-studio.de\/en\/wp-json\/wp\/v2\/comments?post=4180"}],"wp:featuredmedia":[{"embeddable":true,"href":"https:\/\/mps-studio.de\/en\/wp-json\/wp\/v2\/media\/4190"}],"wp:attachment":[{"href":"https:\/\/mps-studio.de\/en\/wp-json\/wp\/v2\/media?parent=4180"}],"wp:term":[{"taxonomy":"product_brand","embeddable":true,"href":"https:\/\/mps-studio.de\/en\/wp-json\/wp\/v2\/product_brand?post=4180"},{"taxonomy":"product_cat","embeddable":true,"href":"https:\/\/mps-studio.de\/en\/wp-json\/wp\/v2\/product_cat?post=4180"},{"taxonomy":"product_tag","embeddable":true,"href":"https:\/\/mps-studio.de\/en\/wp-json\/wp\/v2\/product_tag?post=4180"}],"curies":[{"name":"wp","href":"https:\/\/api.w.org\/{rel}","templated":true}]}}