{"id":4245,"date":"2025-01-28T12:01:31","date_gmt":"2025-01-28T12:01:31","guid":{"rendered":"https:\/\/mps-studio.de\/?post_type=product&#038;p=4245"},"modified":"2025-11-06T17:33:11","modified_gmt":"2025-11-06T17:33:11","slug":"barbara-brieger-uli-kieckbusch-live-concert","status":"publish","type":"product","link":"https:\/\/mps-studio.de\/en\/product\/barbara-brieger-uli-kieckbusch-live-concert","title":{"rendered":"BARBARA BRIEGER \/ ULI KIECKBUSCH - LIVE CONCERT"},"content":{"rendered":"<p><strong>PIANO QUADRUMANE<\/strong><br \/>\nCompositions by Uli Johannes Kieckbusch<\/p>\n<p><strong>Barbara Brieger,<\/strong> Piano<br \/>\n<strong>Uli Johannes Kieckbusch<\/strong>, Piano<\/p>\n<p><strong>Uli Johannes Kieckbusch<\/strong>, composer and pianist, has so far performed two concerts together with the percussion legend <strong>G\u00fcnter Baby Sommer<\/strong> played in the MPS studio. Last year, the two celebrated their 150th birthday with a big concert in Wuppertal.<\/p>\n<p>This time, Kieckbusch is bringing a piano luminary into the studio: his former piano mentor <strong>Barbara Brieger<\/strong> from the Trossingen University of Music. The program will mainly feature Kieckbusch's four-hand piano works, which leave plenty of room for improvisation.<\/p>\n<p>Kieckbusch conceived and organized various concert series. In 2020, he left Baden-W\u00fcrttemberg and moved to Wuppertal, where he founded the<br \/>\ntook over the artistic direction of the concert association Unerh\u00f6rt! e.V. With <strong>Cecil Taylor<\/strong> improvising together was probably the most formative musical-improvisational experience for Kieckbusch; in terms of composition, it was the encounter with <strong>Morton Feldman<\/strong>.<\/p>\n<p><strong>Barbara Brieger<\/strong> was born in Brazil and, after studying piano in Sao Paulo, was a scholarship holder at the Hochschule f\u00fcr Musik in Munich. She then taught in Rio de Janeiro and was in demand in Brazil as a soloist, chamber and orchestral musician. In 1963, she came to the Trossingen University of Music as a DAAD scholarship holder in order to obtain a degree that was also recognized in Germany. She began teaching at the university 3 years later and only ended her teaching commitment in 2013, 50 years after her matriculation. She was also <strong>Barbara Brieger<\/strong> artistically active in many different ways, not only as a soloist, but also as a soloist with orchestra. She is a sophisticated sound artist who knows how to distinguish and master the finest nuances of sound. This makes her a sought-after accompanist and chamber musician. Uli Johannes Kieckbusch, who is now one of the few improvisers who place great emphasis on sound culture, also benefits from this. He began his piano studies in Trossingen in 1974, and of course studied piano with <strong>Barbara Brieger<\/strong>.<\/p>\n<p style=\"font-weight: 400;\"><strong>For the realization of the program series we thank<\/strong><strong>\u00a0the <\/strong><a href=\"https:\/\/www.villingen-schwenningen.de\/rathaus-leben\/aemter-und-einrichtungen\/amt-fuer-kultur\/\" target=\"_blank\" rel=\"noopener\"><strong>Villingen-Schwenningen Office for Culture<\/strong><\/a><strong>\u00a0.<\/strong><\/p>\n<p style=\"font-weight: 400;\">May 24, 2025<\/p>\n<p><strong>Members, students, people with disabilities: 20 euros<br \/>\n<\/strong><strong>Regular: 22 Euro<\/strong><\/p>\n<p><strong>MPS-STUDIO<\/strong><br \/>\nRichthofenstrasse 1\/1<br \/>\n78048 VS-Villingen<\/p>\n<p><strong>ATTENTION: ABSOLUTE PARKING BAN IN THE COURTYARD! BICYCLES EXCLUDED.<\/strong><\/p>\n<p><strong>Admission:<\/strong> 19:00<br \/>\n<strong>Start:<\/strong> 20:00<\/p>","protected":false},"excerpt":{"rendered":"<p>PIANO QUADRUMANE Kompositionen von Uli Johannes Kieckbusch Barbara Brieger, Klavier Uli Johannes Kieckbusch, Klavier Uli Johannes Kieckbusch, Komponist und Pianist, hat bisher zwei Konzerte zusammen mit der Schlagzeug-Legende G\u00fcnter Baby Sommer im MPS-Studio gespielt. Letztes Jahr feierten die beiden mit einem gro\u00dfen Konzert in Wuppertal ihren 150. Geburtstag. Diesmal bringt Kieckbusch eine Klavierkoryph\u00e4e mit ins [&hellip;]<\/p>","protected":false},"featured_media":4253,"comment_status":"open","ping_status":"closed","template":"","meta":{"_acf_changed":false,"_et_pb_use_builder":"","_et_pb_old_content":"","_et_gb_content_width":"","iawp_total_views":31},"product_brand":[],"product_cat":[20],"product_tag":[537,702,422,538,558,314,561,319,542,560,701],"class_list":{"0":"post-4245","1":"product","2":"type-product","3":"status-publish","4":"has-post-thumbnail","6":"product_cat-unkategorisiert","7":"product_tag-analogstudio","8":"product_tag-barbara-brieger","9":"product_tag-improvisation","10":"product_tag-jazz-schwarzwald","11":"product_tag-joachim-ernst-berendt","12":"product_tag-mps-live-recording","13":"product_tag-mps-studio","14":"product_tag-mps-studio-e-v","15":"product_tag-museum-villingen","16":"product_tag-saba-studio","17":"product_tag-uli-kieckbusch","19":"first","20":"instock","21":"shipping-taxable","22":"purchasable","23":"product-type-variable"},"acf":[],"_links":{"self":[{"href":"https:\/\/mps-studio.de\/en\/wp-json\/wp\/v2\/product\/4245","targetHints":{"allow":["GET"]}}],"collection":[{"href":"https:\/\/mps-studio.de\/en\/wp-json\/wp\/v2\/product"}],"about":[{"href":"https:\/\/mps-studio.de\/en\/wp-json\/wp\/v2\/types\/product"}],"replies":[{"embeddable":true,"href":"https:\/\/mps-studio.de\/en\/wp-json\/wp\/v2\/comments?post=4245"}],"wp:featuredmedia":[{"embeddable":true,"href":"https:\/\/mps-studio.de\/en\/wp-json\/wp\/v2\/media\/4253"}],"wp:attachment":[{"href":"https:\/\/mps-studio.de\/en\/wp-json\/wp\/v2\/media?parent=4245"}],"wp:term":[{"taxonomy":"product_brand","embeddable":true,"href":"https:\/\/mps-studio.de\/en\/wp-json\/wp\/v2\/product_brand?post=4245"},{"taxonomy":"product_cat","embeddable":true,"href":"https:\/\/mps-studio.de\/en\/wp-json\/wp\/v2\/product_cat?post=4245"},{"taxonomy":"product_tag","embeddable":true,"href":"https:\/\/mps-studio.de\/en\/wp-json\/wp\/v2\/product_tag?post=4245"}],"curies":[{"name":"wp","href":"https:\/\/api.w.org\/{rel}","templated":true}]}}