{"id":4259,"date":"2025-01-29T19:50:57","date_gmt":"2025-01-29T19:50:57","guid":{"rendered":"https:\/\/mps-studio.de\/?post_type=product&#038;p=4259"},"modified":"2025-11-06T17:32:55","modified_gmt":"2025-11-06T17:32:55","slug":"hedvig-mollestad-trio","status":"publish","type":"product","link":"https:\/\/mps-studio.de\/en\/product\/hedvig-mollestad-trio","title":{"rendered":"HEDVIG MOLLESTAD TRIO (NOR) LIVE CONCERT"},"content":{"rendered":"<p>THE CONCERT IS SOLD OUT!<\/p>\n<p>THE CONCERT IS SOLD OUT!<\/p>\n<p>THE CONCERT IS SOLD OUT!<\/p>\n<p>Jazz or rock? Stonerswing? Or perhaps doom jazz? For every new record of the <strong>Hedvig Mollestad Trios<\/strong> critics have been trying to find a suitable genre name for their captivating, uncompromising and visceral music. The music magazine Classic Rock came closest: <strong>Jazz Sabbath<\/strong>. The band's eclectic mix of influences ranges from <strong>Black Sabbath<\/strong> and <strong>Jimi Hendrix, Robert Fripp <\/strong>up to <strong>John Coltrane or Bill\u00a0<b>Frisell<\/b> <\/strong>and contemporary jazz and heavy sounds. This has proven to be a recipe for success: The <strong>Hedvig Mollestad Trio<\/strong> has a steadily growing international fan base.<\/p>\n<p>The trio was founded in 2009 after <strong>Mollestad<\/strong> from the <strong>Molde Jazz Festival<\/strong> as \u201eyoung jazz talent of the year\u201c, and the following year was honored by the Norwegian cult label <a href=\"https:\/\/de.wikipedia.org\/wiki\/Rune_Grammofon\" target=\"_blank\" rel=\"noopener\"><strong>Rune gramophone<\/strong><\/a> (Elephant9, Fire! Orchestra, Krokofant, Motorpsycho, among others). Like all their colleagues from Norway, the band is characterized by a high level of musicality and independence.<\/p>\n<p>The trio has become a live favorite, whether you have a heart for jazz or the heavy beats of good old rock'n'roll, and has played everything from grimy little clubs around the world to classic concert halls. Whether opening for <strong>John McLaughlin<\/strong> or at the big festivals like <strong>Roadburn, Tons of Rock, Berlin Jazz Festival, London Jazz Festival, Tampere Jazz Happening<\/strong> or <strong>\u00d8yafestivalen<\/strong>.<\/p>\n<p>As recent performances online and on location have shown, this trio exudes confidence and has become a sure-fire hit on the Norwegian live scene. And while we are right to praise Hedvig's exceptional skills, let's not forget the importance of the rhythm section: <strong>Ellen Brekken<\/strong> is an accomplished bassist who drives the band with her electric bass as well as her double bass. And then there is <strong>Ivar Loe Bj\u00f8rnstad<\/strong>, no ordinary rock drummer, no ordinary jazz drummer, but in possession of the above-mentioned loose swing.<\/p>\n<p>We are looking forward to the Black Forest premiere of the Hedvig Mollestad Trio in the MPS studio.<\/p>\n<p style=\"font-weight: 400;\"><strong>\u00a0<\/strong><strong>For the realization of the program series we thank<\/strong><strong>\u00a0the <\/strong><a href=\"https:\/\/www.villingen-schwenningen.de\/rathaus-leben\/aemter-und-einrichtungen\/amt-fuer-kultur\/\" target=\"_blank\" rel=\"noopener\"><strong>Villingen-Schwenningen Office for Culture<\/strong><\/a><strong>\u00a0.<\/strong><\/p>\n<p style=\"font-weight: 400;\">August 22, 2025<\/p>\n<p><strong>Members, students, people with disabilities: 27 euros<br \/>\n<\/strong><strong>Regular: 30 Euro<\/strong><\/p>\n<p><strong>MPS-STUDIO<\/strong><br \/>\nRichthofenstrasse 1\/1<br \/>\n78048 VS-Villingen<\/p>\n<p><strong>ATTENTION: ABSOLUTE PARKING BAN IN THE COURTYARD! BICYCLES EXCLUDED.<\/strong><\/p>\n<p><strong>Admission:<\/strong> 19:00<br \/>\n<strong>Start:<\/strong> 20:00<\/p>","protected":false},"excerpt":{"rendered":"<p>DAS KONZERT IST AUSVERKAUFT! DAS KONZERT IST AUSVERKAUFT! DAS KONZERT IST AUSVERKAUFT! Jazz oder Rock? Stonerswing? Oder vielleicht Doomjazz? F\u00fcr jede neue Platte des Hedvig Mollestad Trios versuchen die Kritiker, einen passenden Genre-Namen f\u00fcr ihre fesselnde, kompromisslose und viszerale Musik zu finden. Die Musikzeitschrift Classic Rock kam dem am n\u00e4chsten: Jazz Sabbath. Die eklektische Mischung [&hellip;]<\/p>","protected":false},"featured_media":4363,"comment_status":"open","ping_status":"closed","template":"","meta":{"_acf_changed":false,"_et_pb_use_builder":"","_et_pb_old_content":"","_et_gb_content_width":"","iawp_total_views":39},"product_brand":[],"product_cat":[20],"product_tag":[537,690,687,686,538,689,558,314,561,319,542,560,685,688],"class_list":{"0":"post-4259","1":"product","2":"type-product","3":"status-publish","4":"has-post-thumbnail","6":"product_cat-unkategorisiert","7":"product_tag-analogstudio","8":"product_tag-chris-spencer","9":"product_tag-cop-shoot-cop","10":"product_tag-human-impact","11":"product_tag-jazz-schwarzwald","12":"product_tag-jim-coleman","13":"product_tag-joachim-ernst-berendt","14":"product_tag-mps-live-recording","15":"product_tag-mps-studio","16":"product_tag-mps-studio-e-v","17":"product_tag-museum-villingen","18":"product_tag-saba-studio","19":"product_tag-swans","20":"product_tag-unsane","22":"first","23":"outofstock","24":"shipping-taxable","25":"purchasable","26":"product-type-variable"},"acf":[],"_links":{"self":[{"href":"https:\/\/mps-studio.de\/en\/wp-json\/wp\/v2\/product\/4259","targetHints":{"allow":["GET"]}}],"collection":[{"href":"https:\/\/mps-studio.de\/en\/wp-json\/wp\/v2\/product"}],"about":[{"href":"https:\/\/mps-studio.de\/en\/wp-json\/wp\/v2\/types\/product"}],"replies":[{"embeddable":true,"href":"https:\/\/mps-studio.de\/en\/wp-json\/wp\/v2\/comments?post=4259"}],"wp:featuredmedia":[{"embeddable":true,"href":"https:\/\/mps-studio.de\/en\/wp-json\/wp\/v2\/media\/4363"}],"wp:attachment":[{"href":"https:\/\/mps-studio.de\/en\/wp-json\/wp\/v2\/media?parent=4259"}],"wp:term":[{"taxonomy":"product_brand","embeddable":true,"href":"https:\/\/mps-studio.de\/en\/wp-json\/wp\/v2\/product_brand?post=4259"},{"taxonomy":"product_cat","embeddable":true,"href":"https:\/\/mps-studio.de\/en\/wp-json\/wp\/v2\/product_cat?post=4259"},{"taxonomy":"product_tag","embeddable":true,"href":"https:\/\/mps-studio.de\/en\/wp-json\/wp\/v2\/product_tag?post=4259"}],"curies":[{"name":"wp","href":"https:\/\/api.w.org\/{rel}","templated":true}]}}