{"id":4644,"date":"2025-03-03T16:37:50","date_gmt":"2025-03-03T16:37:50","guid":{"rendered":"https:\/\/mps-studio.de\/?post_type=product&#038;p=4644"},"modified":"2025-11-06T17:31:54","modified_gmt":"2025-11-06T17:31:54","slug":"vollmaier","status":"publish","type":"product","link":"https:\/\/mps-studio.de\/en\/product\/vollmaier","title":{"rendered":"SA\u0160O VOLLMAIER (SVN) LIVE CONCERT"},"content":{"rendered":"<p><strong>Sa\u0161o Vollmaier<\/strong> is a Slovenian composer and pianist. He works with the <strong>Panteatre<\/strong> and the <strong>Roy Hart International Art Center<\/strong> in Paris, the <strong>Studio for performing arts<\/strong> in D\u00fcsseldorf and has been teaching at the Academy of Arts in Arezzo, Italy, since 2014. In recent years, he has also intensified his own solo projects, which primarily include <strong>Vollmaier: Kind of Laibach<\/strong>, <strong>Vollmaier:Nietzsche<\/strong>\u00a0and <strong>Vollmaier:Ligeti (How to Explain Ligeti to a Dead Audience)<\/strong> include.<\/p>\n<p>He seeks his expression in darker sound spaces, between the classical and improvised worlds. He was awarded the Yamaha Artist Prize (2023). In recent years, he has also been active in the field of performance and theater, creating music for dance and theater performances. His passion for the human voice led him to the \u201eCentre Artistique International Roy Hart\u201c (Mal\u00e9rargues, France) and the Accademia dell'Arte (Arezzo, Italy).<\/p>\n<p>Vollmaier will play 2 sets of 40 minutes each:<\/p>\n<p><strong>Vollmaier: Kind of Laibach<\/strong><br \/>\nImagine what it would be like to carve out a piano classic from the \u201eindustrial\u201c, monolithic sound of the Slovenian cult band Laibach. Vollmaier does not take on this challenge, as one might expect, by means of preparations or electronic interventions, but by taking inspiration from the piano virtuosos Glenn Gould and Vladimir Horowitz as well as from one of his teachers (formerly also a member of the band <strong>Ljubljana<\/strong>) <strong>Aci Bertoncelj<\/strong> is inspired. He remains true to the original music by exploring the extreme limits of the performer and the instrument. The linear rigor of <strong>Ljubljana<\/strong> he breaks with industrial precision and physical endurance, but the end result is surprisingly even more monolithic.<\/p>\n<p><strong>Vollmaier: Error<br \/>\n<\/strong>A new composition that will be premiered in February at the prestigious <strong>Ment Festival<\/strong> in Ljubljana and for the first time in Germany in the <strong>MPS Studio<\/strong> is performed. In addition to the performance of the <strong>B\u00f6sendorfer Grand Imperial<\/strong> electronics will also be used.<\/p>\n<p>&nbsp;<\/p>\n<p style=\"font-weight: 400;\"><strong>Thanks for the implementation of the program series<br \/>\nwe<\/strong> <strong>the <\/strong><a href=\"https:\/\/www.villingen-schwenningen.de\/rathaus-leben\/aemter-und-einrichtungen\/amt-fuer-kultur\/\" target=\"_blank\" rel=\"noopener\"><strong>Villingen-Schwenningen Office for Culture<\/strong><\/a><strong>\u00a0.<\/strong><\/p>\n<p style=\"font-weight: 400;\">July 12, 2025<\/p>\n<p><strong>Members, students, people with disabilities: 22 euros<br \/>\n<\/strong><strong>Regular: 25 Euro<\/strong><\/p>\n<p><strong>MPS-STUDIO<\/strong><br \/>\nRichthofenstrasse 1\/1<br \/>\n78048 VS-Villingen<\/p>\n<p><strong>ATTENTION: ABSOLUTE PARKING BAN IN THE COURTYARD! BICYCLES EXCLUDED.<\/strong><\/p>\n<p><strong>Admission:<\/strong> 19:00<br \/>\n<strong>Start:<\/strong> 20:00<\/p>","protected":false},"excerpt":{"rendered":"<p>Sa\u0161o Vollmaier ist ein slowenischer Komponist und Pianist. Er arbeitet mit dem Panteatre und dem Roy Hart International Art Centre in Paris, dem Atelier f\u00fcr Darstellende Kunst in D\u00fcsseldorf und unterrichtet seit 2014 an der Akademie der K\u00fcnste in Arezzo, Italien. In den letzten Jahren hat er auch seine eigenen Soloprojekte intensiviert, zu denen vor [&hellip;]<\/p>","protected":false},"featured_media":4652,"comment_status":"open","ping_status":"closed","template":"","meta":{"_acf_changed":false,"_et_pb_use_builder":"","_et_pb_old_content":"","_et_gb_content_width":"","iawp_total_views":14},"product_brand":[],"product_cat":[20],"product_tag":[537,403,558,755,314,561,319,542,754,560,757,758,759,756],"class_list":{"0":"post-4644","1":"product","2":"type-product","3":"status-publish","4":"has-post-thumbnail","6":"product_cat-unkategorisiert","7":"product_tag-analogstudio","8":"product_tag-boesendorfer-grand-imperial","9":"product_tag-joachim-ernst-berendt","10":"product_tag-laibach","11":"product_tag-mps-live-recording","12":"product_tag-mps-studio","13":"product_tag-mps-studio-e-v","14":"product_tag-museum-villingen","15":"product_tag-photo-nika-hoelcl","16":"product_tag-saba-studio","17":"product_tag-sas","18":"product_tag-saso-vollmaier","19":"product_tag-urlaub-im-schwarzwald","20":"product_tag-vollmaier","22":"first","23":"instock","24":"shipping-taxable","25":"purchasable","26":"product-type-variable"},"acf":[],"_links":{"self":[{"href":"https:\/\/mps-studio.de\/en\/wp-json\/wp\/v2\/product\/4644","targetHints":{"allow":["GET"]}}],"collection":[{"href":"https:\/\/mps-studio.de\/en\/wp-json\/wp\/v2\/product"}],"about":[{"href":"https:\/\/mps-studio.de\/en\/wp-json\/wp\/v2\/types\/product"}],"replies":[{"embeddable":true,"href":"https:\/\/mps-studio.de\/en\/wp-json\/wp\/v2\/comments?post=4644"}],"wp:featuredmedia":[{"embeddable":true,"href":"https:\/\/mps-studio.de\/en\/wp-json\/wp\/v2\/media\/4652"}],"wp:attachment":[{"href":"https:\/\/mps-studio.de\/en\/wp-json\/wp\/v2\/media?parent=4644"}],"wp:term":[{"taxonomy":"product_brand","embeddable":true,"href":"https:\/\/mps-studio.de\/en\/wp-json\/wp\/v2\/product_brand?post=4644"},{"taxonomy":"product_cat","embeddable":true,"href":"https:\/\/mps-studio.de\/en\/wp-json\/wp\/v2\/product_cat?post=4644"},{"taxonomy":"product_tag","embeddable":true,"href":"https:\/\/mps-studio.de\/en\/wp-json\/wp\/v2\/product_tag?post=4644"}],"curies":[{"name":"wp","href":"https:\/\/api.w.org\/{rel}","templated":true}]}}