{"id":4866,"date":"2025-03-30T11:21:49","date_gmt":"2025-03-30T11:21:49","guid":{"rendered":"https:\/\/mps-studio.de\/?post_type=product&#038;p=4866"},"modified":"2025-11-06T17:30:07","modified_gmt":"2025-11-06T17:30:07","slug":"fuehrung-durch-das-mps-studio-september-i-boesendorfer-grand-imperial-special","status":"publish","type":"product","link":"https:\/\/mps-studio.de\/en\/product\/fuehrung-durch-das-mps-studio-september-i-boesendorfer-grand-imperial-special","title":{"rendered":"GUIDE THROUGH THE MPS STUDIO SEPTEMBER I + B\u00f6sendorfer Grand Imperial Special"},"content":{"rendered":"<p>SOLD OUT - NO MORE SEATS AVAILABLE!<\/p>\n<p style=\"font-weight: 400;\">MPS studio tour with B\u00f6sendorfer Grand Imperial Special<\/p>\n<p style=\"font-weight: 400;\">Visit the listed <strong>MPS Studio<\/strong> and learn more about the history of this historic place, the founder <strong>Hans-Georg Brunner-Schwer<\/strong>, his sound engineers and producers, the recording technology and the label's many releases.<\/p>\n<p style=\"font-weight: 400;\">Various music samples from the active time of the recording studio and label <strong>MPS<\/strong> take you on an acoustic journey back to the 60s. A guided tour through the rooms allows you to walk in the footsteps of international music history and experience the important recording studio in an authentic way.<\/p>\n<p style=\"font-weight: 400;\">In addition, the pianist, music teacher and expert for keyboard instruments <strong>Hartmut Janke<\/strong> our exceptional concert grand piano, the <strong>B\u00f6sendorfer Grand Imperial<\/strong>, before. You can look forward to live demonstrations on the concert grand piano, for which Hartmut Janke always brings particularly talented young musicians to the MPS stage.<\/p>\n<p style=\"font-weight: 400;\">Duration approx. 2 hours.<\/p>\n<p style=\"font-weight: 400;\">Please use the advance booking, the number of participants is limited.<\/p>\n<p><strong>Registration required!<\/strong><br \/>\nPlease use the advance booking.<\/p>\n<p>Members free (please register at public(at)mps-studio.de)<br \/>\nChildren up to 12 years free (please register at public(at)mps-studio.de)<br \/>\nReduced (pupils, students, people with disabilities) 8 Euro<br \/>\nRegular 12 Euro<\/p>\n<p><strong>Admission: 14:40<\/strong><br \/>\n<strong>Start: 15:00<\/strong><\/p>\n<p><strong>Please park in the Waldstrasse. No parking in our yard. Bicycles excluded.<\/strong><\/p>\n<p>&nbsp;<\/p>","protected":false},"excerpt":{"rendered":"<p>AUSVERKAUFT &#8211; KEINE PL\u00c4TZE MEHR FREI! MPS-Studiof\u00fchrung mit B\u00f6sendorfer Grand Imperial Special Besuchen Sie das denkmalgesch\u00fctzte MPS-Studio und erfahren Sie mehr \u00fcber die Geschichte dieses historischen Ortes, den Gr\u00fcnder Hans-Georg Brunner-Schwer, seine Tontechniker und Produzenten, die Aufnahmetechnik und die vielf\u00e4ltigen Ver\u00f6ffentlichungen des Labels. Verschiedene Musikbeispiele aus der aktiven Zeit des Tonstudios und Labels MPS nehmen [&hellip;]<\/p>","protected":false},"featured_media":4097,"comment_status":"open","ping_status":"closed","template":"","meta":{"_acf_changed":false,"_et_pb_use_builder":"","_et_pb_old_content":"","_et_gb_content_width":"","iawp_total_views":14},"product_brand":[],"product_cat":[20],"product_tag":[537,403,540,317,541,539,538,353,542,316,543],"class_list":{"0":"post-4866","1":"product","2":"type-product","3":"status-publish","4":"has-post-thumbnail","6":"product_cat-unkategorisiert","7":"product_tag-analogstudio","8":"product_tag-boesendorfer-grand-imperial","9":"product_tag-denkmalschutz","10":"product_tag-frank-baumann","11":"product_tag-gemeinnuetzig","12":"product_tag-hartmut-janke","13":"product_tag-jazz-schwarzwald","14":"product_tag-mps-studio-fuehrung","15":"product_tag-museum-villingen","16":"product_tag-toeni-schifer","17":"product_tag-villingen-sehenswuerdigkeiten","19":"first","20":"outofstock","21":"shipping-taxable","22":"purchasable","23":"product-type-variable"},"acf":[],"_links":{"self":[{"href":"https:\/\/mps-studio.de\/en\/wp-json\/wp\/v2\/product\/4866","targetHints":{"allow":["GET"]}}],"collection":[{"href":"https:\/\/mps-studio.de\/en\/wp-json\/wp\/v2\/product"}],"about":[{"href":"https:\/\/mps-studio.de\/en\/wp-json\/wp\/v2\/types\/product"}],"replies":[{"embeddable":true,"href":"https:\/\/mps-studio.de\/en\/wp-json\/wp\/v2\/comments?post=4866"}],"wp:featuredmedia":[{"embeddable":true,"href":"https:\/\/mps-studio.de\/en\/wp-json\/wp\/v2\/media\/4097"}],"wp:attachment":[{"href":"https:\/\/mps-studio.de\/en\/wp-json\/wp\/v2\/media?parent=4866"}],"wp:term":[{"taxonomy":"product_brand","embeddable":true,"href":"https:\/\/mps-studio.de\/en\/wp-json\/wp\/v2\/product_brand?post=4866"},{"taxonomy":"product_cat","embeddable":true,"href":"https:\/\/mps-studio.de\/en\/wp-json\/wp\/v2\/product_cat?post=4866"},{"taxonomy":"product_tag","embeddable":true,"href":"https:\/\/mps-studio.de\/en\/wp-json\/wp\/v2\/product_tag?post=4866"}],"curies":[{"name":"wp","href":"https:\/\/api.w.org\/{rel}","templated":true}]}}