{"id":4998,"date":"2025-05-28T14:40:17","date_gmt":"2025-05-28T14:40:17","guid":{"rendered":"https:\/\/mps-studio.de\/?post_type=product&#038;p=4998"},"modified":"2025-11-10T11:26:53","modified_gmt":"2025-11-10T11:26:53","slug":"marcelalucatelli","status":"publish","type":"product","link":"https:\/\/mps-studio.de\/en\/product\/marcelalucatelli","title":{"rendered":"Marcela Lucatelli, Jonas Engel, Dominik Mahnig - LIVE CONCERT"},"content":{"rendered":"<p data-start=\"474\" data-end=\"1017\"><strong data-start=\"474\" data-end=\"592\">Marcela Lucatelli is changing the jazz landscape - with radical vocal experiments and pulsating avant-garde jazz.<\/strong><\/p>\n<p>In her new trio, the Brazilian singer meets the German saxophonist and electronic artist <b>Jonas Engel <\/b>and the Swiss percussionist <b>Dominik Mahnig<\/b>. The exceptional artist with Brazilian roots joins forces here with two award-winning, innovative musicians from the European jazz scene. Together they transcend musical boundaries and open up spaces for new sensory experiences.<\/p>\n<p>The result: an elegant yet raw tapestry of sound in which jazz, experimental music and free improvisation interweave to create a captivating, transformative experience. <b>Lucatelli, Engel and Mahnig<\/b> permeate each other - and their audience. Sometimes they give each other space, sometimes they demand it - smoothly and defiantly at the same time. They bring music back to the ground of immediacy - raw, genuine, forceful. Music not as an escape from everyday life, but as an invitation to engage with reality.<\/p>\n<p>The three made their celebrated debut at the <b>Copenhagen Jazz Festival at the Royal Danish Playhouse. <\/b>The result is a remarkable live album - a musical work that captures the intense interaction with the Danish audience and much more.<\/p>\n<p><b>Marcela Lucatelli <\/b>is a formative figure on the international music scene. She combines new compositional approaches, vocal innovations and often politically charged performances. For her, the stage is more than a place of artistic expression - it is a place of resistance, a battleground for art and attitude. She explores the extreme possibilities of her voice in almost two ways - between gentle harmonies, threatening breath sounds and twisted melodies. With her album <i>\u201eNecromancy\u201c<\/i>, which shows the term \u201evocal jazz\u201c in new, even uncomfortable colors, she won the prize for \u201eVocal Jazz Release of the Year\u201c at the Danish Music Awards 2023.<\/p>\n<p><b>Jonas Engel<\/b> is a visionary saxophonist and composer who works at the interface of acoustic and electronic sound production. He explores new acoustic territories with extended playing techniques, custom-built instruments and sonic preparations.<\/p>\n<p><b>Dominik Mahnig<\/b> is an award-winning drummer whose sensitive, agile playing supports melodies with colorful sounds - and at the same time subtly rubs the music against the rhythm.<\/p>\n<p>&nbsp;<\/p>\n<p><strong style=\"font-weight: 400;\">The concert will be recorded live!\u00a0<\/strong><\/p>\n<p style=\"font-weight: 400;\"><strong>For the realization of the program series we thank<\/strong><strong>\u00a0the <\/strong><a href=\"https:\/\/www.villingen-schwenningen.de\/rathaus-leben\/aemter-und-einrichtungen\/amt-fuer-kultur\/\" target=\"_blank\" rel=\"noopener\"><strong>Villingen-Schwenningen Office for Culture<\/strong><\/a><strong>\u00a0.<\/strong><\/p>\n<p style=\"font-weight: 400;\">November 7, 2025<\/p>\n<p><strong>Members, students, people with disabilities: 20 euros<br \/>\n<\/strong><strong>Regular: 22 Euro<\/strong><\/p>\n<p><strong>MPS-STUDIO<\/strong><br \/>\nRichthofenstrasse 1\/1<br \/>\n78048 VS-Villingen<\/p>\n<p><strong>ATTENTION: ABSOLUTE PARKING BAN IN THE COURTYARD! BICYCLES EXCLUDED.<\/strong><\/p>\n<p><strong>Admission:<\/strong> 19:00<br \/>\n<strong>Start:<\/strong> 20:00<\/p>\n<p>&nbsp;<\/p>","protected":false},"excerpt":{"rendered":"<p>Marcela Lucatelli ver\u00e4ndert die Jazzlandschaft \u2013 mit radikalen Vokalexperimenten und pulsierendem Avantgarde-Jazz. In ihrem neuen Trio trifft die brasilianische S\u00e4ngerin auf den deutschen Saxophonisten und Elektronikk\u00fcnstler Jonas Engel sowie den Schweizer Schlagzeuger Dominik Mahnig. Die Ausnahmek\u00fcnstlerin mit brasilianischen Wurzeln verbindet sich hier mit zwei preisgekr\u00f6nten, innovativen Musikern der europ\u00e4ischen Jazzszene. Gemeinsam \u00fcberschreiten sie musikalische Grenzen [&hellip;]<\/p>","protected":false},"featured_media":5143,"comment_status":"open","ping_status":"closed","template":"","meta":{"_acf_changed":false,"_et_pb_use_builder":"","_et_pb_old_content":"","_et_gb_content_width":"","iawp_total_views":290},"product_brand":[],"product_cat":[20],"product_tag":[811,537,813,538,812,810,314,561,319,542,814,560,815],"class_list":{"0":"post-4998","1":"product","2":"type-product","3":"status-publish","4":"has-post-thumbnail","6":"product_cat-unkategorisiert","7":"product_tag-ana-alexandrino","8":"product_tag-analogstudio","9":"product_tag-dominik-mahnig","10":"product_tag-jazz-schwarzwald","11":"product_tag-jonas-engel","12":"product_tag-marcela-lucatelli","13":"product_tag-mps-live-recording","14":"product_tag-mps-studio","15":"product_tag-mps-studio-e-v","16":"product_tag-museum-villingen","17":"product_tag-music-from-brazil","18":"product_tag-saba-studio","19":"product_tag-vocaljazz","21":"first","22":"instock","23":"shipping-taxable","24":"purchasable","25":"product-type-variable"},"acf":[],"_links":{"self":[{"href":"https:\/\/mps-studio.de\/en\/wp-json\/wp\/v2\/product\/4998","targetHints":{"allow":["GET"]}}],"collection":[{"href":"https:\/\/mps-studio.de\/en\/wp-json\/wp\/v2\/product"}],"about":[{"href":"https:\/\/mps-studio.de\/en\/wp-json\/wp\/v2\/types\/product"}],"replies":[{"embeddable":true,"href":"https:\/\/mps-studio.de\/en\/wp-json\/wp\/v2\/comments?post=4998"}],"wp:featuredmedia":[{"embeddable":true,"href":"https:\/\/mps-studio.de\/en\/wp-json\/wp\/v2\/media\/5143"}],"wp:attachment":[{"href":"https:\/\/mps-studio.de\/en\/wp-json\/wp\/v2\/media?parent=4998"}],"wp:term":[{"taxonomy":"product_brand","embeddable":true,"href":"https:\/\/mps-studio.de\/en\/wp-json\/wp\/v2\/product_brand?post=4998"},{"taxonomy":"product_cat","embeddable":true,"href":"https:\/\/mps-studio.de\/en\/wp-json\/wp\/v2\/product_cat?post=4998"},{"taxonomy":"product_tag","embeddable":true,"href":"https:\/\/mps-studio.de\/en\/wp-json\/wp\/v2\/product_tag?post=4998"}],"curies":[{"name":"wp","href":"https:\/\/api.w.org\/{rel}","templated":true}]}}