{"id":5047,"date":"2025-06-04T16:41:04","date_gmt":"2025-06-04T16:41:04","guid":{"rendered":"https:\/\/mps-studio.de\/?post_type=product&#038;p=5047"},"modified":"2025-11-06T17:32:04","modified_gmt":"2025-11-06T17:32:04","slug":"100-jahre-oscar-peterson-live-hannes-klemme-trio","status":"publish","type":"product","link":"https:\/\/mps-studio.de\/en\/product\/100-jahre-oscar-peterson-live-hannes-klemme-trio","title":{"rendered":"100 years of Oscar Peterson - Live: Hannes Klemme Trio"},"content":{"rendered":"<p data-start=\"66\" data-end=\"118\">THE CONCERT IS SOLD OUT!<\/p>\n<p data-start=\"66\" data-end=\"118\">THE CONCERT IS SOLD OUT!<\/p>\n<p data-start=\"66\" data-end=\"118\">THE CONCERT IS SOLD OUT!<\/p>\n<p data-start=\"66\" data-end=\"118\"><strong data-start=\"66\" data-end=\"118\">Oscar Peterson: A tribute to his 100th birthday - Live with the Hannes Klemme Trio<\/strong><\/p>\n<p data-start=\"120\" data-end=\"740\">On August 15, 2025 <strong>Oscar Peterson<\/strong>, one of the greatest pianists in jazz, turned 100 years old. The period from 1963 onwards was particularly formative, when he first gave a house concert at <strong>Hans-Georg Brunner-Schwer<\/strong> played in Villingen. Brunner-Schwer, founder of the legendary MPS label, recognized Peterson's unique talent and made his first recording with him in an intimate atmosphere, his villa, not far from the MPS studio, which set standards in terms of sound quality and musical depth. This collaboration resulted in numerous iconic releases documenting Peterson's extraordinary virtuosity and emotional intensity.<\/p>\n<p data-start=\"742\" data-end=\"1289\">To mark this special anniversary, we are organizing a concert in honour of <strong>Oscar Peterson<\/strong> with the <strong>Hannes Klemme Trio<\/strong>. The young band from Mainz, consisting of Hannes Klemme (piano), Mina Lichtenberg (double bass) and Jurij Espenschied (drums), combines swing, bebop and traditional jazz sounds with a fresh yet timeless aesthetic. With sophisticated arrangements and a dynamic dialog between the instruments, the trio embodies the spirit that Peterson's music also radiated: depth, elegance and joie de vivre.<\/p>\n<p data-start=\"1291\" data-end=\"1597\">The concert will take place on August 15, 2025 and promises an extraordinary musical experience - a journey through Peterson's musical legacy, interpreted by a promising young jazz formation. Let's celebrate the 100th birthday of an unforgettable master together!<\/p>\n<p style=\"font-weight: 400;\"><strong>\u00a0<\/strong><strong>For the realization of the program series we thank<\/strong><strong>\u00a0the <\/strong><a href=\"https:\/\/www.villingen-schwenningen.de\/rathaus-leben\/aemter-und-einrichtungen\/amt-fuer-kultur\/\" target=\"_blank\" rel=\"noopener\"><strong>Villingen-Schwenningen Office for Culture<\/strong><\/a><strong>\u00a0<\/strong><\/p>\n<p style=\"font-weight: 400;\">August 15, 2025<\/p>\n<p><strong>Members, students, people with disabilities: 18 euros<br \/>\n<\/strong><strong>Regular: 20 Euro<\/strong><\/p>\n<p><strong>MPS-STUDIO<\/strong><br \/>\nRichthofenstrasse 1\/1<br \/>\n78048 VS-Villingen<\/p>\n<p><strong>ATTENTION: ABSOLUTE PARKING BAN IN THE COURTYARD! BICYCLES EXCLUDED.<\/strong><\/p>\n<p><strong>Admission:<\/strong>\u00a07:00 p.m.<br \/>\n<strong>Start:<\/strong>\u00a020:00<br \/>\n<strong>Location:<\/strong>\u00a0MPS Studio, Villingen-Schwenningen<br \/>\n<strong>MPS-Studio Bar Drinks<\/strong><\/p>\n<p><iframe loading=\"lazy\" title=\"Dampfwalzer | Hannes Klemme Trio live at MPS\" width=\"1080\" height=\"608\" src=\"https:\/\/www.youtube.com\/embed\/pa91SyPFU7Y?feature=oembed\"  allow=\"accelerometer; autoplay; clipboard-write; encrypted-media; gyroscope; picture-in-picture; web-share\" referrerpolicy=\"strict-origin-when-cross-origin\" allowfullscreen><\/iframe><\/p>\n<p>&nbsp;<\/p>","protected":false},"excerpt":{"rendered":"<p>DAS KONZERT IST AUSVERKAUFT! DAS KONZERT IST AUSVERKAUFT! DAS KONZERT IST AUSVERKAUFT! Oscar Peterson: Eine Hommage zum 100. Geburtstag &#8211; Live mit dem Hannes Klemme Trio Am 15. August 2025 w\u00e4re Oscar Peterson, einer der gr\u00f6\u00dften Pianisten des Jazz, 100 Jahre alt geworden. Besonders pr\u00e4gend war die Zeit ab 1963, als er erstmals ein Hauskonzert [&hellip;]<\/p>","protected":false},"featured_media":5157,"comment_status":"open","ping_status":"closed","template":"","meta":{"_acf_changed":false,"_et_pb_use_builder":"","_et_pb_old_content":"","_et_gb_content_width":"","iawp_total_views":43},"product_brand":[],"product_cat":[20],"product_tag":[537,807,557,538,558,561,319,542,560,316,808],"class_list":{"0":"post-5047","1":"product","2":"type-product","3":"status-publish","4":"has-post-thumbnail","6":"product_cat-unkategorisiert","7":"product_tag-analogstudio","8":"product_tag-harald-kisiedu","9":"product_tag-jazz-meets-the-world","10":"product_tag-jazz-schwarzwald","11":"product_tag-joachim-ernst-berendt","12":"product_tag-mps-studio","13":"product_tag-mps-studio-e-v","14":"product_tag-museum-villingen","15":"product_tag-saba-studio","16":"product_tag-toeni-schifer","17":"product_tag-viktoria-wilhelmine-tiedeke","19":"first","20":"outofstock","21":"shipping-taxable","22":"purchasable","23":"product-type-variable"},"acf":[],"_links":{"self":[{"href":"https:\/\/mps-studio.de\/en\/wp-json\/wp\/v2\/product\/5047","targetHints":{"allow":["GET"]}}],"collection":[{"href":"https:\/\/mps-studio.de\/en\/wp-json\/wp\/v2\/product"}],"about":[{"href":"https:\/\/mps-studio.de\/en\/wp-json\/wp\/v2\/types\/product"}],"replies":[{"embeddable":true,"href":"https:\/\/mps-studio.de\/en\/wp-json\/wp\/v2\/comments?post=5047"}],"wp:featuredmedia":[{"embeddable":true,"href":"https:\/\/mps-studio.de\/en\/wp-json\/wp\/v2\/media\/5157"}],"wp:attachment":[{"href":"https:\/\/mps-studio.de\/en\/wp-json\/wp\/v2\/media?parent=5047"}],"wp:term":[{"taxonomy":"product_brand","embeddable":true,"href":"https:\/\/mps-studio.de\/en\/wp-json\/wp\/v2\/product_brand?post=5047"},{"taxonomy":"product_cat","embeddable":true,"href":"https:\/\/mps-studio.de\/en\/wp-json\/wp\/v2\/product_cat?post=5047"},{"taxonomy":"product_tag","embeddable":true,"href":"https:\/\/mps-studio.de\/en\/wp-json\/wp\/v2\/product_tag?post=5047"}],"curies":[{"name":"wp","href":"https:\/\/api.w.org\/{rel}","templated":true}]}}