{"id":5550,"date":"2025-11-17T14:20:13","date_gmt":"2025-11-17T14:20:13","guid":{"rendered":"https:\/\/mps-studio.de\/?post_type=product&#038;p=5550"},"modified":"2026-03-31T10:27:17","modified_gmt":"2026-03-31T10:27:17","slug":"fuehrung-durch-das-mps-studio-maerz","status":"publish","type":"product","link":"https:\/\/mps-studio.de\/en\/product\/fuehrung-durch-das-mps-studio-maerz","title":{"rendered":"GUIDE THROUGH THE MPS STUDIO March"},"content":{"rendered":"<p>Admission for the studio tour: 14:00 | Start of the studio tour: 14:30<\/p>\n<p>Visit the listed <strong>MPS Studio<\/strong> and learn more about the history of this historic place, the founder <strong>Hans-Georg Brunner-Schwer<\/strong>, his sound engineers and producers, the recording technology and the label's many releases.<\/p>\n<p>In addition, various music samples from the active days of the MPS recording studio and label take you on an acoustic journey back to the 60s and 70s. A guided tour of the rooms allows you to follow in the footsteps of international music history and experience the important recording studio in an authentic way.<\/p>\n<p>Above this we place the <strong>B\u00f6sendorfer Grand Imperial<\/strong> before. Famous pianists have demonstrated their skills on this grand piano.<\/p>\n<p>The MPS bar is open at the same time.<\/p>\n<p style=\"font-weight: 400;\">Please use the advance booking for the studio tour, the number of participants is limited.<\/p>\n<p>&nbsp;<\/p>\n<p style=\"font-weight: 400;\">Members and children up to 12 years free (please register at <a href=\"mailto:public@mps-studio.de\">public@mps-studio.de<\/a>)<br \/>\nReduced (pupils, students, people with disabilities) 8 Euro<br \/>\nRegular 12 Euro<\/p>\n<p style=\"font-weight: 400;\">Please park in the surrounding streets, e.g. in Waldstrasse. There is no parking available in our yard. Except for bicycles. Vehicles can only be parked in the courtyard for loading and unloading.<\/p>","protected":false},"excerpt":{"rendered":"<p>Einlass f\u00fcr die Studiof\u00fchrung: 14:00 | Beginn der Studiof\u00fchrung: 14:30 Besuchen Sie das denkmalgesch\u00fctzte MPS-Studio und erfahren Sie mehr \u00fcber die Geschichte dieses historischen Ortes, den Gr\u00fcnder Hans-Georg Brunner-Schwer, seine Tontechniker und Produzenten, die Aufnahmetechnik und die vielf\u00e4ltigen Ver\u00f6ffentlichungen des Labels. Dar\u00fcber hinaus nehmen Sie verschiedene Musikbeispiele aus der aktiven Zeit des Tonstudios und Labels [&hellip;]<\/p>","protected":false},"featured_media":5543,"comment_status":"open","ping_status":"closed","template":"","meta":{"_acf_changed":false,"_et_pb_use_builder":"","_et_pb_old_content":"","_et_gb_content_width":"","iawp_total_views":240},"product_brand":[],"product_cat":[20],"product_tag":[537,403,540,317,541,677,539,676,538,353,542,675,316,543],"class_list":{"0":"post-5550","1":"product","2":"type-product","3":"status-publish","4":"has-post-thumbnail","6":"product_cat-unkategorisiert","7":"product_tag-analogstudio","8":"product_tag-boesendorfer-grand-imperial","9":"product_tag-denkmalschutz","10":"product_tag-frank-baumann","11":"product_tag-gemeinnuetzig","12":"product_tag-hammondorgel","13":"product_tag-hartmut-janke","14":"product_tag-jam","15":"product_tag-jazz-schwarzwald","16":"product_tag-mps-studio-fuehrung","17":"product_tag-museum-villingen","18":"product_tag-open-stage","19":"product_tag-toeni-schifer","20":"product_tag-villingen-sehenswuerdigkeiten","22":"first","23":"instock","24":"shipping-taxable","25":"purchasable","26":"product-type-variable"},"acf":[],"_links":{"self":[{"href":"https:\/\/mps-studio.de\/en\/wp-json\/wp\/v2\/product\/5550","targetHints":{"allow":["GET"]}}],"collection":[{"href":"https:\/\/mps-studio.de\/en\/wp-json\/wp\/v2\/product"}],"about":[{"href":"https:\/\/mps-studio.de\/en\/wp-json\/wp\/v2\/types\/product"}],"replies":[{"embeddable":true,"href":"https:\/\/mps-studio.de\/en\/wp-json\/wp\/v2\/comments?post=5550"}],"wp:featuredmedia":[{"embeddable":true,"href":"https:\/\/mps-studio.de\/en\/wp-json\/wp\/v2\/media\/5543"}],"wp:attachment":[{"href":"https:\/\/mps-studio.de\/en\/wp-json\/wp\/v2\/media?parent=5550"}],"wp:term":[{"taxonomy":"product_brand","embeddable":true,"href":"https:\/\/mps-studio.de\/en\/wp-json\/wp\/v2\/product_brand?post=5550"},{"taxonomy":"product_cat","embeddable":true,"href":"https:\/\/mps-studio.de\/en\/wp-json\/wp\/v2\/product_cat?post=5550"},{"taxonomy":"product_tag","embeddable":true,"href":"https:\/\/mps-studio.de\/en\/wp-json\/wp\/v2\/product_tag?post=5550"}],"curies":[{"name":"wp","href":"https:\/\/api.w.org\/{rel}","templated":true}]}}