{"id":6144,"date":"2026-05-15T16:42:30","date_gmt":"2026-05-15T16:42:30","guid":{"rendered":"https:\/\/mps-studio.de\/?post_type=product&#038;p=6144"},"modified":"2026-05-15T16:55:12","modified_gmt":"2026-05-15T16:55:12","slug":"ramon-valle-cuban-quartet-exklusives-konzert","status":"publish","type":"product","link":"https:\/\/mps-studio.de\/en\/product\/ramon-valle-cuban-quartet-exklusives-konzert","title":{"rendered":"RAM\u00d3N VALLE CUBAN QUARTET - Exclusive concert"},"content":{"rendered":"<p><b>The <\/b><b>Ram\u00f3n Valle Cuban Quartet<\/b><b> pr\u00e4sentiert Welturauff\u00fchrung und Generalprobe des neuen Albums<\/b><\/p>\n<p>Am 18. Juli wird das MPS-Studio zum Schauplatz eines au\u00dfergew\u00f6hnlichen Konzertabends: Der kubanische Ausnahme-Pianist <strong>Ram\u00f3n Valle<\/strong> kommt mit seinem neu formierten <strong>Cuban Quartet<\/strong> f\u00fcr ein exklusives Konzert nach Deutschland. In dieser Besetzung ist das Ensemble erstmals \u00fcberhaupt zu h\u00f6ren \u2013 zugleich dient der Abend als Generalprobe und Welturauff\u00fchrung des neuen Albumprogramms.<\/p>\n<p>An der Seite von <strong>Ram\u00f3n Valle<\/strong> stehen drei herausragende Musiker der internationalen Jazzszene: der Saxophonist und Klarinettist <strong>Joaquin Sosa<\/strong>, der Bassist <strong>Yandi Martinez<\/strong> sowie der vielfach ausgezeichnete Schlagzeuger <strong>Dafnis Prieto<\/strong>, der seit Jahren zu den pr\u00e4genden Pers\u00f6nlichkeiten des modernen Latin Jazz z\u00e4hlt.<\/p>\n<p><strong>Ram\u00f3n Valle<\/strong> geh\u00f6rt zu den bedeutendsten kubanischen Jazzpianisten seiner Generation. Bereits fr\u00fch begann er seine Ausbildung an der renommierten <strong>Escuela Nacional de Arte<\/strong> in Kuba. Internationale Aufmerksamkeit erlangte er Anfang der 1990er Jahre, als ihn der legend\u00e4re <strong>Chucho Vald\u00e9s<\/strong> als \u201egr\u00f6\u00dftes Talent unter den jungen kubanischen Pianisten\u201c bezeichnete. Seine Komposition <strong>Levitando<\/strong>\u00a0entwickelte sich inzwischen zu einer modernen Hymne des kubanischen Jazz.<\/p>\n<p><strong>Valle<\/strong> begeistert weltweit mit einer Musik, die afro-kubanische Rhythmik, Virtuosit\u00e4t und emotionale Tiefe verbindet. Seine Konzerte f\u00fchrten ihn auf die gro\u00dfen B\u00fchnen internationaler Festivals, darunter das <strong>Montreux Jazz Festival<\/strong>, that <strong>North Sea Jazz Festival<\/strong> oder das <strong>London Jazz Festival<\/strong>. Er stand bereits gemeinsam mit K\u00fcnstlern wie <strong>Roy Hargrove<\/strong> and <strong>Marcus Miller<\/strong> auf der B\u00fchne.<\/p>\n<p>Auch seine Mitmusiker geh\u00f6ren zur ersten Liga des zeitgen\u00f6ssischen Jazz: <strong>Joaquin Sosa<\/strong> verbindet moderne Jazzsprache mit kubanischer Tradition und beeindruckt durch lyrische wie explosive Soli. <strong>Yandi Martinez<\/strong> z\u00e4hlt zu den gefragtesten Bassisten der jungen kubanischen Szene und \u00fcberzeugt mit enormer stilistischer Bandbreite. <strong>Dafnis Prieto<\/strong> schlie\u00dflich ist als <strong>Grammy<\/strong>-pr\u00e4mierter Schlagzeuger international bekannt f\u00fcr seine spektakul\u00e4re Technik, rhythmische Raffinesse und Innovationskraft.<\/p>\n<p>Die internationale Presse feiert <strong>Ram\u00f3n Valle<\/strong> seit Jahren als au\u00dfergew\u00f6hnliche K\u00fcnstlerpers\u00f6nlichkeit. Der britische <strong><i>The Guardian<\/i><\/strong> wrote:<\/p>\n<p>\u201eValle is a more open, overly emotional piano-trio master than Brad Mehldau. McCoy Tyner and Chick Corea are the musicians who come to mind as comparisons.\u201c<br \/>\n\u2605\u2605\u2605\u2605 \u2013 The Guardian, London<\/p>\n<p>Und das amerikanische Magazin <i>JazzTimes<\/i> urteilt:<\/p>\n<p>\u201eValle is equally adept at intensely swinging like Oscar Peterson \u2013 but with a groove that reflects the syncopation of the Afro-Cuban clave.\u201c<br \/>\n\u2013 JazzTimes<\/p>\n<p>Das Konzert im MPS-Studio verspricht einen seltenen und intimen Einblick in die Entstehung eines neuen musikalischen Projekts \u2013 unmittelbar, energiegeladen und auf h\u00f6chstem internationalen Niveau. F\u00fcr Jazzliebhaber d\u00fcrfte dieser Abend zu den besonderen Konzertmomenten des Jahres geh\u00f6ren.<\/p>\n<p>Das Konzert wird live aufgezeichnet.<\/p>\n<p style=\"font-weight: 400;\">Samstag, 18.Juli 2026<\/p>\n<p><strong>Members, students, people with disabilities: 30 euros<br \/>\n<\/strong><strong>Regul\u00e4r: 36 Euro<br \/>\nSupporter ticket: 50 Euro<\/strong><\/p>\n<p><strong>MPS-STUDIO<\/strong><br \/>\nRichthofenstrasse 1\/1<br \/>\n78048 VS-Villingen<\/p>\n<p><strong>ATTENTION: ABSOLUTE PARKING BAN IN THE COURTYARD! BICYCLES EXCLUDED.<\/strong><\/p>\n<p><strong>Admission:<\/strong> 19:00<br \/>\n<strong>Start:<\/strong> 20:00<\/p>\n<p>&nbsp;<\/p>","protected":false},"excerpt":{"rendered":"<p>An exclusive concert in the listed MPS studio in Villingen. Only a few seats. Advance booking is recommended!<\/p>","protected":false},"featured_media":6148,"template":"","meta":{"_acf_changed":false,"_et_pb_use_builder":"","_et_pb_old_content":"","_et_gb_content_width":"","iawp_total_views":33},"product_brand":[],"product_cat":[20],"product_tag":[886,537,889,538,887,314,561,319,542,888,560],"class_list":{"0":"post-6144","1":"product","2":"type-product","3":"status-publish","4":"has-post-thumbnail","6":"product_cat-unkategorisiert","7":"product_tag-200-hertz-female-sounds","8":"product_tag-analogstudio","9":"product_tag-anima","10":"product_tag-jazz-schwarzwald","11":"product_tag-limpe-fuchs","12":"product_tag-mps-live-recording","13":"product_tag-mps-studio","14":"product_tag-mps-studio-e-v","15":"product_tag-museum-villingen","16":"product_tag-pit-holzapfel","17":"product_tag-saba-studio","19":"first","20":"instock","21":"shipping-taxable","22":"purchasable","23":"product-type-variable"},"acf":[],"_links":{"self":[{"href":"https:\/\/mps-studio.de\/en\/wp-json\/wp\/v2\/product\/6144","targetHints":{"allow":["GET"]}}],"collection":[{"href":"https:\/\/mps-studio.de\/en\/wp-json\/wp\/v2\/product"}],"about":[{"href":"https:\/\/mps-studio.de\/en\/wp-json\/wp\/v2\/types\/product"}],"wp:featuredmedia":[{"embeddable":true,"href":"https:\/\/mps-studio.de\/en\/wp-json\/wp\/v2\/media\/6148"}],"wp:attachment":[{"href":"https:\/\/mps-studio.de\/en\/wp-json\/wp\/v2\/media?parent=6144"}],"wp:term":[{"taxonomy":"product_brand","embeddable":true,"href":"https:\/\/mps-studio.de\/en\/wp-json\/wp\/v2\/product_brand?post=6144"},{"taxonomy":"product_cat","embeddable":true,"href":"https:\/\/mps-studio.de\/en\/wp-json\/wp\/v2\/product_cat?post=6144"},{"taxonomy":"product_tag","embeddable":true,"href":"https:\/\/mps-studio.de\/en\/wp-json\/wp\/v2\/product_tag?post=6144"}],"curies":[{"name":"wp","href":"https:\/\/api.w.org\/{rel}","templated":true}]}}